{"id":1612,"date":"2022-09-13T19:18:16","date_gmt":"2022-09-13T11:18:16","guid":{"rendered":"https:\/\/www.autofoodpack.com\/?post_type=product&#038;p=1612"},"modified":"2022-09-15T17:52:48","modified_gmt":"2022-09-15T09:52:48","slug":"granule-packaging-machine-nut-peanut-puffed-food-white-granulated-sugar-automatic-filling-vertical-packaging-machine-1800-4800bags-hour-1","status":"publish","type":"product","link":"https:\/\/www.autofoodpack.com\/de\/product\/granule-packaging-machine-nut-peanut-puffed-food-white-granulated-sugar-automatic-filling-vertical-packaging-machine-1800-4800bags-hour-1\/","title":{"rendered":"Granulatverpackungsmaschine f\u00fcr N\u00fcsse, Erdn\u00fcsse, Puffreis, wei\u00dfen Kristallzucker, automatische vertikale Verpackungsmaschine, 1800-4800 Beutel\/Stunde"},"content":{"rendered":"<figure class=\"wp-block-embed is-type-video is-provider-youtube wp-block-embed-youtube wp-embed-aspect-16-9 wp-has-aspect-ratio\"><div class=\"wp-block-embed__wrapper\">\n<iframe loading=\"lazy\" title=\"Automatische vertikale Maschine f\u00fcr kleine Beutel, Snack, Cashew, Nuss, Erdnuss, Granulatverpackungsmaschine\" width=\"1290\" height=\"726\" src=\"https:\/\/www.youtube.com\/embed\/puBBhqKCMtc?feature=oembed\" frameborder=\"0\" allow=\"accelerometer; autoplay; clipboard-write; encrypted-media; gyroscope; picture-in-picture\" allowfullscreen><\/iframe>\n<\/div><\/figure>\n\n\n\n<h3 class=\"wp-block-heading\"><span style=\"color: var(--paletteColor8, #ffffff);background-color: #f34957\" class=\"stk-highlight\">Maschineneinf\u00fchrung<\/span><\/h3>\n\n\n\n<p>Die Mingkai MKV-CHG320 Granulatverpackungsmaschine eignet sich f\u00fcr die granulare und kleinteilige Verpackung in der Lebensmittel-, Chemie- und anderen Industrien.<br>Beispielsweise: gepuffte Granulate, Erdn\u00fcsse, Popcorn, Melonensamen, Reis, Pfeffer, Zucker, Salz, Kekse usw.<br>Je nach Kundenwunsch k\u00f6nnen die Beutelarten ge\u00e4ndert werden: R\u00fcckseitensiegelung, Dreiseitensiegelung, Vierseitensiegelung.<\/p>\n\n\n\n<figure class=\"wp-block-image size-full\"><img loading=\"lazy\" decoding=\"async\" width=\"750\" height=\"600\" src=\"https:\/\/www.autofoodpack.com\/wp-content\/uploads\/2022\/09\/\u4ea7\u54c1\u4ecb\u7ecd.jpg\" alt=\"\" class=\"wp-image-1613\" srcset=\"https:\/\/www.autofoodpack.com\/wp-content\/uploads\/2022\/09\/\u4ea7\u54c1\u4ecb\u7ecd.jpg 750w, https:\/\/www.autofoodpack.com\/wp-content\/uploads\/2022\/09\/\u4ea7\u54c1\u4ecb\u7ecd-300x240.jpg 300w, https:\/\/www.autofoodpack.com\/wp-content\/uploads\/2022\/09\/\u4ea7\u54c1\u4ecb\u7ecd-600x480.jpg 600w\" sizes=\"auto, (max-width: 750px) 100vw, 750px\" \/><\/figure>\n\n\n\n<figure class=\"wp-block-image size-full\"><img loading=\"lazy\" decoding=\"async\" width=\"742\" height=\"494\" src=\"https:\/\/www.autofoodpack.com\/wp-content\/uploads\/2022\/09\/\u53ef\u7528\u6750\u6599-1.jpg\" alt=\"\" class=\"wp-image-1633\" srcset=\"https:\/\/www.autofoodpack.com\/wp-content\/uploads\/2022\/09\/\u53ef\u7528\u6750\u6599-1.jpg 742w, https:\/\/www.autofoodpack.com\/wp-content\/uploads\/2022\/09\/\u53ef\u7528\u6750\u6599-1-300x200.jpg 300w, https:\/\/www.autofoodpack.com\/wp-content\/uploads\/2022\/09\/\u53ef\u7528\u6750\u6599-1-600x399.jpg 600w\" sizes=\"auto, (max-width: 742px) 100vw, 742px\" \/><\/figure>\n\n\n\n<h3 class=\"wp-block-heading\"><span style=\"color: var(--paletteColor8, #ffffff);background-color: #f34957\" class=\"stk-highlight\">Maschinenparameter<\/span><\/h3>\n\n\n\n<figure class=\"wp-block-table\"><table><tbody><tr><td><strong>Dosierung<\/strong><\/td><td>Messbecher<\/td><\/tr><tr><td><strong>Beutelform<\/strong><\/td><td>R\u00fcckseitensiegelung \/ 3-seitige Siegelung \/ 4-seitige Siegelung<\/td><\/tr><tr><td><strong>Verpackungsgeschwindigkeit<\/strong><\/td><td>10-120 Beutel\/Min.<\/td><\/tr><tr><td><strong>Rollenbreite<\/strong><\/td><td>Max. 320 mm<\/td><\/tr><tr><td><strong>Beutell\u00e4nge<\/strong><\/td><td>50-200mm<\/td><\/tr><tr><td><strong>Beutelbreite<\/strong><\/td><td>25-140mm<\/td><\/tr><tr><td><strong>Maschinengr\u00f6\u00dfe<\/strong><\/td><td>L) 1270<em>B) 690<\/em>H) 1670 mm<\/td><\/tr><tr><td><strong>Maschinengewicht<\/strong><\/td><td>\u2248 200 kg<\/td><\/tr><tr><td><strong>Leistung<\/strong><\/td><td>220 V, 50\/60 Hz, 2,5 kW<\/td><\/tr><tr><td><strong>Optionale Vorrichtung<\/strong><\/td><td>Luftf\u00fcllvorrichtung, Stanzvorrichtung, Datumdrucker<\/td><\/tr><\/tbody><\/table><\/figure>\n\n\n\n<h3 class=\"wp-block-heading\"><span style=\"color: var(--paletteColor8, #ffffff);background-color: #f34957\" class=\"stk-highlight\">Maschinenmerkmal<\/span><\/h3>\n\n\n\n<p>1. Der Bereich, in dem das Material mit Edelstahl in Kontakt kommt, ist als Maschinengeh\u00e4use optional f\u00fcr vollst\u00e4ndigen oder teilweisen Edelstahl erh\u00e4ltlich, und alle unsere Anlagen entsprechen dem CE-Standard.<br>2. Hochempfindliche photoelektrische Farbverfolgung und digitale Eingabe der Schnittposition sorgen f\u00fcr mehr Genauigkeit.<br>3. Eingebettete Versiegelung, eine verbesserte Struktur der Hei\u00dfsiegelung, ein intelligenter Temperaturregler und ein hervorragender W\u00e4rmeausgleich erm\u00f6glichen die Verwendung verschiedenster Verpackungsmaterialien mit guter Leistung, geringem Ger\u00e4uschpegel, klarem Schnittmuster und starker Versiegelbarkeit.<br>4. Verpackungsgeschwindigkeit und Beutell\u00e4nge k\u00f6nnen bis zu einem gewissen Grad ohne weitere Anpassungen oder den Austausch von Teilen eingestellt werden.<\/p>\n\n\n\n<h3 class=\"wp-block-heading\"><span style=\"color: var(--paletteColor8, #ffffff);background-color: #f34957\" class=\"stk-highlight\">Maschinendetails<\/span><\/h3>\n\n\n\n<h5 class=\"wp-block-heading\">Maschinensteuerungszentrum<\/h5>\n\n\n\n<p>Maschinenschnittstelle. Einfach zu steuern und anzupassen.<br>Die Sprache wird nach kundenspezifischen Anforderungen angepasst.<br>Unabh\u00e4ngige Temperaturregelvorrichtung f\u00fcr jeden Teil der Maschine, einfach einzustellen.<\/p>\n\n\n\n<figure class=\"wp-block-image size-full\"><img loading=\"lazy\" decoding=\"async\" width=\"750\" height=\"600\" src=\"https:\/\/www.autofoodpack.com\/wp-content\/uploads\/2022\/09\/\u673a\u5668\u7ec6\u8282\u63cf\u8ff0-1.jpg\" alt=\"\" class=\"wp-image-1618\" srcset=\"https:\/\/www.autofoodpack.com\/wp-content\/uploads\/2022\/09\/\u673a\u5668\u7ec6\u8282\u63cf\u8ff0-1.jpg 750w, https:\/\/www.autofoodpack.com\/wp-content\/uploads\/2022\/09\/\u673a\u5668\u7ec6\u8282\u63cf\u8ff0-1-300x240.jpg 300w, https:\/\/www.autofoodpack.com\/wp-content\/uploads\/2022\/09\/\u673a\u5668\u7ec6\u8282\u63cf\u8ff0-1-600x480.jpg 600w\" sizes=\"auto, (max-width: 750px) 100vw, 750px\" \/><\/figure>\n\n\n\n<h5 class=\"wp-block-heading\">Messbecher-Vorrichtung<\/h5>\n\n\n\n<p>Verwendet eine Messbecher-F\u00fcllvorrichtung. Kann vielseitig f\u00fcr Granulate eingesetzt werden. Das F\u00fcllgewicht und die F\u00fcllgeschwindigkeit der Pellets werden durch den Austausch des Messbechersatzes eingestellt.<br>Die Genauigkeit kann \u00b11% erreichen.<\/p>\n\n\n\n<figure class=\"wp-block-image size-full\"><img loading=\"lazy\" decoding=\"async\" width=\"750\" height=\"600\" src=\"https:\/\/www.autofoodpack.com\/wp-content\/uploads\/2022\/09\/\u673a\u5668\u7ec6\u8282\u63cf\u8ff0-2.jpg\" alt=\"\" class=\"wp-image-1619\" srcset=\"https:\/\/www.autofoodpack.com\/wp-content\/uploads\/2022\/09\/\u673a\u5668\u7ec6\u8282\u63cf\u8ff0-2.jpg 750w, https:\/\/www.autofoodpack.com\/wp-content\/uploads\/2022\/09\/\u673a\u5668\u7ec6\u8282\u63cf\u8ff0-2-300x240.jpg 300w, https:\/\/www.autofoodpack.com\/wp-content\/uploads\/2022\/09\/\u673a\u5668\u7ec6\u8282\u63cf\u8ff0-2-600x480.jpg 600w\" sizes=\"auto, (max-width: 750px) 100vw, 750px\" \/><\/figure>\n\n\n\n<h5 class=\"wp-block-heading\">Beutelformvorrichtung<\/h5>\n\n\n\n<p>Kundenspezifischer Beutelformer entsprechend der vom Produkt ben\u00f6tigten Verpackungsgr\u00f6\u00dfe. Wenn Sie eine andere Beutelbreite ben\u00f6tigen, m\u00fcssen Sie diese lediglich austauschen; die Bedienung ist einfach.<\/p>\n\n\n\n<figure class=\"wp-block-image size-full\"><img loading=\"lazy\" decoding=\"async\" width=\"750\" height=\"600\" src=\"https:\/\/www.autofoodpack.com\/wp-content\/uploads\/2022\/09\/\u673a\u5668\u7ec6\u8282\u63cf\u8ff0-3.jpg\" alt=\"\" class=\"wp-image-1620\" srcset=\"https:\/\/www.autofoodpack.com\/wp-content\/uploads\/2022\/09\/\u673a\u5668\u7ec6\u8282\u63cf\u8ff0-3.jpg 750w, https:\/\/www.autofoodpack.com\/wp-content\/uploads\/2022\/09\/\u673a\u5668\u7ec6\u8282\u63cf\u8ff0-3-300x240.jpg 300w, https:\/\/www.autofoodpack.com\/wp-content\/uploads\/2022\/09\/\u673a\u5668\u7ec6\u8282\u63cf\u8ff0-3-600x480.jpg 600w\" sizes=\"auto, (max-width: 750px) 100vw, 750px\" \/><\/figure>\n\n\n\n<h5 class=\"wp-block-heading\">Mittel-Ende-Hei\u00dfsiegelvorrichtung<\/h5>\n\n\n\n<p>Durch die unabh\u00e4ngige Steuerung der Temperaturregelung kann bei der Verwendung verschiedener Verpackungsmaterialien die Einstellung entsprechend deren Schmelzpunkt angepasst werden, um eine gute Versiegelung des Beutels zu gew\u00e4hrleisten.<\/p>\n\n\n\n<figure class=\"wp-block-image size-full\"><img loading=\"lazy\" decoding=\"async\" width=\"750\" height=\"600\" src=\"https:\/\/www.autofoodpack.com\/wp-content\/uploads\/2022\/09\/\u673a\u5668\u7ec6\u8282\u63cf\u8ff0-4.jpg\" alt=\"\" class=\"wp-image-1621\" srcset=\"https:\/\/www.autofoodpack.com\/wp-content\/uploads\/2022\/09\/\u673a\u5668\u7ec6\u8282\u63cf\u8ff0-4.jpg 750w, https:\/\/www.autofoodpack.com\/wp-content\/uploads\/2022\/09\/\u673a\u5668\u7ec6\u8282\u63cf\u8ff0-4-300x240.jpg 300w, https:\/\/www.autofoodpack.com\/wp-content\/uploads\/2022\/09\/\u673a\u5668\u7ec6\u8282\u63cf\u8ff0-4-600x480.jpg 600w\" sizes=\"auto, (max-width: 750px) 100vw, 750px\" \/><\/figure>\n\n\n\n<h5 class=\"wp-block-heading\">Endsiegel-Beutelschneidevorrichtung<\/h5>\n\n\n\n<p>Die Einheit verf\u00fcgt zudem \u00fcber eine unabh\u00e4ngige Temperaturregeleinheit f\u00fcr eine einfache Steuerung.<br>Die Schneideeinheit kann ausgetauscht werden, um je nach Bedarf verschiedene Schnittarten zu realisieren.<br>Lochstanzvorrichtungen sind ebenfalls erh\u00e4ltlich, um Ihrem Produkt Vielfalt zu verleihen.<\/p>\n\n\n\n<h3 class=\"wp-block-heading\"><span style=\"color: var(--paletteColor8, #ffffff);background-color: #f34957\" class=\"stk-highlight\">Warum uns w\u00e4hlen<\/span><\/h3>\n\n\n\n<figure class=\"wp-block-image size-full\"><img loading=\"lazy\" decoding=\"async\" width=\"750\" height=\"490\" src=\"https:\/\/www.autofoodpack.com\/wp-content\/uploads\/2022\/09\/\u516c\u53f8\u4ecb\u7ecd-1.jpg\" alt=\"\" class=\"wp-image-1636\" srcset=\"https:\/\/www.autofoodpack.com\/wp-content\/uploads\/2022\/09\/\u516c\u53f8\u4ecb\u7ecd-1.jpg 750w, https:\/\/www.autofoodpack.com\/wp-content\/uploads\/2022\/09\/\u516c\u53f8\u4ecb\u7ecd-1-300x196.jpg 300w, https:\/\/www.autofoodpack.com\/wp-content\/uploads\/2022\/09\/\u516c\u53f8\u4ecb\u7ecd-1-600x392.jpg 600w\" sizes=\"auto, (max-width: 750px) 100vw, 750px\" \/><\/figure>\n\n\n\n<h5 class=\"wp-block-heading\">Unternehmensprofil<\/h5>\n\n\n\n<p>Mingkai ist ein f\u00fchrender Hersteller von Verpackungsmaschinen und unterst\u00fctzender Ausr\u00fcstung, der erfolgreich mehr als 80 Arten von Verpackungsmaschinen entwickelt hat. Mingkai-Verpackungsmaschinen werden weltweit in verschiedenen Bereichen eingesetzt, z. B. in der Lebensmittel- und Industrieproduktion, der Pharmaindustrie, f\u00fcr Hotelbedarf, Einwegartikel, Gummiwaren, Haushaltsger\u00e4te, Eisenwaren, Sportartikel, Spielzeug usw.<\/p>\n\n\n\n<figure class=\"wp-block-image size-full\"><img loading=\"lazy\" decoding=\"async\" width=\"750\" height=\"979\" src=\"https:\/\/www.autofoodpack.com\/wp-content\/uploads\/2022\/09\/\u516c\u53f8\u7b80\u4ecb.jpg\" alt=\"\" class=\"wp-image-1615\" srcset=\"https:\/\/www.autofoodpack.com\/wp-content\/uploads\/2022\/09\/\u516c\u53f8\u7b80\u4ecb.jpg 750w, https:\/\/www.autofoodpack.com\/wp-content\/uploads\/2022\/09\/\u516c\u53f8\u7b80\u4ecb-300x392.jpg 300w, https:\/\/www.autofoodpack.com\/wp-content\/uploads\/2022\/09\/\u516c\u53f8\u7b80\u4ecb-600x783.jpg 600w\" sizes=\"auto, (max-width: 750px) 100vw, 750px\" \/><\/figure>\n\n\n\n<figure class=\"wp-block-image size-full\"><img loading=\"lazy\" decoding=\"async\" width=\"750\" height=\"325\" src=\"https:\/\/www.autofoodpack.com\/wp-content\/uploads\/2022\/09\/\u8bc1\u4e66.jpg\" alt=\"\" class=\"wp-image-1634\" srcset=\"https:\/\/www.autofoodpack.com\/wp-content\/uploads\/2022\/09\/\u8bc1\u4e66.jpg 750w, https:\/\/www.autofoodpack.com\/wp-content\/uploads\/2022\/09\/\u8bc1\u4e66-300x130.jpg 300w, https:\/\/www.autofoodpack.com\/wp-content\/uploads\/2022\/09\/\u8bc1\u4e66-600x260.jpg 600w\" sizes=\"auto, (max-width: 750px) 100vw, 750px\" \/><\/figure>\n\n\n\n<h5 class=\"wp-block-heading\">Professionelles und starkes Team<\/h5>\n\n\n\n<p>Mingkai verf\u00fcgt \u00fcber ein professionelles Team, das den Kunden verschiedene Verpackungsl\u00f6sungen anbieten kann. Nach vollst\u00e4ndigem Verst\u00e4ndnis der Kundenbed\u00fcrfnisse bieten wir dem Kunden die am besten geeignete Verpackungsl\u00f6sung an.<br>Dann beginnt die Produktion der Maschine. Wir verf\u00fcgen \u00fcber eine starke Produktions- und Verarbeitungskapazit\u00e4t, von der kundenspezifischen Verarbeitung von Zubeh\u00f6r bis zur Montage und Fehlersuche<br>der Maschine. Schlie\u00dflich wird sie verpackt und versandt, und die Fertigstellung dauert nur eine Woche.<\/p>\n\n\n\n<figure class=\"wp-block-image size-full\"><img loading=\"lazy\" decoding=\"async\" width=\"750\" height=\"621\" src=\"https:\/\/www.autofoodpack.com\/wp-content\/uploads\/2022\/09\/\u4e13\u4e1a\u548c\u5f3a\u5927\u7684\u56e2\u961f.jpg\" alt=\"\" class=\"wp-image-1623\" srcset=\"https:\/\/www.autofoodpack.com\/wp-content\/uploads\/2022\/09\/\u4e13\u4e1a\u548c\u5f3a\u5927\u7684\u56e2\u961f.jpg 750w, https:\/\/www.autofoodpack.com\/wp-content\/uploads\/2022\/09\/\u4e13\u4e1a\u548c\u5f3a\u5927\u7684\u56e2\u961f-300x248.jpg 300w, https:\/\/www.autofoodpack.com\/wp-content\/uploads\/2022\/09\/\u4e13\u4e1a\u548c\u5f3a\u5927\u7684\u56e2\u961f-600x497.jpg 600w\" sizes=\"auto, (max-width: 750px) 100vw, 750px\" \/><\/figure>\n\n\n\n<h5 class=\"wp-block-heading\">Rechtzeitiger und effektiver After-Sales-Service<\/h5>\n\n\n\n<p>Uns zu w\u00e4hlen bedeutet nicht nur, eine Maschine zu kaufen, sondern auch unseren professionellen und zeitnahen Service.<\/p>\n\n\n\n<ol class=\"wp-block-list\"><li>Bei Lieferung der Maschine legen wir ein Video f\u00fcr die Installation und Bedienung bei, damit Sie die Maschine schnell nutzen k\u00f6nnen.<\/li><li>Einige unserer Maschinen haben eine einj\u00e4hrige Garantie, und wir ersetzen sie bei Ausfall.<\/li><li>Wenn Ihre Maschine ausf\u00e4llt, stehen Ihnen professionelle Ingenieure f\u00fcr einen professionellen Online-After-Sales-Service zur Verf\u00fcgung, um Ihnen bei der L\u00f6sung des Problems zu helfen.<\/li><li>Wenn das Problem nicht online gel\u00f6st werden kann, werden wir innerhalb einer Woche einen Ingenieur f\u00fcr die Reparatur vor Ort beauftragen.<\/li><\/ol>\n\n\n\n<h5 class=\"wp-block-heading\">Kundenfeedback<\/h5>\n\n\n\n<p>Wir verf\u00fcgen \u00fcber 10 Jahre Erfahrung im Au\u00dfenhandel und Export, und unsere Kunden verteilen sich heute auf 90 L\u00e4nder auf der ganzen Welt.<br>Mit unseren hochwertigen Maschinen und professionellen Dienstleistungen haben wir einstimmiges Lob von unseren Kunden erhalten.<\/p>\n\n\n\n<h3 class=\"wp-block-heading\"><span style=\"color: var(--paletteColor8, #ffffff);background-color: #f34957\" class=\"stk-highlight\">FAQ<\/span><\/h3>\n\n\n\n<p><strong><span style=\"color: #222222;background-color: var(--paletteColor5, #eaeaec)\" class=\"stk-highlight\">Frage 1: Haben Sie eine Bedienungsanleitung oder ein Betriebsvideo, damit wir mehr \u00fcber die Maschine erfahren k\u00f6nnen?<\/span><\/strong><br>Ja, nicht nur eine Bedienungsanleitung oder ein Betriebsvideo, auch 3D-Zeichnungen sind verf\u00fcgbar, die nach Ihrem Entwurf erstellt werden k\u00f6nnen. Au\u00dferdem k\u00f6nnen wir Videos vom Testen des Materials mit unserer Verpackungsmaschine erstellen, wenn Ihre Verpackungsg\u00fcter f\u00fcr uns auf dem lokalen Markt leichter zu finden sind.<br><strong><span style=\"color: #222222;background-color: var(--paletteColor5, #eaeaec)\" class=\"stk-highlight\">Frage 2: Wie kann ich Ihnen beim ersten Mal vertrauen?<\/span><\/strong><br>Bitte beachten Sie unsere oben genannten Gesch\u00e4ftslizenzen und Zertifikate. Wenn Sie uns nicht vertrauen, k\u00f6nnen Sie unser Unternehmen besuchen, um unsere Unternehmenskultur usw. zu verstehen, um die rechtzeitige Lieferung und Qualit\u00e4t Ihrer Maschinen sicherzustellen.<br><strong><span style=\"color: #222222;background-color: var(--paletteColor5, #eaeaec)\" class=\"stk-highlight\">Frage 3: Wie w\u00e4hlt man eine Maschine aus?<\/span><\/strong><br>Kontaktieren Sie Kathy unter +86 13715725813, E-Mail: Kathy@autofoodpack.com Ja, wir bieten Produkttyp (Granulat, Fl\u00fcssigkeit, Pulver), Produktgr\u00f6\u00dfe, Beutelform (Rollfilm, vorgefertigter Beutel), Produktgewicht (5g-5kg) an und empfehlen Ihnen das Modell.<br><strong><span style=\"color: #222222;background-color: var(--paletteColor5, #eaeaec)\" class=\"stk-highlight\">Frage 4: Wie k\u00f6nnen wir uns von der Maschinenqualit\u00e4t \u00fcberzeugen, nachdem wir die Bestellung aufgegeben haben?<\/span><\/strong><br>Vor der Lieferung senden wir Ihnen die Bilder und Videos zur Qualit\u00e4tspr\u00fcfung, und Sie k\u00f6nnen auch selbst oder durch Ihre Kontakte in China eine Qualit\u00e4tspr\u00fcfung veranlassen.<br><strong><span style=\"color: #222222;background-color: var(--paletteColor5, #eaeaec)\" class=\"stk-highlight\">Frage 5: K\u00f6nnen Sie uns bei der Analyse und Konstruktion der Maschine helfen, wenn wir Muster von neuen Produkten haben?<\/span><\/strong><br>Ja, unsere technische Abteilung kann Ihnen bei der Analyse, Konstruktion und Pr\u00fcfung der von Ihnen bereitgestellten neuen Produkte helfen.<\/p>\n\n\n\n<p><\/p>","protected":false},"excerpt":{"rendered":"<ol>\n<li>Edelstahl 304 (lebensmittelechtes Teil)<\/li>\n<li>G\u00fcnstiger Preis, arbeitssparend<\/li>\n<li>Kontinuierliche 24-Stunden-Produktion<\/li>\n<li>Fotoelektrische Augenverfolgung, pr\u00e4zisere Verpackung<\/li>\n<li>Verpackungseffekt mit abgerundeten Ecken<\/li>\n<li>Intelligente Abschirmungssteuerung, chinesisches und englisches Betriebssystem<\/li>\n<\/ol>","protected":false},"featured_media":1386,"comment_status":"open","ping_status":"closed","template":"","meta":[],"product_cat":[27],"product_tag":[183],"class_list":["post-1612","product","type-product","status-publish","has-post-thumbnail","hentry","product_cat-granular-packing-machine","product_tag-granule-packing-mahchine"],"featured_image_urls":{"full":["https:\/\/www.autofoodpack.com\/wp-content\/uploads\/2022\/08\/1-3.jpg",800,800,false],"thumbnail":["https:\/\/www.autofoodpack.com\/wp-content\/uploads\/2022\/08\/1-3.jpg",96,96,false],"medium":["https:\/\/www.autofoodpack.com\/wp-content\/uploads\/2022\/08\/1-3.jpg",800,800,false],"medium_large":["https:\/\/www.autofoodpack.com\/wp-content\/uploads\/2022\/08\/1-3-768x768.jpg",768,768,true],"large":["https:\/\/www.autofoodpack.com\/wp-content\/uploads\/2022\/08\/1-3.jpg",800,800,false],"1536x1536":["https:\/\/www.autofoodpack.com\/wp-content\/uploads\/2022\/08\/1-3.jpg",800,800,false],"2048x2048":["https:\/\/www.autofoodpack.com\/wp-content\/uploads\/2022\/08\/1-3.jpg",800,800,false],"trp-custom-language-flag":["https:\/\/www.autofoodpack.com\/wp-content\/uploads\/2022\/08\/1-3.jpg",12,12,false],"woocommerce_thumbnail":["https:\/\/www.autofoodpack.com\/wp-content\/uploads\/2022\/08\/1-3-300x300.jpg",300,300,true],"woocommerce_single":["https:\/\/www.autofoodpack.com\/wp-content\/uploads\/2022\/08\/1-3-600x600.jpg",600,600,true],"woocommerce_gallery_thumbnail":["https:\/\/www.autofoodpack.com\/wp-content\/uploads\/2022\/08\/1-3-100x100.jpg",100,100,true],"shop_catalog":["https:\/\/www.autofoodpack.com\/wp-content\/uploads\/2022\/08\/1-3-300x300.jpg",300,300,true],"shop_single":["https:\/\/www.autofoodpack.com\/wp-content\/uploads\/2022\/08\/1-3-600x600.jpg",600,600,true],"shop_thumbnail":["https:\/\/www.autofoodpack.com\/wp-content\/uploads\/2022\/08\/1-3-100x100.jpg",100,100,true]},"post_excerpt_stackable":"<ol>\n<li>304 stainless steel (part in contact with food)<\/li>\n<li>Low price, labor saving<\/li>\n<li>Continuous 24-hour production<\/li>\n<li>Photoelectric eye tracking, more accurate packaging<\/li>\n<li>Round corner packaging effect<\/li>\n<li>Intelligent shielding control, Chinese and English operating system<\/li>\n<\/ol>\n","category_list":"","author_info":{"name":"","url":""},"comments_num":"0 comments","_links":{"self":[{"href":"https:\/\/www.autofoodpack.com\/de\/wp-json\/wp\/v2\/product\/1612","targetHints":{"allow":["GET"]}}],"collection":[{"href":"https:\/\/www.autofoodpack.com\/de\/wp-json\/wp\/v2\/product"}],"about":[{"href":"https:\/\/www.autofoodpack.com\/de\/wp-json\/wp\/v2\/types\/product"}],"replies":[{"embeddable":true,"href":"https:\/\/www.autofoodpack.com\/de\/wp-json\/wp\/v2\/comments?post=1612"}],"wp:featuredmedia":[{"embeddable":true,"href":"https:\/\/www.autofoodpack.com\/de\/wp-json\/wp\/v2\/media\/1386"}],"wp:attachment":[{"href":"https:\/\/www.autofoodpack.com\/de\/wp-json\/wp\/v2\/media?parent=1612"}],"wp:term":[{"taxonomy":"product_cat","embeddable":true,"href":"https:\/\/www.autofoodpack.com\/de\/wp-json\/wp\/v2\/product_cat?post=1612"},{"taxonomy":"product_tag","embeddable":true,"href":"https:\/\/www.autofoodpack.com\/de\/wp-json\/wp\/v2\/product_tag?post=1612"}],"curies":[{"name":"WP","href":"https:\/\/api.w.org\/{rel}","templated":true}]}}