{"id":1660,"date":"2022-10-12T14:17:01","date_gmt":"2022-10-12T06:17:01","guid":{"rendered":"https:\/\/www.autofoodpack.com\/?post_type=product&#038;p=1660"},"modified":"2022-10-12T14:40:27","modified_gmt":"2022-10-12T06:40:27","slug":"powder-zipper-pouch-packaging-machines-ziplock-bag-stand-up-emballage-pepper-spices-filling-sealing-doypack-packing-machine%ef%bf%bc","status":"publish","type":"product","link":"https:\/\/www.autofoodpack.com\/de\/product\/powder-zipper-pouch-packaging-machines-ziplock-bag-stand-up-emballage-pepper-spices-filling-sealing-doypack-packing-machine%ef%bf%bc\/","title":{"rendered":"Pulver-Rei\u00dfverschlusstaschen-Verpackungsmaschinen Ziplock-Beutel Stand-up-Verpackung Pfeffer-Gew\u00fcrze Abf\u00fcll- und Versiegelungs-Doypack-Verpackungsmaschine\ufffc"},"content":{"rendered":"<h3 class=\"wp-block-heading\"><span style=\"color: var(--paletteColor8, #ffffff);background-color: #f34957\" class=\"stk-highlight\">Maschineneinf\u00fchrung<\/span><\/h3>\n\n\n\n<p>Die Mingkai MKV-8-230B eignet sich f\u00fcr automatische Verpackungsmaschinen f\u00fcr pulverf\u00f6rmige Materialien sowie f\u00fcr Verpackungsmaschinen mit diversifizierten Beutelformen.<br>Geeignete Beutel:Standbeutel, Beutel mit Rei\u00dfverschluss, Formbeutel, Vierseitenversiegelungsbeutel, Dreiseitenversiegelungsbeutel, M-Beutel, Achtseitenversiegelungsbeutel usw.<\/p>\n\n\n\n<h5 class=\"wp-block-heading\">Konfiguration des Partikelverpackungstyps<\/h5>\n\n\n\n<p>Pulver: W\u00fcrzpulver, Milchpulver, Traubenzuckerpulver, Kaffeepulver, chemische W\u00fcrzmittel, Pestizide und chemische D\u00fcngemittel;<\/p>\n\n\n\n<figure class=\"wp-block-image size-full\"><img loading=\"lazy\" decoding=\"async\" width=\"750\" height=\"654\" src=\"https:\/\/www.autofoodpack.com\/wp-content\/uploads\/2022\/09\/\u4ea7\u54c1_02.jpg\" alt=\"\" class=\"wp-image-1644\" srcset=\"https:\/\/www.autofoodpack.com\/wp-content\/uploads\/2022\/09\/\u4ea7\u54c1_02.jpg 750w, https:\/\/www.autofoodpack.com\/wp-content\/uploads\/2022\/09\/\u4ea7\u54c1_02-300x262.jpg 300w, https:\/\/www.autofoodpack.com\/wp-content\/uploads\/2022\/09\/\u4ea7\u54c1_02-600x523.jpg 600w\" sizes=\"auto, (max-width: 750px) 100vw, 750px\" \/><\/figure>\n\n\n\n<h3 class=\"wp-block-heading\"><span style=\"color: var(--paletteColor8, #ffffff);background-color: #f34957\" class=\"stk-highlight\">Maschinenparameter<\/span><\/h3>\n\n\n\n<figure class=\"wp-block-table\"><table><tbody><tr><td><strong>Modell-Nr.<\/strong><\/td><td>MK-8-230B\/300B\/380B<\/td><\/tr><tr><td><strong>Beutelform<\/strong><\/td><td>Standbeutel, Beutel mit Rei\u00dfverschluss, Formbeutel, Vierseitenversiegelungsbeutel, Dreiseitenversiegelungsbeutel, M-Beutel, Achtseitenversiegelungsbeutel usw.<\/td><\/tr><tr><td><strong>Verpackungsgeschwindigkeit<\/strong><\/td><td>20-60 Beutel\/Min.<\/td><\/tr><tr><td><strong>Beutell\u00e4nge<\/strong><\/td><td>100-350mm<\/td><\/tr><tr><td><strong>Beutelbreite<\/strong><\/td><td>80-350mm<\/td><\/tr><tr><td><strong>Maschinengr\u00f6\u00dfe<\/strong><\/td><td>L) 3400<em>B) 2820<\/em>H) 2500 mm<\/td><\/tr><tr><td><strong>Leistung<\/strong><\/td><td>Dreiphasen 380V 50\/60Hz, 2,3-7,5KW<\/td><\/tr><tr><td><strong>Maschinengewicht<\/strong><\/td><td>\u2248 1800 kg<\/td><\/tr><tr><td><strong>Geeignet f\u00fcr<\/strong><\/td><td>Pulver<\/td><\/tr><tr><td><strong>Acht-Stationen-Arbeitsablauf<\/strong><\/td><td>1.Beutelentnahme <br>2.Codierung <br>3.Beutel\u00f6ffnung <br>4.Bef\u00fcllung A<br>5.Bef\u00fcllung B <br>6.Hei\u00dfsiegelung A <br>7.Hei\u00dfsiegelung B <br>8.Formung und Ausgabe <\/td><\/tr><\/tbody><\/table><\/figure>\n\n\n\n<figure class=\"wp-block-image size-full\"><img loading=\"lazy\" decoding=\"async\" width=\"750\" height=\"398\" src=\"https:\/\/www.autofoodpack.com\/wp-content\/uploads\/2022\/09\/8\u5de5\u4f4d.jpg\" alt=\"\" class=\"wp-image-1642\" srcset=\"https:\/\/www.autofoodpack.com\/wp-content\/uploads\/2022\/09\/8\u5de5\u4f4d.jpg 750w, https:\/\/www.autofoodpack.com\/wp-content\/uploads\/2022\/09\/8\u5de5\u4f4d-300x159.jpg 300w, https:\/\/www.autofoodpack.com\/wp-content\/uploads\/2022\/09\/8\u5de5\u4f4d-600x318.jpg 600w\" sizes=\"auto, (max-width: 750px) 100vw, 750px\" \/><\/figure>\n\n\n\n<h3 class=\"wp-block-heading\"><span style=\"color: var(--paletteColor8, #ffffff);background-color: #f34957\" class=\"stk-highlight\">Maschinenmerkmal<\/span><\/h3>\n\n\n\n<p>1. Eine Person kann eine Maschine bedienen und spart so viel Lohnkosten.<br>2.Der Teil, wo das Material Kontakt hat, ist Edelstahl, w\u00e4hrend der Maschinenk\u00f6rper optional in Voll- oder Teiledelstahl ausgef\u00fchrt werden kann und alle Ausr\u00fcstungen die CE-Norm bestanden haben.<br>3.Hochempfindliche Fotozellen-Farberkennung und digitale Eingabe der Schnittposition f\u00fcr h\u00f6here Genauigkeit.<br>4.F\u00fcr stabile Leistung: Dual-Inverter-Controller, aufr\u00fcstbares SPS-System, Selbstdiagnose bei Fehlern, Doppel-Encoder.<br>5.F\u00fcr einfache Bedienung: Touchscreen-Monitor, unabh\u00e4ngiger PID-Temperaturregler,<br>6.F\u00fcr Anpassungsf\u00e4higkeit: Ein Satz Maschinen kann \u00fcber optionale Ger\u00e4te wie Luftf\u00fcllvorrichtung, Zuf\u00fchrlinie usw. f\u00fcr verschiedene Produktarten verwendet werden.<\/p>\n\n\n\n<h3 class=\"wp-block-heading\"><span style=\"color: var(--paletteColor8, #ffffff);background-color: #f34957\" class=\"stk-highlight\">Maschinendetails<\/span><\/h3>\n\n\n\n<h5 class=\"wp-block-heading\">Simns Plc Steuerungssystem<\/h5>\n\n\n\n<p>Maschinenschnittstelle. Einfach zu steuern und anzupassen.<br>Die Sprache wird nach kundenspezifischen Anforderungen angepasst.<br>Intelligentes Steuerungssystem: Alle Klemmen k\u00f6nnen \u00fcber das SPS-System sehr bequem in der Breite verstellt werden.<\/p>\n\n\n\n<figure class=\"wp-block-image size-full\"><img loading=\"lazy\" decoding=\"async\" width=\"750\" height=\"600\" src=\"https:\/\/www.autofoodpack.com\/wp-content\/uploads\/2022\/09\/\u673a\u5668\u7ec6\u8282\u63cf\u8ff0-1-1.jpg\" alt=\"\" class=\"wp-image-1646\" srcset=\"https:\/\/www.autofoodpack.com\/wp-content\/uploads\/2022\/09\/\u673a\u5668\u7ec6\u8282\u63cf\u8ff0-1-1.jpg 750w, https:\/\/www.autofoodpack.com\/wp-content\/uploads\/2022\/09\/\u673a\u5668\u7ec6\u8282\u63cf\u8ff0-1-1-300x240.jpg 300w, https:\/\/www.autofoodpack.com\/wp-content\/uploads\/2022\/09\/\u673a\u5668\u7ec6\u8282\u63cf\u8ff0-1-1-600x480.jpg 600w\" sizes=\"auto, (max-width: 750px) 100vw, 750px\" \/><\/figure>\n\n\n\n<h5 class=\"wp-block-heading\">Automatische automatische Einstellung der Beutelbreite per Knopfdruck<\/h5>\n\n\n\n<p>Acht Stationen werden gleichzeitig eingestellt, und der Beutelwechsel kann mit einer Taste erfolgen<\/p>\n\n\n\n<figure class=\"wp-block-image size-full\"><img loading=\"lazy\" decoding=\"async\" width=\"750\" height=\"600\" src=\"https:\/\/www.autofoodpack.com\/wp-content\/uploads\/2022\/09\/\u673a\u5668\u7ec6\u8282\u63cf\u8ff0-2-1.jpg\" alt=\"\" class=\"wp-image-1647\" srcset=\"https:\/\/www.autofoodpack.com\/wp-content\/uploads\/2022\/09\/\u673a\u5668\u7ec6\u8282\u63cf\u8ff0-2-1.jpg 750w, https:\/\/www.autofoodpack.com\/wp-content\/uploads\/2022\/09\/\u673a\u5668\u7ec6\u8282\u63cf\u8ff0-2-1-300x240.jpg 300w, https:\/\/www.autofoodpack.com\/wp-content\/uploads\/2022\/09\/\u673a\u5668\u7ec6\u8282\u63cf\u8ff0-2-1-600x480.jpg 600w\" sizes=\"auto, (max-width: 750px) 100vw, 750px\" \/><\/figure>\n\n\n\n<h5 class=\"wp-block-heading\">Zuf\u00fchrband<\/h5>\n\n\n\n<p>Gie\u00dfen Sie das Pulver in den Trichter, und die Vakuumpumpe bef\u00f6rdert das Pulver zur Schneckendosiermaschine.<\/p>\n\n\n\n<figure class=\"wp-block-image size-full\"><img loading=\"lazy\" decoding=\"async\" width=\"750\" height=\"600\" src=\"https:\/\/www.autofoodpack.com\/wp-content\/uploads\/2022\/10\/\u4e0b\u6599\u5668.jpg\" alt=\"\" class=\"wp-image-1662\" srcset=\"https:\/\/www.autofoodpack.com\/wp-content\/uploads\/2022\/10\/\u4e0b\u6599\u5668.jpg 750w, https:\/\/www.autofoodpack.com\/wp-content\/uploads\/2022\/10\/\u4e0b\u6599\u5668-300x240.jpg 300w, https:\/\/www.autofoodpack.com\/wp-content\/uploads\/2022\/10\/\u4e0b\u6599\u5668-600x480.jpg 600w\" sizes=\"auto, (max-width: 750px) 100vw, 750px\" \/><\/figure>\n\n\n\n<h5 class=\"wp-block-heading\">Schneckenf\u00f6rderer<\/h5>\n\n\n\n<p>Automatisches Messen des Pulvervolumens und Bef\u00fcllen mit hoher Pr\u00e4zision.<\/p>\n\n\n\n<figure class=\"wp-block-image size-full\"><img loading=\"lazy\" decoding=\"async\" width=\"750\" height=\"600\" src=\"https:\/\/www.autofoodpack.com\/wp-content\/uploads\/2022\/10\/\u4e0a\u6599\u5668.jpg\" alt=\"\" class=\"wp-image-1661\" srcset=\"https:\/\/www.autofoodpack.com\/wp-content\/uploads\/2022\/10\/\u4e0a\u6599\u5668.jpg 750w, https:\/\/www.autofoodpack.com\/wp-content\/uploads\/2022\/10\/\u4e0a\u6599\u5668-300x240.jpg 300w, https:\/\/www.autofoodpack.com\/wp-content\/uploads\/2022\/10\/\u4e0a\u6599\u5668-600x480.jpg 600w\" sizes=\"auto, (max-width: 750px) 100vw, 750px\" \/><\/figure>\n\n\n\n<h5 class=\"wp-block-heading\">Vollautomatische Mikrokombinationswaage<\/h5>\n\n\n\n<p>Die Geschwindigkeit ist hoch, das Gewicht ist stabil und die Fehlerrate liegt bei weniger als \u00b1 1%. (abh\u00e4ngig vom Material)<\/p>\n\n\n\n<figure class=\"wp-block-image size-full\"><img loading=\"lazy\" decoding=\"async\" width=\"750\" height=\"600\" src=\"https:\/\/www.autofoodpack.com\/wp-content\/uploads\/2022\/09\/\u673a\u5668\u7ec6\u8282\u63cf\u8ff0-3-1.jpg\" alt=\"\" class=\"wp-image-1648\" srcset=\"https:\/\/www.autofoodpack.com\/wp-content\/uploads\/2022\/09\/\u673a\u5668\u7ec6\u8282\u63cf\u8ff0-3-1.jpg 750w, https:\/\/www.autofoodpack.com\/wp-content\/uploads\/2022\/09\/\u673a\u5668\u7ec6\u8282\u63cf\u8ff0-3-1-300x240.jpg 300w, https:\/\/www.autofoodpack.com\/wp-content\/uploads\/2022\/09\/\u673a\u5668\u7ec6\u8282\u63cf\u8ff0-3-1-600x480.jpg 600w\" sizes=\"auto, (max-width: 750px) 100vw, 750px\" \/><\/figure>\n\n\n\n<h5 class=\"wp-block-heading\">Rei\u00dfverschluss\u00f6ffnungsger\u00e4t<\/h5>\n\n\n\n<p>F\u00fcr Verpackungsbeutel mit Rei\u00dfverschluss kann dieses Ger\u00e4t hinzugef\u00fcgt werden, um den Beutel intelligent zu \u00f6ffnen<\/p>\n\n\n\n<figure class=\"wp-block-image size-full\"><img loading=\"lazy\" decoding=\"async\" width=\"750\" height=\"600\" src=\"https:\/\/www.autofoodpack.com\/wp-content\/uploads\/2022\/09\/\u673a\u5668\u7ec6\u8282\u63cf\u8ff0-4-1.jpg\" alt=\"\" class=\"wp-image-1649\" srcset=\"https:\/\/www.autofoodpack.com\/wp-content\/uploads\/2022\/09\/\u673a\u5668\u7ec6\u8282\u63cf\u8ff0-4-1.jpg 750w, https:\/\/www.autofoodpack.com\/wp-content\/uploads\/2022\/09\/\u673a\u5668\u7ec6\u8282\u63cf\u8ff0-4-1-300x240.jpg 300w, https:\/\/www.autofoodpack.com\/wp-content\/uploads\/2022\/09\/\u673a\u5668\u7ec6\u8282\u63cf\u8ff0-4-1-600x480.jpg 600w\" sizes=\"auto, (max-width: 750px) 100vw, 750px\" \/><\/figure>\n\n\n\n<h5 class=\"wp-block-heading\">Einfach zu installieren und zu bedienen<\/h5>\n\n\n\n<p>Vollautomatische Kodierungs-, F\u00fcll- und Versiegelungsfunktionen.<\/p>\n\n\n\n<figure class=\"wp-block-image size-full\"><img loading=\"lazy\" decoding=\"async\" width=\"750\" height=\"600\" src=\"https:\/\/www.autofoodpack.com\/wp-content\/uploads\/2022\/09\/\u673a\u5668\u7ec6\u8282\u63cf\u8ff0-5-1.jpg\" alt=\"\" class=\"wp-image-1650\" srcset=\"https:\/\/www.autofoodpack.com\/wp-content\/uploads\/2022\/09\/\u673a\u5668\u7ec6\u8282\u63cf\u8ff0-5-1.jpg 750w, https:\/\/www.autofoodpack.com\/wp-content\/uploads\/2022\/09\/\u673a\u5668\u7ec6\u8282\u63cf\u8ff0-5-1-300x240.jpg 300w, https:\/\/www.autofoodpack.com\/wp-content\/uploads\/2022\/09\/\u673a\u5668\u7ec6\u8282\u63cf\u8ff0-5-1-600x480.jpg 600w\" sizes=\"auto, (max-width: 750px) 100vw, 750px\" \/><\/figure>\n\n\n\n<h3 class=\"wp-block-heading\"><span style=\"color: var(--paletteColor8, #ffffff);background-color: #f34957\" class=\"stk-highlight\">Warum uns w\u00e4hlen<\/span><\/h3>\n\n\n\n<figure class=\"wp-block-image size-full\"><img loading=\"lazy\" decoding=\"async\" width=\"750\" height=\"490\" src=\"https:\/\/www.autofoodpack.com\/wp-content\/uploads\/2022\/09\/\u516c\u53f8\u4ecb\u7ecd-1.jpg\" alt=\"\" class=\"wp-image-1636\" srcset=\"https:\/\/www.autofoodpack.com\/wp-content\/uploads\/2022\/09\/\u516c\u53f8\u4ecb\u7ecd-1.jpg 750w, https:\/\/www.autofoodpack.com\/wp-content\/uploads\/2022\/09\/\u516c\u53f8\u4ecb\u7ecd-1-300x196.jpg 300w, https:\/\/www.autofoodpack.com\/wp-content\/uploads\/2022\/09\/\u516c\u53f8\u4ecb\u7ecd-1-600x392.jpg 600w\" sizes=\"auto, (max-width: 750px) 100vw, 750px\" \/><\/figure>\n\n\n\n<h5 class=\"wp-block-heading\">Unternehmensprofil<\/h5>\n\n\n\n<p>Mingkai ist ein f\u00fchrender Hersteller von Verpackungsmaschinen und unterst\u00fctzender Ausr\u00fcstung, der erfolgreich mehr als 80 Arten von Verpackungsmaschinen entwickelt hat. Mingkai-Verpackungsmaschinen werden weltweit in verschiedenen Bereichen eingesetzt, z. B. in der Lebensmittel- und Industrieproduktion, der Pharmaindustrie, f\u00fcr Hotelbedarf, Einwegartikel, Gummiwaren, Haushaltsger\u00e4te, Eisenwaren, Sportartikel, Spielzeug usw.<\/p>\n\n\n\n<figure class=\"wp-block-image size-full\"><img loading=\"lazy\" decoding=\"async\" width=\"750\" height=\"979\" src=\"https:\/\/www.autofoodpack.com\/wp-content\/uploads\/2022\/09\/\u516c\u53f8\u7b80\u4ecb.jpg\" alt=\"\" class=\"wp-image-1615\" srcset=\"https:\/\/www.autofoodpack.com\/wp-content\/uploads\/2022\/09\/\u516c\u53f8\u7b80\u4ecb.jpg 750w, https:\/\/www.autofoodpack.com\/wp-content\/uploads\/2022\/09\/\u516c\u53f8\u7b80\u4ecb-300x392.jpg 300w, https:\/\/www.autofoodpack.com\/wp-content\/uploads\/2022\/09\/\u516c\u53f8\u7b80\u4ecb-600x783.jpg 600w\" sizes=\"auto, (max-width: 750px) 100vw, 750px\" \/><\/figure>\n\n\n\n<figure class=\"wp-block-image size-full\"><img loading=\"lazy\" decoding=\"async\" width=\"750\" height=\"325\" src=\"https:\/\/www.autofoodpack.com\/wp-content\/uploads\/2022\/09\/\u8bc1\u4e66.jpg\" alt=\"\" class=\"wp-image-1634\" srcset=\"https:\/\/www.autofoodpack.com\/wp-content\/uploads\/2022\/09\/\u8bc1\u4e66.jpg 750w, https:\/\/www.autofoodpack.com\/wp-content\/uploads\/2022\/09\/\u8bc1\u4e66-300x130.jpg 300w, https:\/\/www.autofoodpack.com\/wp-content\/uploads\/2022\/09\/\u8bc1\u4e66-600x260.jpg 600w\" sizes=\"auto, (max-width: 750px) 100vw, 750px\" \/><\/figure>\n\n\n\n<h5 class=\"wp-block-heading\">Professionelles und starkes Team<\/h5>\n\n\n\n<p>Mingkai verf\u00fcgt \u00fcber ein professionelles Team, das den Kunden verschiedene Verpackungsl\u00f6sungen anbieten kann. Nach vollst\u00e4ndigem Verst\u00e4ndnis der Kundenbed\u00fcrfnisse bieten wir dem Kunden die am besten geeignete Verpackungsl\u00f6sung an.<br>Dann beginnt die Produktion der Maschine. Wir verf\u00fcgen \u00fcber eine starke Produktions- und Verarbeitungskapazit\u00e4t, von der kundenspezifischen Verarbeitung von Zubeh\u00f6r bis zur Montage und Fehlersuche<br>der Maschine. Schlie\u00dflich wird sie verpackt und versandt, und die Fertigstellung dauert nur eine Woche.<\/p>\n\n\n\n<figure class=\"wp-block-image size-full\"><img loading=\"lazy\" decoding=\"async\" width=\"750\" height=\"621\" src=\"https:\/\/www.autofoodpack.com\/wp-content\/uploads\/2022\/09\/\u4e13\u4e1a\u548c\u5f3a\u5927\u7684\u56e2\u961f.jpg\" alt=\"\" class=\"wp-image-1623\" srcset=\"https:\/\/www.autofoodpack.com\/wp-content\/uploads\/2022\/09\/\u4e13\u4e1a\u548c\u5f3a\u5927\u7684\u56e2\u961f.jpg 750w, https:\/\/www.autofoodpack.com\/wp-content\/uploads\/2022\/09\/\u4e13\u4e1a\u548c\u5f3a\u5927\u7684\u56e2\u961f-300x248.jpg 300w, https:\/\/www.autofoodpack.com\/wp-content\/uploads\/2022\/09\/\u4e13\u4e1a\u548c\u5f3a\u5927\u7684\u56e2\u961f-600x497.jpg 600w\" sizes=\"auto, (max-width: 750px) 100vw, 750px\" \/><\/figure>\n\n\n\n<h5 class=\"wp-block-heading\">Rechtzeitiger und effektiver After-Sales-Service<\/h5>\n\n\n\n<p>Uns zu w\u00e4hlen bedeutet nicht nur, eine Maschine zu kaufen, sondern auch unseren professionellen und zeitnahen Service.<\/p>\n\n\n\n<ol class=\"wp-block-list\"><li>Bei Lieferung der Maschine legen wir ein Video f\u00fcr die Installation und Bedienung bei, damit Sie die Maschine schnell nutzen k\u00f6nnen.<\/li><li>Einige unserer Maschinen haben eine einj\u00e4hrige Garantie, und wir ersetzen sie bei Ausfall.<\/li><li>Wenn Ihre Maschine ausf\u00e4llt, stehen Ihnen professionelle Ingenieure f\u00fcr einen professionellen Online-After-Sales-Service zur Verf\u00fcgung, um Ihnen bei der L\u00f6sung des Problems zu helfen.<\/li><li>Wenn das Problem nicht online gel\u00f6st werden kann, werden wir innerhalb einer Woche einen Ingenieur f\u00fcr die Reparatur vor Ort beauftragen.<\/li><\/ol>\n\n\n\n<h5 class=\"wp-block-heading\">Kundenfeedback<\/h5>\n\n\n\n<p>Wir verf\u00fcgen \u00fcber 10 Jahre Erfahrung im Au\u00dfenhandel und Export, und unsere Kunden verteilen sich heute auf 90 L\u00e4nder auf der ganzen Welt.<br>Mit unseren hochwertigen Maschinen und professionellen Dienstleistungen haben wir einstimmiges Lob von unseren Kunden erhalten.<\/p>\n\n\n\n<h3 class=\"wp-block-heading\"><span style=\"color: var(--paletteColor8, #ffffff);background-color: #f34957\" class=\"stk-highlight\">FAQ<\/span><\/h3>\n\n\n\n<p><strong><span style=\"color: #222222;background-color: var(--paletteColor5, #eaeaec)\" class=\"stk-highlight\">Frage 1: Haben Sie eine Bedienungsanleitung oder ein Betriebsvideo, damit wir mehr \u00fcber die Maschine erfahren k\u00f6nnen?<\/span><\/strong><br>Ja, nicht nur eine Bedienungsanleitung oder ein Betriebsvideo, auch 3D-Zeichnungen sind verf\u00fcgbar, die nach Ihrem Entwurf erstellt werden k\u00f6nnen. Au\u00dferdem k\u00f6nnen wir Videos vom Testen des Materials mit unserer Verpackungsmaschine erstellen, wenn Ihre Verpackungsg\u00fcter f\u00fcr uns auf dem lokalen Markt leichter zu finden sind.<br><strong><span style=\"color: #222222;background-color: var(--paletteColor5, #eaeaec)\" class=\"stk-highlight\">Frage 2: Wie kann ich Ihnen beim ersten Mal vertrauen?<\/span><\/strong><br>Bitte beachten Sie unsere oben genannten Gesch\u00e4ftslizenzen und Zertifikate. Wenn Sie uns nicht vertrauen, k\u00f6nnen Sie unser Unternehmen besuchen, um unsere Unternehmenskultur usw. zu verstehen, um die rechtzeitige Lieferung und Qualit\u00e4t Ihrer Maschinen sicherzustellen.<br><strong><span style=\"color: #222222;background-color: var(--paletteColor5, #eaeaec)\" class=\"stk-highlight\">Frage 3: Wie w\u00e4hlt man eine Maschine aus?<\/span><\/strong><br>Kontaktieren Sie Kathy unter +86 13715725813, E-Mail: Kathy@autofoodpack.com Ja, wir bieten Produkttyp (Granulat, Fl\u00fcssigkeit, Pulver), Produktgr\u00f6\u00dfe, Beutelform (Rollfilm, vorgefertigter Beutel), Produktgewicht (5g-5kg) an und empfehlen Ihnen das Modell.<br><strong><span style=\"color: #222222;background-color: var(--paletteColor5, #eaeaec)\" class=\"stk-highlight\">Frage 4: Wie k\u00f6nnen wir uns von der Maschinenqualit\u00e4t \u00fcberzeugen, nachdem wir die Bestellung aufgegeben haben?<\/span><\/strong><br>Vor der Lieferung senden wir Ihnen die Bilder und Videos zur Qualit\u00e4tspr\u00fcfung, und Sie k\u00f6nnen auch selbst oder durch Ihre Kontakte in China eine Qualit\u00e4tspr\u00fcfung veranlassen.<br><strong><span style=\"color: #222222;background-color: var(--paletteColor5, #eaeaec)\" class=\"stk-highlight\">Frage 5: K\u00f6nnen Sie uns bei der Analyse und Konstruktion der Maschine helfen, wenn wir Muster von neuen Produkten haben?<\/span><\/strong><br>Ja, unsere technische Abteilung kann Ihnen bei der Analyse, Konstruktion und Pr\u00fcfung der von Ihnen bereitgestellten neuen Produkte helfen.<\/p>\n\n\n\n<p><\/p>","protected":false},"excerpt":{"rendered":"<ol>\n<li>Eine Person kann eine Maschine bedienen, was erhebliche Arbeitskosten einspart.<\/li>\n<li>Der Teil, an dem das Material kontaktiert, ist Edelstahl, und der Maschinenk\u00f6rper ist optional aus vollst\u00e4ndigem oder teilweisem Edelstahl gefertigt. Alle Ger\u00e4te haben den CE-Standard bestanden.<\/li>\n<li>Hochempfindliche photoelektrische Farbverfolgung und digitale Eingabe der Schnittposition sorgen f\u00fcr mehr Genauigkeit.<\/li>\n<li>F\u00fcr stabile Leistung: Dual-Inverter-Controller, aufr\u00fcstbares SPS-System, Selbstfehlerdiagnose, Doppel-Encoder.<\/li>\n<li>F\u00fcr einfache Bedienung: Touchscreen-Monitor, unabh\u00e4ngiger Temperatur-PID-Regler,<\/li>\n<li>F\u00fcr Anpassungsf\u00e4higkeit: Ein Satz Maschinen kann \u00fcber optionale Ger\u00e4te wie Luftf\u00fcllvorrichtung, Zuf\u00fchrlinie usw. auf verschiedene Produkte angewendet werden.<\/li>\n<\/ol>","protected":false},"featured_media":1664,"comment_status":"open","ping_status":"closed","template":"","meta":[],"product_cat":[26,25,29],"product_tag":[183],"class_list":["post-1660","product","type-product","status-publish","has-post-thumbnail","hentry","product_cat-doypack-machine","product_cat-hot-product","product_cat-powder-packing-machine","product_tag-granule-packing-mahchine"],"featured_image_urls":{"full":["https:\/\/www.autofoodpack.com\/wp-content\/uploads\/2022\/10\/230B.jpg",800,800,false],"thumbnail":["https:\/\/www.autofoodpack.com\/wp-content\/uploads\/2022\/10\/230B.jpg",96,96,false],"medium":["https:\/\/www.autofoodpack.com\/wp-content\/uploads\/2022\/10\/230B.jpg",800,800,false],"medium_large":["https:\/\/www.autofoodpack.com\/wp-content\/uploads\/2022\/10\/230B-768x768.jpg",768,768,true],"large":["https:\/\/www.autofoodpack.com\/wp-content\/uploads\/2022\/10\/230B.jpg",800,800,false],"1536x1536":["https:\/\/www.autofoodpack.com\/wp-content\/uploads\/2022\/10\/230B.jpg",800,800,false],"2048x2048":["https:\/\/www.autofoodpack.com\/wp-content\/uploads\/2022\/10\/230B.jpg",800,800,false],"trp-custom-language-flag":["https:\/\/www.autofoodpack.com\/wp-content\/uploads\/2022\/10\/230B.jpg",12,12,false],"woocommerce_thumbnail":["https:\/\/www.autofoodpack.com\/wp-content\/uploads\/2022\/10\/230B-300x300.jpg",300,300,true],"woocommerce_single":["https:\/\/www.autofoodpack.com\/wp-content\/uploads\/2022\/10\/230B-600x600.jpg",600,600,true],"woocommerce_gallery_thumbnail":["https:\/\/www.autofoodpack.com\/wp-content\/uploads\/2022\/10\/230B-100x100.jpg",100,100,true],"shop_catalog":["https:\/\/www.autofoodpack.com\/wp-content\/uploads\/2022\/10\/230B-300x300.jpg",300,300,true],"shop_single":["https:\/\/www.autofoodpack.com\/wp-content\/uploads\/2022\/10\/230B-600x600.jpg",600,600,true],"shop_thumbnail":["https:\/\/www.autofoodpack.com\/wp-content\/uploads\/2022\/10\/230B-100x100.jpg",100,100,true]},"post_excerpt_stackable":"<ol>\n<li>One person can operate a machine, saving a lot of labor costs.<\/li>\n<li>The section where the material contact is stainless steel as the body of machine is optional for complete orpartial stainless steel and all out equipments have passed the CE Standard.<\/li>\n<li>High-sensitivity photoelectric color tracing and digital input of cutting position get more accuracy.<\/li>\n<li>For Stable Performance: Dual inverters controller, upgradable PLC system, self-failure diagnosis, double encoder.<\/li>\n<li>For Easy Operation: Touch screen monitor, independent temperature PID controller,<\/li>\n<li>For adaptability: one set of machine can be applicated to different kind of product via optional devices, such as air-filling device, feeding line, etc.<\/li>\n<\/ol>\n","category_list":"","author_info":{"name":"","url":""},"comments_num":"0 comments","_links":{"self":[{"href":"https:\/\/www.autofoodpack.com\/de\/wp-json\/wp\/v2\/product\/1660","targetHints":{"allow":["GET"]}}],"collection":[{"href":"https:\/\/www.autofoodpack.com\/de\/wp-json\/wp\/v2\/product"}],"about":[{"href":"https:\/\/www.autofoodpack.com\/de\/wp-json\/wp\/v2\/types\/product"}],"replies":[{"embeddable":true,"href":"https:\/\/www.autofoodpack.com\/de\/wp-json\/wp\/v2\/comments?post=1660"}],"wp:featuredmedia":[{"embeddable":true,"href":"https:\/\/www.autofoodpack.com\/de\/wp-json\/wp\/v2\/media\/1664"}],"wp:attachment":[{"href":"https:\/\/www.autofoodpack.com\/de\/wp-json\/wp\/v2\/media?parent=1660"}],"wp:term":[{"taxonomy":"product_cat","embeddable":true,"href":"https:\/\/www.autofoodpack.com\/de\/wp-json\/wp\/v2\/product_cat?post=1660"},{"taxonomy":"product_tag","embeddable":true,"href":"https:\/\/www.autofoodpack.com\/de\/wp-json\/wp\/v2\/product_tag?post=1660"}],"curies":[{"name":"WP","href":"https:\/\/api.w.org\/{rel}","templated":true}]}}