{"id":1421,"date":"2022-08-05T10:18:58","date_gmt":"2022-08-05T02:18:58","guid":{"rendered":"https:\/\/www.autofoodpack.com\/?post_type=product&#038;p=1421"},"modified":"2025-08-30T22:00:43","modified_gmt":"2025-08-30T14:00:43","slug":"filling-capping-machine-baby-puree-food-yogurt-condensed-milk-packing-retort-stand-up-spout-squeeze-pouch-3000-9000bags-hour","status":"publish","type":"product","link":"https:\/\/www.autofoodpack.com\/es\/product\/filling-capping-machine-baby-puree-food-yogurt-condensed-milk-packing-retort-stand-up-spout-squeeze-pouch-3000-9000bags-hour\/","title":{"rendered":"M\u00e1quina de llenado y tapado para pur\u00e9 de beb\u00e9, yogur, leche condensada, envasado para bolsas tipo doy-pack con boquilla para exprimir, 3000-9000 bolsas\/hora"},"content":{"rendered":"<p><strong>Application<\/strong><\/p>\n<p>It is suitable for filling and capping of self-supporting bags.<\/p>\n<p>Applicable materials: beverages, CC jelly, fruit juice, oil products, red wine, water, cleaning products, cosmetics and other liquids or creams.<\/p>\n<p><strong>Packing Exambers<\/strong><\/p>\n<p><img loading=\"lazy\" decoding=\"async\" class=\"size-full wp-image-1426 aligncenter\" src=\"https:\/\/www.autofoodpack.com\/wp-content\/uploads\/2022\/08\/\u63cf\u8ff0\u56fe-2.jpg\" alt=\"\" width=\"750\" height=\"824\" srcset=\"https:\/\/www.autofoodpack.com\/wp-content\/uploads\/2022\/08\/\u63cf\u8ff0\u56fe-2.jpg 750w, https:\/\/www.autofoodpack.com\/wp-content\/uploads\/2022\/08\/\u63cf\u8ff0\u56fe-2-300x330.jpg 300w, https:\/\/www.autofoodpack.com\/wp-content\/uploads\/2022\/08\/\u63cf\u8ff0\u56fe-2-600x659.jpg 600w\" sizes=\"auto, (max-width: 750px) 100vw, 750px\" \/><\/p>\n<p><strong>Kindly Reminder:<\/strong><\/p>\n<p>We have experienced team of R &amp; D engineers who can customize packaging solutions according to your product characteristics.<\/p>\n<p>24 hours online.<\/p>\n<p><strong>After receiving your inquiry,We will send you the quotation as soon as possible.<\/strong><\/p>\n<div class=\"everest-forms\"><div class=\"evf-container default\" id=\"evf-1035\"><form id=\"evf-form-1035\" class=\"everest-form\" data-formid=\"1035\" data-ajax_submission=\"0\" method=\"post\" enctype=\"multipart\/form-data\" action=\"\/es\/wp-json\/wp\/v2\/product\/1421\"><div class=\"evf-field-container\"><input type=\"hidden\" id=\"_wpnonce1035\" name=\"_wpnonce1035\" value=\"2171cf605e\" \/><input type=\"hidden\" name=\"_wp_http_referer\" value=\"\/es\/wp-json\/wp\/v2\/product\/1421\" \/><div class=\"evf-frontend-row\" data-row=\"row_1\"><div class=\"evf-frontend-grid evf-grid-2\" data-grid=\"grid_1\"><div id=\"evf-1035-field_lsR7VZ1zA7-1-container\" class=\"evf-field evf-field-last-name form-row\" data-field-id=\"lsR7VZ1zA7-1\"><label class=\"evf-field-label evf-label-hide\" for=\"evf-1035-field_lsR7VZ1zA7-1\"><span class=\"evf-label\">\u540d<\/span> <\/label><input type=\"text\" id=\"evf-1035-field_lsR7VZ1zA7-1\" class=\"input-text\" name=\"everest_forms[form_fields][lsR7VZ1zA7-1]\" placeholder=\"Name:\" ><\/div><\/div><div class=\"evf-frontend-grid evf-grid-2\" data-grid=\"grid_2\"><div id=\"evf-1035-field_mIIPZsDspb-2-container\" class=\"evf-field evf-field-email form-row validate-required validate-email\" data-required-field-message=\"\u8bf7\u8f93\u5165\u6b63\u786e\u7684\u7535\u5b50\u90ae\u4ef6\u5730\u5740\u3002\" data-field-id=\"mIIPZsDspb-2\"><label class=\"evf-field-label evf-label-hide\" for=\"evf-1035-field_mIIPZsDspb-2\"><span class=\"evf-label\">\u7535\u90ae<\/span> <abbr class=\"required\" title=\"Required\">*<\/abbr><\/label><input type=\"email\" id=\"evf-1035-field_mIIPZsDspb-2\" class=\"input-text\" name=\"everest_forms[form_fields][mIIPZsDspb-2]\" placeholder=\"Email:\" required ><\/div><\/div><\/div><div class=\"evf-frontend-row\" data-row=\"row_2\"><div class=\"evf-frontend-grid evf-grid-2\" data-grid=\"grid_1\"><div id=\"evf-1035-field_TRTyEMWnlk-3-container\" class=\"evf-field evf-field-number form-row\" data-field-id=\"TRTyEMWnlk-3\"><label class=\"evf-field-label evf-label-hide\" for=\"evf-1035-field_TRTyEMWnlk-3\"><span class=\"evf-label\">\u6570\u5b57<\/span> <\/label><input type=\"number\" id=\"evf-1035-field_TRTyEMWnlk-3\" class=\"input-text\" name=\"everest_forms[form_fields][TRTyEMWnlk-3]\" placeholder=\"Tel:\" \/><\/div><\/div><div class=\"evf-frontend-grid evf-grid-2\" data-grid=\"grid_2\"><div id=\"evf-1035-field_UHk9gX9XvG-4-container\" class=\"evf-field evf-field-text form-row\" data-field-id=\"UHk9gX9XvG-4\"><label class=\"evf-field-label evf-label-hide\" for=\"evf-1035-field_UHk9gX9XvG-4\"><span class=\"evf-label\">\u5355\u884c\u6587\u5b57<\/span> <\/label><input type=\"text\" id=\"evf-1035-field_UHk9gX9XvG-4\" class=\"input-text\" name=\"everest_forms[form_fields][UHk9gX9XvG-4]\" placeholder=\"Country:\" ><\/div><\/div><\/div><div class=\"evf-frontend-row\" data-row=\"row_3\"><div class=\"evf-frontend-grid evf-grid-1\" data-grid=\"grid_1\"><div id=\"evf-1035-field_rl40MminJe-6-container\" class=\"evf-field evf-field-textarea form-row\" data-field-id=\"rl40MminJe-6\"><label class=\"evf-field-label evf-label-hide\" for=\"evf-1035-field_rl40MminJe-6\"><span class=\"evf-label\">\u6bb5\u843d\u6587\u672c<\/span> <\/label><textarea id=\"evf-1035-field_rl40MminJe-6\" class=\"input-text\" name=\"everest_forms[form_fields][rl40MminJe-6]\" placeholder=\"Leave your message: Such as your product description, bag size\u2026\"  ><\/textarea><\/div><\/div><\/div><\/div><div class=\"evf-honeypot-container evf-field-hp\"><label for=\"evf-1035-field-hp\" class=\"evf-field-label\">Message<\/label><input type=\"text\" name=\"everest_forms[hp]\" id=\"evf-1035-field-hp\" class=\"input-text\"><\/div><div class=\"evf-submit-container \" ><input type=\"hidden\" name=\"everest_forms[id]\" value=\"1035\"><input type=\"hidden\" name=\"everest_forms[author]\" value=\"1\"><button type='submit' name='everest_forms[submit]' class='everest-forms-submit-button button evf-submit ' id='evf-submit-1035' value='evf-submit' data-process-text=\"sending\u2026\" conditional_rules='&quot;&quot;' conditional_id='evf-submit-1035'  id=\"evf-submit-1035\" aria-live=\"assertive\">SEND<\/button><\/div><\/form><\/div><!-- .evf-container --><\/div>\n","protected":false},"excerpt":{"rendered":"<ol>\n<li>Estructura de acero inoxidable, dise\u00f1o sanitario y compacto<\/li>\n<li>Cada l\u00ednea de suministro de bolsas est\u00e1 equipada con un accionamiento de cilindro independiente<\/li>\n<li>Limpieza autom\u00e1tica CIP del barril de material y del barril de pulpa<\/li>\n<li>La operaci\u00f3n totalmente automatizada garantiza una higiene elevada<\/li>\n<li>Detecci\u00f3n de bolsas en la l\u00ednea; sin bolsa, no hay llenado<\/li>\n<li>Sistema de llenado al vac\u00edo. Llenado de l\u00edquido. La inyecci\u00f3n de nitr\u00f3geno se completa en una sola vez, lo que puede resolver eficazmente el problema de las burbujas en el material de la bolsa.<\/li>\n<\/ol>","protected":false},"featured_media":1422,"comment_status":"open","ping_status":"closed","template":"","meta":[],"product_cat":[28],"product_tag":[211,185],"class_list":["post-1421","product","type-product","status-publish","has-post-thumbnail","hentry","product_cat-liquid-packing-machine","product_tag-filling-capping-machine","product_tag-liquid-packing-mahchine"],"featured_image_urls":{"full":["https:\/\/www.autofoodpack.com\/wp-content\/uploads\/2022\/08\/1-9.jpg",800,800,false],"thumbnail":["https:\/\/www.autofoodpack.com\/wp-content\/uploads\/2022\/08\/1-9.jpg",96,96,false],"medium":["https:\/\/www.autofoodpack.com\/wp-content\/uploads\/2022\/08\/1-9.jpg",800,800,false],"medium_large":["https:\/\/www.autofoodpack.com\/wp-content\/uploads\/2022\/08\/1-9-768x768.jpg",768,768,true],"large":["https:\/\/www.autofoodpack.com\/wp-content\/uploads\/2022\/08\/1-9.jpg",800,800,false],"1536x1536":["https:\/\/www.autofoodpack.com\/wp-content\/uploads\/2022\/08\/1-9.jpg",800,800,false],"2048x2048":["https:\/\/www.autofoodpack.com\/wp-content\/uploads\/2022\/08\/1-9.jpg",800,800,false],"trp-custom-language-flag":["https:\/\/www.autofoodpack.com\/wp-content\/uploads\/2022\/08\/1-9.jpg",12,12,false],"woocommerce_thumbnail":["https:\/\/www.autofoodpack.com\/wp-content\/uploads\/2022\/08\/1-9-300x300.jpg",300,300,true],"woocommerce_single":["https:\/\/www.autofoodpack.com\/wp-content\/uploads\/2022\/08\/1-9-600x600.jpg",600,600,true],"woocommerce_gallery_thumbnail":["https:\/\/www.autofoodpack.com\/wp-content\/uploads\/2022\/08\/1-9-100x100.jpg",100,100,true],"shop_catalog":["https:\/\/www.autofoodpack.com\/wp-content\/uploads\/2022\/08\/1-9-300x300.jpg",300,300,true],"shop_single":["https:\/\/www.autofoodpack.com\/wp-content\/uploads\/2022\/08\/1-9-600x600.jpg",600,600,true],"shop_thumbnail":["https:\/\/www.autofoodpack.com\/wp-content\/uploads\/2022\/08\/1-9-100x100.jpg",100,100,true]},"post_excerpt_stackable":"<ol>\n<li>Stainless steel frame structure, sanitary, and compact design<\/li>\n<li>Each bag delivery line is equipped with a separate cylinder drive<\/li>\n<li>CIP automatic cleaning of material barrel and pulp barrel<\/li>\n<li>Fully automated operation ensures high hygiene<\/li>\n<li>Line bag detection, no bags are not filling<\/li>\n<li>Vacuum of the filling system. Fill illing liquid. Nitrogen charge is completed once,\u00a0 Can very well solve the bag material bubble problem.<\/li>\n<\/ol>\n","category_list":"","author_info":{"name":"","url":""},"comments_num":"1 comment","_links":{"self":[{"href":"https:\/\/www.autofoodpack.com\/es\/wp-json\/wp\/v2\/product\/1421","targetHints":{"allow":["GET"]}}],"collection":[{"href":"https:\/\/www.autofoodpack.com\/es\/wp-json\/wp\/v2\/product"}],"about":[{"href":"https:\/\/www.autofoodpack.com\/es\/wp-json\/wp\/v2\/types\/product"}],"replies":[{"embeddable":true,"href":"https:\/\/www.autofoodpack.com\/es\/wp-json\/wp\/v2\/comments?post=1421"}],"wp:featuredmedia":[{"embeddable":true,"href":"https:\/\/www.autofoodpack.com\/es\/wp-json\/wp\/v2\/media\/1422"}],"wp:attachment":[{"href":"https:\/\/www.autofoodpack.com\/es\/wp-json\/wp\/v2\/media?parent=1421"}],"wp:term":[{"taxonomy":"product_cat","embeddable":true,"href":"https:\/\/www.autofoodpack.com\/es\/wp-json\/wp\/v2\/product_cat?post=1421"},{"taxonomy":"product_tag","embeddable":true,"href":"https:\/\/www.autofoodpack.com\/es\/wp-json\/wp\/v2\/product_tag?post=1421"}],"curies":[{"name":"puntos de venta","href":"https:\/\/api.w.org\/{rel}","templated":true}]}}