{"id":1612,"date":"2022-09-13T19:18:16","date_gmt":"2022-09-13T11:18:16","guid":{"rendered":"https:\/\/www.autofoodpack.com\/?post_type=product&#038;p=1612"},"modified":"2022-09-15T17:52:48","modified_gmt":"2022-09-15T09:52:48","slug":"granule-packaging-machine-nut-peanut-puffed-food-white-granulated-sugar-automatic-filling-vertical-packaging-machine-1800-4800bags-hour-1","status":"publish","type":"product","link":"https:\/\/www.autofoodpack.com\/es\/product\/granule-packaging-machine-nut-peanut-puffed-food-white-granulated-sugar-automatic-filling-vertical-packaging-machine-1800-4800bags-hour-1\/","title":{"rendered":"M\u00e1quina envasadora de gr\u00e1nulos para nueces, cacahuetes, alimentos inflados, az\u00facar granulada blanca, m\u00e1quina de llenado autom\u00e1tico y envasado vertical, 1800-4800 bolsas\/hora"},"content":{"rendered":"<figure class=\"wp-block-embed is-type-video is-provider-youtube wp-block-embed-youtube wp-embed-aspect-16-9 wp-has-aspect-ratio\"><div class=\"wp-block-embed__wrapper\">\n<iframe loading=\"lazy\" title=\"M\u00e1quina vertical autom\u00e1tica para bolsas peque\u00f1as, snacks, anacardos, cacahuetes, envasadora de gr\u00e1nulos\" width=\"1290\" height=\"726\" src=\"https:\/\/www.youtube.com\/embed\/puBBhqKCMtc?feature=oembed\" frameborder=\"0\" allow=\"accelerometer; autoplay; clipboard-write; encrypted-media; gyroscope; picture-in-picture\" allowfullscreen><\/iframe>\n<\/div><\/figure>\n\n\n\n<h3 class=\"wp-block-heading\"><span style=\"color: var(--paletteColor8, #ffffff);background-color: #f34957\" class=\"stk-highlight\">Introducci\u00f3n a la m\u00e1quina<\/span><\/h3>\n\n\n\n<p>La m\u00e1quina envasadora de gr\u00e1nulos Mingkai MKV-CHG320 es adecuada para el envasado de gr\u00e1nulos y productos a peque\u00f1a escala en las industrias alimentaria, qu\u00edmica y otras.<br>Tales como: gr\u00e1nulos inflados, cacahuetes, palomitas de ma\u00edz, semillas de mel\u00f3n, arroz, pimienta, az\u00facar, sal, galletas, etc.<br>Seg\u00fan las necesidades del cliente, los tipos de bolsa se pueden cambiar: sellado posterior, sellado de tres lados, sellado de cuatro lados.<\/p>\n\n\n\n<figure class=\"wp-block-image size-full\"><img loading=\"lazy\" decoding=\"async\" width=\"750\" height=\"600\" src=\"https:\/\/www.autofoodpack.com\/wp-content\/uploads\/2022\/09\/\u4ea7\u54c1\u4ecb\u7ecd.jpg\" alt=\"\" class=\"wp-image-1613\" srcset=\"https:\/\/www.autofoodpack.com\/wp-content\/uploads\/2022\/09\/\u4ea7\u54c1\u4ecb\u7ecd.jpg 750w, https:\/\/www.autofoodpack.com\/wp-content\/uploads\/2022\/09\/\u4ea7\u54c1\u4ecb\u7ecd-300x240.jpg 300w, https:\/\/www.autofoodpack.com\/wp-content\/uploads\/2022\/09\/\u4ea7\u54c1\u4ecb\u7ecd-600x480.jpg 600w\" sizes=\"auto, (max-width: 750px) 100vw, 750px\" \/><\/figure>\n\n\n\n<figure class=\"wp-block-image size-full\"><img loading=\"lazy\" decoding=\"async\" width=\"742\" height=\"494\" src=\"https:\/\/www.autofoodpack.com\/wp-content\/uploads\/2022\/09\/\u53ef\u7528\u6750\u6599-1.jpg\" alt=\"\" class=\"wp-image-1633\" srcset=\"https:\/\/www.autofoodpack.com\/wp-content\/uploads\/2022\/09\/\u53ef\u7528\u6750\u6599-1.jpg 742w, https:\/\/www.autofoodpack.com\/wp-content\/uploads\/2022\/09\/\u53ef\u7528\u6750\u6599-1-300x200.jpg 300w, https:\/\/www.autofoodpack.com\/wp-content\/uploads\/2022\/09\/\u53ef\u7528\u6750\u6599-1-600x399.jpg 600w\" sizes=\"auto, (max-width: 742px) 100vw, 742px\" \/><\/figure>\n\n\n\n<h3 class=\"wp-block-heading\"><span style=\"color: var(--paletteColor8, #ffffff);background-color: #f34957\" class=\"stk-highlight\">Par\u00e1metros de la m\u00e1quina<\/span><\/h3>\n\n\n\n<figure class=\"wp-block-table\"><table><tbody><tr><td><strong>Medici\u00f3n<\/strong><\/td><td>Vaso medidor<\/td><\/tr><tr><td><strong>Forma de la bolsa<\/strong><\/td><td>Sellado posterior \/ sellado de 3 lados \/ sellado de 4 lados<\/td><\/tr><tr><td><strong>Velocidad de empaquetado<\/strong><\/td><td>10-120 bolsas\/min<\/td><\/tr><tr><td><strong>Ancho del rollo<\/strong><\/td><td>M\u00e1x. 320 mm<\/td><\/tr><tr><td><strong>Longitud de bolsa<\/strong><\/td><td>50-200mm<\/td><\/tr><tr><td><strong>Ancho de bolsa<\/strong><\/td><td>25-140mm<\/td><\/tr><tr><td><strong>Tama\u00f1o de la m\u00e1quina<\/strong><\/td><td>L) 1270<em>An) 690<\/em>Al) 1670 mm<\/td><\/tr><tr><td><strong>Peso de la m\u00e1quina<\/strong><\/td><td>\u2248200 kg<\/td><\/tr><tr><td><strong>Potencia<\/strong><\/td><td>220 V, 50\/60 Hz, 2.5 KW<\/td><\/tr><tr><td><strong>Dispositivo opcional<\/strong><\/td><td>Dispositivo de llenado de aire, dispositivo de perforaci\u00f3n, impresora de fechas<\/td><\/tr><\/tbody><\/table><\/figure>\n\n\n\n<h3 class=\"wp-block-heading\"><span style=\"color: var(--paletteColor8, #ffffff);background-color: #f34957\" class=\"stk-highlight\">Caracter\u00edsticas de la m\u00e1quina<\/span><\/h3>\n\n\n\n<p>1. La secci\u00f3n donde el material entra en contacto con el acero inoxidable como cuerpo de la m\u00e1quina es opcional para acero inoxidable completo o parcial, y todos nuestros equipos han pasado el est\u00e1ndar CE.<br>2. El seguimiento de color fotoel\u00e9ctrico de alta sensibilidad y la entrada digital de la posici\u00f3n de corte proporcionan mayor precisi\u00f3n.<br>3. El sellado integrado, la estructura mejorada del controlador de temperatura inteligente para sellado t\u00e9rmico y un excelente equilibrio t\u00e9rmico hacen posible el uso de todo tipo de materiales de embalaje con buen rendimiento, bajo ruido, patr\u00f3n de corte claro y una fuerte capacidad de sellado.<br>4. La velocidad de empaquetado y la longitud de las bolsas pueden ajustarse en cierta medida sin necesidad de m\u00e1s ajustes ni cambios de piezas.<\/p>\n\n\n\n<h3 class=\"wp-block-heading\"><span style=\"color: var(--paletteColor8, #ffffff);background-color: #f34957\" class=\"stk-highlight\">Detalles de la m\u00e1quina<\/span><\/h3>\n\n\n\n<h5 class=\"wp-block-heading\">Centro de control de la m\u00e1quina<\/h5>\n\n\n\n<p>Interfaz interactiva de la m\u00e1quina. F\u00e1cil de controlar y ajustar.<br>El idioma se personaliza seg\u00fan los requisitos espec\u00edficos del cliente.<br>Dispositivo de control de temperatura independiente para cada parte de la m\u00e1quina, f\u00e1cil de ajustar.<\/p>\n\n\n\n<figure class=\"wp-block-image size-full\"><img loading=\"lazy\" decoding=\"async\" width=\"750\" height=\"600\" src=\"https:\/\/www.autofoodpack.com\/wp-content\/uploads\/2022\/09\/\u673a\u5668\u7ec6\u8282\u63cf\u8ff0-1.jpg\" alt=\"\" class=\"wp-image-1618\" srcset=\"https:\/\/www.autofoodpack.com\/wp-content\/uploads\/2022\/09\/\u673a\u5668\u7ec6\u8282\u63cf\u8ff0-1.jpg 750w, https:\/\/www.autofoodpack.com\/wp-content\/uploads\/2022\/09\/\u673a\u5668\u7ec6\u8282\u63cf\u8ff0-1-300x240.jpg 300w, https:\/\/www.autofoodpack.com\/wp-content\/uploads\/2022\/09\/\u673a\u5668\u7ec6\u8282\u63cf\u8ff0-1-600x480.jpg 600w\" sizes=\"auto, (max-width: 750px) 100vw, 750px\" \/><\/figure>\n\n\n\n<h5 class=\"wp-block-heading\">Dispositivo de taza medidora<\/h5>\n\n\n\n<p>Adopta un dispositivo de llenado con vaso medidor. Puede utilizarse ampliamente en gr\u00e1nulos. El peso y la velocidad de llenado de los gr\u00e1nulos se ajustan cambiando el juego de vasos medidores.<br>La precisi\u00f3n puede alcanzar \u00b11%.<\/p>\n\n\n\n<figure class=\"wp-block-image size-full\"><img loading=\"lazy\" decoding=\"async\" width=\"750\" height=\"600\" src=\"https:\/\/www.autofoodpack.com\/wp-content\/uploads\/2022\/09\/\u673a\u5668\u7ec6\u8282\u63cf\u8ff0-2.jpg\" alt=\"\" class=\"wp-image-1619\" srcset=\"https:\/\/www.autofoodpack.com\/wp-content\/uploads\/2022\/09\/\u673a\u5668\u7ec6\u8282\u63cf\u8ff0-2.jpg 750w, https:\/\/www.autofoodpack.com\/wp-content\/uploads\/2022\/09\/\u673a\u5668\u7ec6\u8282\u63cf\u8ff0-2-300x240.jpg 300w, https:\/\/www.autofoodpack.com\/wp-content\/uploads\/2022\/09\/\u673a\u5668\u7ec6\u8282\u63cf\u8ff0-2-600x480.jpg 600w\" sizes=\"auto, (max-width: 750px) 100vw, 750px\" \/><\/figure>\n\n\n\n<h5 class=\"wp-block-heading\">Dispositivo formador de bolsas<\/h5>\n\n\n\n<p>Formador de bolsas personalizado seg\u00fan el tama\u00f1o de embalaje requerido por el producto. Si necesita utilizar un ancho de bolsa diferente, solo necesita cambiarlo; la operaci\u00f3n es sencilla.<\/p>\n\n\n\n<figure class=\"wp-block-image size-full\"><img loading=\"lazy\" decoding=\"async\" width=\"750\" height=\"600\" src=\"https:\/\/www.autofoodpack.com\/wp-content\/uploads\/2022\/09\/\u673a\u5668\u7ec6\u8282\u63cf\u8ff0-3.jpg\" alt=\"\" class=\"wp-image-1620\" srcset=\"https:\/\/www.autofoodpack.com\/wp-content\/uploads\/2022\/09\/\u673a\u5668\u7ec6\u8282\u63cf\u8ff0-3.jpg 750w, https:\/\/www.autofoodpack.com\/wp-content\/uploads\/2022\/09\/\u673a\u5668\u7ec6\u8282\u63cf\u8ff0-3-300x240.jpg 300w, https:\/\/www.autofoodpack.com\/wp-content\/uploads\/2022\/09\/\u673a\u5668\u7ec6\u8282\u63cf\u8ff0-3-600x480.jpg 600w\" sizes=\"auto, (max-width: 750px) 100vw, 750px\" \/><\/figure>\n\n\n\n<h5 class=\"wp-block-heading\">Dispositivo de sellado t\u00e9rmico de extremo medio<\/h5>\n\n\n\n<p>A trav\u00e9s del control independiente en el dispositivo de control de temperatura, al utilizar diferentes materiales de embalaje, se puede ajustar seg\u00fan su punto de fusi\u00f3n para garantizar un buen sellado de la bolsa.<\/p>\n\n\n\n<figure class=\"wp-block-image size-full\"><img loading=\"lazy\" decoding=\"async\" width=\"750\" height=\"600\" src=\"https:\/\/www.autofoodpack.com\/wp-content\/uploads\/2022\/09\/\u673a\u5668\u7ec6\u8282\u63cf\u8ff0-4.jpg\" alt=\"\" class=\"wp-image-1621\" srcset=\"https:\/\/www.autofoodpack.com\/wp-content\/uploads\/2022\/09\/\u673a\u5668\u7ec6\u8282\u63cf\u8ff0-4.jpg 750w, https:\/\/www.autofoodpack.com\/wp-content\/uploads\/2022\/09\/\u673a\u5668\u7ec6\u8282\u63cf\u8ff0-4-300x240.jpg 300w, https:\/\/www.autofoodpack.com\/wp-content\/uploads\/2022\/09\/\u673a\u5668\u7ec6\u8282\u63cf\u8ff0-4-600x480.jpg 600w\" sizes=\"auto, (max-width: 750px) 100vw, 750px\" \/><\/figure>\n\n\n\n<h5 class=\"wp-block-heading\">Dispositivo de corte de bolsas con sellado final<\/h5>\n\n\n\n<p>La unidad tambi\u00e9n cuenta con una unidad de control de temperatura independiente para un f\u00e1cil manejo.<br>La unidad de corte puede cambiarse para modificar los tipos de incisi\u00f3n seg\u00fan sea necesario.<br>Tambi\u00e9n est\u00e1n disponibles dispositivos de perforaci\u00f3n para ofrecer variedad a su producto.<\/p>\n\n\n\n<h3 class=\"wp-block-heading\"><span style=\"color: var(--paletteColor8, #ffffff);background-color: #f34957\" class=\"stk-highlight\">Why Choose Us<\/span><\/h3>\n\n\n\n<figure class=\"wp-block-image size-full\"><img loading=\"lazy\" decoding=\"async\" width=\"750\" height=\"490\" src=\"https:\/\/www.autofoodpack.com\/wp-content\/uploads\/2022\/09\/\u516c\u53f8\u4ecb\u7ecd-1.jpg\" alt=\"\" class=\"wp-image-1636\" srcset=\"https:\/\/www.autofoodpack.com\/wp-content\/uploads\/2022\/09\/\u516c\u53f8\u4ecb\u7ecd-1.jpg 750w, https:\/\/www.autofoodpack.com\/wp-content\/uploads\/2022\/09\/\u516c\u53f8\u4ecb\u7ecd-1-300x196.jpg 300w, https:\/\/www.autofoodpack.com\/wp-content\/uploads\/2022\/09\/\u516c\u53f8\u4ecb\u7ecd-1-600x392.jpg 600w\" sizes=\"auto, (max-width: 750px) 100vw, 750px\" \/><\/figure>\n\n\n\n<h5 class=\"wp-block-heading\">Company Profile<\/h5>\n\n\n\n<p>Mingkai a leading manufacturer of Packaging machine and supporting facilities, which has successfully developed more than 80 kinds of packaging machines. Mingkai Packaging Machine has widely applied for different fields throughout the world, such as food\/ industrial food, medicines, hotel supplies, disposable goods, rubber goods, daily appliances, hardware fittings, sporting goods, toys etc.<\/p>\n\n\n\n<figure class=\"wp-block-image size-full\"><img loading=\"lazy\" decoding=\"async\" width=\"750\" height=\"979\" src=\"https:\/\/www.autofoodpack.com\/wp-content\/uploads\/2022\/09\/\u516c\u53f8\u7b80\u4ecb.jpg\" alt=\"\" class=\"wp-image-1615\" srcset=\"https:\/\/www.autofoodpack.com\/wp-content\/uploads\/2022\/09\/\u516c\u53f8\u7b80\u4ecb.jpg 750w, https:\/\/www.autofoodpack.com\/wp-content\/uploads\/2022\/09\/\u516c\u53f8\u7b80\u4ecb-300x392.jpg 300w, https:\/\/www.autofoodpack.com\/wp-content\/uploads\/2022\/09\/\u516c\u53f8\u7b80\u4ecb-600x783.jpg 600w\" sizes=\"auto, (max-width: 750px) 100vw, 750px\" \/><\/figure>\n\n\n\n<figure class=\"wp-block-image size-full\"><img loading=\"lazy\" decoding=\"async\" width=\"750\" height=\"325\" src=\"https:\/\/www.autofoodpack.com\/wp-content\/uploads\/2022\/09\/\u8bc1\u4e66.jpg\" alt=\"\" class=\"wp-image-1634\" srcset=\"https:\/\/www.autofoodpack.com\/wp-content\/uploads\/2022\/09\/\u8bc1\u4e66.jpg 750w, https:\/\/www.autofoodpack.com\/wp-content\/uploads\/2022\/09\/\u8bc1\u4e66-300x130.jpg 300w, https:\/\/www.autofoodpack.com\/wp-content\/uploads\/2022\/09\/\u8bc1\u4e66-600x260.jpg 600w\" sizes=\"auto, (max-width: 750px) 100vw, 750px\" \/><\/figure>\n\n\n\n<h5 class=\"wp-block-heading\">Professional and Strong Team<\/h5>\n\n\n\n<p>Mingkai has a professional team that can provide customers with various packaging solutions. After fully understanding the customer\u2019s needs, we provide the most suitable packaging solution to the customer.<br>Then start the production of the machine. We have a strong production and processing capacity, from the customized processing of accessories to the assembly and debugging of<br>the machine. Finally, it is packaged and shipped, and it only takes a week to complete.<\/p>\n\n\n\n<figure class=\"wp-block-image size-full\"><img loading=\"lazy\" decoding=\"async\" width=\"750\" height=\"621\" src=\"https:\/\/www.autofoodpack.com\/wp-content\/uploads\/2022\/09\/\u4e13\u4e1a\u548c\u5f3a\u5927\u7684\u56e2\u961f.jpg\" alt=\"\" class=\"wp-image-1623\" srcset=\"https:\/\/www.autofoodpack.com\/wp-content\/uploads\/2022\/09\/\u4e13\u4e1a\u548c\u5f3a\u5927\u7684\u56e2\u961f.jpg 750w, https:\/\/www.autofoodpack.com\/wp-content\/uploads\/2022\/09\/\u4e13\u4e1a\u548c\u5f3a\u5927\u7684\u56e2\u961f-300x248.jpg 300w, https:\/\/www.autofoodpack.com\/wp-content\/uploads\/2022\/09\/\u4e13\u4e1a\u548c\u5f3a\u5927\u7684\u56e2\u961f-600x497.jpg 600w\" sizes=\"auto, (max-width: 750px) 100vw, 750px\" \/><\/figure>\n\n\n\n<h5 class=\"wp-block-heading\">Servicio posventa oportuno y eficaz<\/h5>\n\n\n\n<p>Elegirnos no es solo comprar una m\u00e1quina, sino tambi\u00e9n contar con nuestro servicio profesional y oportuno.<\/p>\n\n\n\n<ol class=\"wp-block-list\"><li>Cuando se entregue la m\u00e1quina, adjuntaremos un v\u00eddeo sobre su instalaci\u00f3n y funcionamiento, para que pueda empezar a utilizarla r\u00e1pidamente.<\/li><li>Algunas de nuestras m\u00e1quinas tienen un a\u00f1o de garant\u00eda y las reemplazaremos en caso de fallo.<\/li><li>Cuando su m\u00e1quina falle, contaremos con ingenieros profesionales que le ofrecer\u00e1n un servicio posventa online especializado para ayudarle a resolver el problema.<\/li><li>Si el problema no puede resolverse online, organizaremos la visita de un ingeniero para que lo repare in situ en el plazo de una semana.<\/li><\/ol>\n\n\n\n<h5 class=\"wp-block-heading\">Comentarios de los compradores<\/h5>\n\n\n\n<p>Contamos con 10 a\u00f1os de experiencia en comercio exterior y exportaci\u00f3n, y actualmente nuestros clientes se encuentran en 90 pa\u00edses de todo el mundo.<br>Gracias a nuestras m\u00e1quinas de alta calidad y a nuestros servicios profesionales, hemos obtenido el reconocimiento un\u00e1nime de nuestros clientes.<\/p>\n\n\n\n<h3 class=\"wp-block-heading\"><span style=\"color: var(--paletteColor8, #ffffff);background-color: #f34957\" class=\"stk-highlight\">Preguntas frecuentes<\/span><\/h3>\n\n\n\n<p><strong><span style=\"color: #222222;background-color: var(--paletteColor5, #eaeaec)\" class=\"stk-highlight\">P1: \u00bfTienen un manual o un v\u00eddeo de funcionamiento para que sepamos m\u00e1s sobre la m\u00e1quina?<\/span><\/strong><br>S\u00ed, no solo disponemos de manual o v\u00eddeo de funcionamiento, tambi\u00e9n podemos realizar dise\u00f1os en 3D seg\u00fan sus especificaciones, adem\u00e1s de v\u00eddeos probando el material en nuestra m\u00e1quina de envasado, siempre que nos resulte f\u00e1cil encontrar el producto en nuestro mercado local.<br><strong><span style=\"color: #222222;background-color: var(--paletteColor5, #eaeaec)\" class=\"stk-highlight\">P2: \u00bfC\u00f3mo puedo confiar en ustedes para realizar negocios por primera vez?<\/span><\/strong><br>Por favor, tenga en cuenta nuestra licencia comercial y certificados anteriores. Si no conf\u00eda en nosotros, puede visitar nuestra empresa para conocer nuestra cultura corporativa y dem\u00e1s, garantizando as\u00ed la entrega puntual y la calidad de sus m\u00e1quinas.<br><strong><span style=\"color: #222222;background-color: var(--paletteColor5, #eaeaec)\" class=\"stk-highlight\">P3: \u00bfC\u00f3mo elegir una m\u00e1quina?<\/span><\/strong><br>Contacte con Kathy en el +86 13715725813 o env\u00ede un correo electr\u00f3nico a Kathy@autofoodpack.com. Ind\u00edquenos el tipo de producto (part\u00edcula, l\u00edquido, polvo), el tama\u00f1o del producto, la forma de la bolsa (pel\u00edcula en rollo, bolsa prefabricada) y el peso del producto (5g-5kg), y le recomendaremos el modelo adecuado.<br><strong><span style=\"color: #222222;background-color: var(--paletteColor5, #eaeaec)\" class=\"stk-highlight\">P4: \u00bfC\u00f3mo podemos asegurarnos de la calidad de la m\u00e1quina despu\u00e9s de realizar el pedido?<\/span><\/strong><br>Antes de la entrega, le enviaremos fotos y v\u00eddeos para que pueda comprobar la calidad; tambi\u00e9n puede organizar una inspecci\u00f3n de calidad por su cuenta o a trav\u00e9s de sus contactos en China.<br><strong><span style=\"color: #222222;background-color: var(--paletteColor5, #eaeaec)\" class=\"stk-highlight\">P5: Si tenemos muestras de productos nuevos, \u00bfpueden ayudarnos a analizar y dise\u00f1ar la m\u00e1quina?<\/span><\/strong><br>S\u00ed, nuestro departamento t\u00e9cnico puede ayudarle a analizar, dise\u00f1ar y probar los nuevos productos que nos proporcione.<\/p>\n\n\n\n<p><\/p>","protected":false},"excerpt":{"rendered":"<ol>\n<li>Acero inoxidable 304 (parte en contacto con alimentos)<\/li>\n<li>Precio bajo, ahorro de mano de obra<\/li>\n<li>Producci\u00f3n continua las 24 horas<\/li>\n<li>Seguimiento por ojo fotoel\u00e9ctrico, embalaje m\u00e1s preciso<\/li>\n<li>Efecto de embalaje con esquinas redondeadas<\/li>\n<li>Control inteligente de blindaje, sistema operativo en chino e ingl\u00e9s<\/li>\n<\/ol>","protected":false},"featured_media":1386,"comment_status":"open","ping_status":"closed","template":"","meta":[],"product_cat":[27],"product_tag":[183],"class_list":["post-1612","product","type-product","status-publish","has-post-thumbnail","hentry","product_cat-granular-packing-machine","product_tag-granule-packing-mahchine"],"featured_image_urls":{"full":["https:\/\/www.autofoodpack.com\/wp-content\/uploads\/2022\/08\/1-3.jpg",800,800,false],"thumbnail":["https:\/\/www.autofoodpack.com\/wp-content\/uploads\/2022\/08\/1-3.jpg",96,96,false],"medium":["https:\/\/www.autofoodpack.com\/wp-content\/uploads\/2022\/08\/1-3.jpg",800,800,false],"medium_large":["https:\/\/www.autofoodpack.com\/wp-content\/uploads\/2022\/08\/1-3-768x768.jpg",768,768,true],"large":["https:\/\/www.autofoodpack.com\/wp-content\/uploads\/2022\/08\/1-3.jpg",800,800,false],"1536x1536":["https:\/\/www.autofoodpack.com\/wp-content\/uploads\/2022\/08\/1-3.jpg",800,800,false],"2048x2048":["https:\/\/www.autofoodpack.com\/wp-content\/uploads\/2022\/08\/1-3.jpg",800,800,false],"trp-custom-language-flag":["https:\/\/www.autofoodpack.com\/wp-content\/uploads\/2022\/08\/1-3.jpg",12,12,false],"woocommerce_thumbnail":["https:\/\/www.autofoodpack.com\/wp-content\/uploads\/2022\/08\/1-3-300x300.jpg",300,300,true],"woocommerce_single":["https:\/\/www.autofoodpack.com\/wp-content\/uploads\/2022\/08\/1-3-600x600.jpg",600,600,true],"woocommerce_gallery_thumbnail":["https:\/\/www.autofoodpack.com\/wp-content\/uploads\/2022\/08\/1-3-100x100.jpg",100,100,true],"shop_catalog":["https:\/\/www.autofoodpack.com\/wp-content\/uploads\/2022\/08\/1-3-300x300.jpg",300,300,true],"shop_single":["https:\/\/www.autofoodpack.com\/wp-content\/uploads\/2022\/08\/1-3-600x600.jpg",600,600,true],"shop_thumbnail":["https:\/\/www.autofoodpack.com\/wp-content\/uploads\/2022\/08\/1-3-100x100.jpg",100,100,true]},"post_excerpt_stackable":"<ol>\n<li>304 stainless steel (part in contact with food)<\/li>\n<li>Low price, labor saving<\/li>\n<li>Continuous 24-hour production<\/li>\n<li>Photoelectric eye tracking, more accurate packaging<\/li>\n<li>Round corner packaging effect<\/li>\n<li>Intelligent shielding control, Chinese and English operating system<\/li>\n<\/ol>\n","category_list":"","author_info":{"name":"","url":""},"comments_num":"0 comments","_links":{"self":[{"href":"https:\/\/www.autofoodpack.com\/es\/wp-json\/wp\/v2\/product\/1612","targetHints":{"allow":["GET"]}}],"collection":[{"href":"https:\/\/www.autofoodpack.com\/es\/wp-json\/wp\/v2\/product"}],"about":[{"href":"https:\/\/www.autofoodpack.com\/es\/wp-json\/wp\/v2\/types\/product"}],"replies":[{"embeddable":true,"href":"https:\/\/www.autofoodpack.com\/es\/wp-json\/wp\/v2\/comments?post=1612"}],"wp:featuredmedia":[{"embeddable":true,"href":"https:\/\/www.autofoodpack.com\/es\/wp-json\/wp\/v2\/media\/1386"}],"wp:attachment":[{"href":"https:\/\/www.autofoodpack.com\/es\/wp-json\/wp\/v2\/media?parent=1612"}],"wp:term":[{"taxonomy":"product_cat","embeddable":true,"href":"https:\/\/www.autofoodpack.com\/es\/wp-json\/wp\/v2\/product_cat?post=1612"},{"taxonomy":"product_tag","embeddable":true,"href":"https:\/\/www.autofoodpack.com\/es\/wp-json\/wp\/v2\/product_tag?post=1612"}],"curies":[{"name":"puntos de venta","href":"https:\/\/api.w.org\/{rel}","templated":true}]}}