{"id":1660,"date":"2022-10-12T14:17:01","date_gmt":"2022-10-12T06:17:01","guid":{"rendered":"https:\/\/www.autofoodpack.com\/?post_type=product&#038;p=1660"},"modified":"2022-10-12T14:40:27","modified_gmt":"2022-10-12T06:40:27","slug":"powder-zipper-pouch-packaging-machines-ziplock-bag-stand-up-emballage-pepper-spices-filling-sealing-doypack-packing-machine%ef%bf%bc","status":"publish","type":"product","link":"https:\/\/www.autofoodpack.com\/es\/product\/powder-zipper-pouch-packaging-machines-ziplock-bag-stand-up-emballage-pepper-spices-filling-sealing-doypack-packing-machine%ef%bf%bc\/","title":{"rendered":"M\u00e1quinas de envasado de bolsas tipo Doypack con cierre herm\u00e9tico (zipper) para polvos, especias, llenado y sellado de bolsas verticales"},"content":{"rendered":"<h3 class=\"wp-block-heading\"><span style=\"color: var(--paletteColor8, #ffffff);background-color: #f34957\" class=\"stk-highlight\">Introducci\u00f3n a la m\u00e1quina<\/span><\/h3>\n\n\n\n<p>La Mingkai MKV-8-230B es aplicable a la m\u00e1quina de envasado autom\u00e1tico para materiales en polvo y a la m\u00e1quina de envasado con diversos formatos de bolsa.<br>Bolsas adecuadas: bolsa tipo stand-up, bolsas con cierre, bolsa con forma, bolsas selladas por los cuatro lados, bolsas selladas por tres lados, bolsas tipo M, bolsas selladas por ocho lados, etc.<\/p>\n\n\n\n<h5 class=\"wp-block-heading\">Configuraci\u00f3n del tipo de part\u00edcula de empaquetado<\/h5>\n\n\n\n<p>Polvo: condimento en polvo, leche en polvo, dextrosa en polvo, caf\u00e9 en polvo, condimentos qu\u00edmicos, pesticidas y fertilizantes qu\u00edmicos;<\/p>\n\n\n\n<figure class=\"wp-block-image size-full\"><img loading=\"lazy\" decoding=\"async\" width=\"750\" height=\"654\" src=\"https:\/\/www.autofoodpack.com\/wp-content\/uploads\/2022\/09\/\u4ea7\u54c1_02.jpg\" alt=\"\" class=\"wp-image-1644\" srcset=\"https:\/\/www.autofoodpack.com\/wp-content\/uploads\/2022\/09\/\u4ea7\u54c1_02.jpg 750w, https:\/\/www.autofoodpack.com\/wp-content\/uploads\/2022\/09\/\u4ea7\u54c1_02-300x262.jpg 300w, https:\/\/www.autofoodpack.com\/wp-content\/uploads\/2022\/09\/\u4ea7\u54c1_02-600x523.jpg 600w\" sizes=\"auto, (max-width: 750px) 100vw, 750px\" \/><\/figure>\n\n\n\n<h3 class=\"wp-block-heading\"><span style=\"color: var(--paletteColor8, #ffffff);background-color: #f34957\" class=\"stk-highlight\">Par\u00e1metros de la m\u00e1quina<\/span><\/h3>\n\n\n\n<figure class=\"wp-block-table\"><table><tbody><tr><td><strong>N.\u00ba de modelo.<\/strong><\/td><td>MK-8-230B\/300B\/380B<\/td><\/tr><tr><td><strong>Forma de la bolsa<\/strong><\/td><td>Bolsa tipo stand-up, bolsas con cierre, bolsa con forma, bolsas selladas por los cuatro lados, bolsas selladas por tres lados, bolsas tipo M, bolsas selladas por ocho lados, etc.<\/td><\/tr><tr><td><strong>Velocidad de empaquetado<\/strong><\/td><td>20-60 bolsas\/min<\/td><\/tr><tr><td><strong>Longitud de bolsa<\/strong><\/td><td>100-350mm<\/td><\/tr><tr><td><strong>Ancho de bolsa<\/strong><\/td><td>80-350mm<\/td><\/tr><tr><td><strong>Tama\u00f1o de la m\u00e1quina<\/strong><\/td><td>L)3400<em>An) 2820<\/em>H)2500 mm<\/td><\/tr><tr><td><strong>Potencia<\/strong><\/td><td>Trif\u00e1sico 380V 50\/60Hz, 2.3-7.5KW<\/td><\/tr><tr><td><strong>Peso de la m\u00e1quina<\/strong><\/td><td>\u22481800 kg<\/td><\/tr><tr><td><strong>Adecuado para<\/strong><\/td><td>Polvos<\/td><\/tr><tr><td><strong>Flujo de trabajo de ocho estaciones<\/strong><\/td><td>1. Suministro de bolsas <br>2. Codificaci\u00f3n <br>3. Apertura de bolsa <br>4. Llenado A<br>5. Llenado B <br>6. Sellado t\u00e9rmico A <br>7. Sellado t\u00e9rmico B <br>8. Formado y salida <\/td><\/tr><\/tbody><\/table><\/figure>\n\n\n\n<figure class=\"wp-block-image size-full\"><img loading=\"lazy\" decoding=\"async\" width=\"750\" height=\"398\" src=\"https:\/\/www.autofoodpack.com\/wp-content\/uploads\/2022\/09\/8\u5de5\u4f4d.jpg\" alt=\"\" class=\"wp-image-1642\" srcset=\"https:\/\/www.autofoodpack.com\/wp-content\/uploads\/2022\/09\/8\u5de5\u4f4d.jpg 750w, https:\/\/www.autofoodpack.com\/wp-content\/uploads\/2022\/09\/8\u5de5\u4f4d-300x159.jpg 300w, https:\/\/www.autofoodpack.com\/wp-content\/uploads\/2022\/09\/8\u5de5\u4f4d-600x318.jpg 600w\" sizes=\"auto, (max-width: 750px) 100vw, 750px\" \/><\/figure>\n\n\n\n<h3 class=\"wp-block-heading\"><span style=\"color: var(--paletteColor8, #ffffff);background-color: #f34957\" class=\"stk-highlight\">Caracter\u00edsticas de la m\u00e1quina<\/span><\/h3>\n\n\n\n<p>1. Una sola persona puede operar la m\u00e1quina, lo que permite ahorrar una cantidad significativa en costos de mano de obra.<br>2. La secci\u00f3n donde el material entra en contacto es de acero inoxidable, ya que el cuerpo de la m\u00e1quina puede ser total o parcialmente de acero inoxidable, y todos los equipos externos han superado la norma CE.<br>3. El seguimiento fotoel\u00e9ctrico de alta sensibilidad del color y la entrada digital de la posici\u00f3n de corte permiten una mayor precisi\u00f3n.<br>4. Para un rendimiento estable: controlador de doble inversor, sistema PLC actualizable, autodiagn\u00f3stico de fallos, codificador doble.<br>5. Para un funcionamiento sencillo: monitor de pantalla t\u00e1ctil, controlador PID de temperatura independiente.,<br>6. Para una mayor adaptabilidad: un mismo conjunto de m\u00e1quina puede aplicarse a diferentes tipos de productos mediante dispositivos opcionales, como dispositivo de llenado de aire, l\u00ednea de alimentaci\u00f3n, etc.<\/p>\n\n\n\n<h3 class=\"wp-block-heading\"><span style=\"color: var(--paletteColor8, #ffffff);background-color: #f34957\" class=\"stk-highlight\">Detalles de la m\u00e1quina<\/span><\/h3>\n\n\n\n<h5 class=\"wp-block-heading\">Sistema de control PLC Siemens<\/h5>\n\n\n\n<p>Interfaz interactiva de la m\u00e1quina. F\u00e1cil de controlar y ajustar.<br>El idioma se personaliza seg\u00fan los requisitos espec\u00edficos del cliente.<br>Sistema de control inteligente: el ancho de todas las abrazaderas se puede ajustar mediante el sistema PLC, lo cual es muy conveniente.<\/p>\n\n\n\n<figure class=\"wp-block-image size-full\"><img loading=\"lazy\" decoding=\"async\" width=\"750\" height=\"600\" src=\"https:\/\/www.autofoodpack.com\/wp-content\/uploads\/2022\/09\/\u673a\u5668\u7ec6\u8282\u63cf\u8ff0-1-1.jpg\" alt=\"\" class=\"wp-image-1646\" srcset=\"https:\/\/www.autofoodpack.com\/wp-content\/uploads\/2022\/09\/\u673a\u5668\u7ec6\u8282\u63cf\u8ff0-1-1.jpg 750w, https:\/\/www.autofoodpack.com\/wp-content\/uploads\/2022\/09\/\u673a\u5668\u7ec6\u8282\u63cf\u8ff0-1-1-300x240.jpg 300w, https:\/\/www.autofoodpack.com\/wp-content\/uploads\/2022\/09\/\u673a\u5668\u7ec6\u8282\u63cf\u8ff0-1-1-600x480.jpg 600w\" sizes=\"auto, (max-width: 750px) 100vw, 750px\" \/><\/figure>\n\n\n\n<h5 class=\"wp-block-heading\">Ajuste autom\u00e1tico del ancho de bolsa con un bot\u00f3n<\/h5>\n\n\n\n<p>Ocho estaciones se ajustan al mismo tiempo y el cambio de bolsa se puede realizar con una sola tecla.<\/p>\n\n\n\n<figure class=\"wp-block-image size-full\"><img loading=\"lazy\" decoding=\"async\" width=\"750\" height=\"600\" src=\"https:\/\/www.autofoodpack.com\/wp-content\/uploads\/2022\/09\/\u673a\u5668\u7ec6\u8282\u63cf\u8ff0-2-1.jpg\" alt=\"\" class=\"wp-image-1647\" srcset=\"https:\/\/www.autofoodpack.com\/wp-content\/uploads\/2022\/09\/\u673a\u5668\u7ec6\u8282\u63cf\u8ff0-2-1.jpg 750w, https:\/\/www.autofoodpack.com\/wp-content\/uploads\/2022\/09\/\u673a\u5668\u7ec6\u8282\u63cf\u8ff0-2-1-300x240.jpg 300w, https:\/\/www.autofoodpack.com\/wp-content\/uploads\/2022\/09\/\u673a\u5668\u7ec6\u8282\u63cf\u8ff0-2-1-600x480.jpg 600w\" sizes=\"auto, (max-width: 750px) 100vw, 750px\" \/><\/figure>\n\n\n\n<h5 class=\"wp-block-heading\">Cinta transportadora de alimentaci\u00f3n<\/h5>\n\n\n\n<p>Vierta el polvo en la tolva y la bomba de vac\u00edo transportar\u00e1 el polvo a la m\u00e1quina dosificadora de tornillo<\/p>\n\n\n\n<figure class=\"wp-block-image size-full\"><img loading=\"lazy\" decoding=\"async\" width=\"750\" height=\"600\" src=\"https:\/\/www.autofoodpack.com\/wp-content\/uploads\/2022\/10\/\u4e0b\u6599\u5668.jpg\" alt=\"\" class=\"wp-image-1662\" srcset=\"https:\/\/www.autofoodpack.com\/wp-content\/uploads\/2022\/10\/\u4e0b\u6599\u5668.jpg 750w, https:\/\/www.autofoodpack.com\/wp-content\/uploads\/2022\/10\/\u4e0b\u6599\u5668-300x240.jpg 300w, https:\/\/www.autofoodpack.com\/wp-content\/uploads\/2022\/10\/\u4e0b\u6599\u5668-600x480.jpg 600w\" sizes=\"auto, (max-width: 750px) 100vw, 750px\" \/><\/figure>\n\n\n\n<h5 class=\"wp-block-heading\">Alimentador de tornillo<\/h5>\n\n\n\n<p>Mide autom\u00e1ticamente el volumen de polvo y llena con alta precisi\u00f3n.<\/p>\n\n\n\n<figure class=\"wp-block-image size-full\"><img loading=\"lazy\" decoding=\"async\" width=\"750\" height=\"600\" src=\"https:\/\/www.autofoodpack.com\/wp-content\/uploads\/2022\/10\/\u4e0a\u6599\u5668.jpg\" alt=\"\" class=\"wp-image-1661\" srcset=\"https:\/\/www.autofoodpack.com\/wp-content\/uploads\/2022\/10\/\u4e0a\u6599\u5668.jpg 750w, https:\/\/www.autofoodpack.com\/wp-content\/uploads\/2022\/10\/\u4e0a\u6599\u5668-300x240.jpg 300w, https:\/\/www.autofoodpack.com\/wp-content\/uploads\/2022\/10\/\u4e0a\u6599\u5668-600x480.jpg 600w\" sizes=\"auto, (max-width: 750px) 100vw, 750px\" \/><\/figure>\n\n\n\n<h5 class=\"wp-block-heading\">Full automatic microcomputer combined scale<\/h5>\n\n\n\n<p>The speed is fast, the weight is stable, and the error rate is less than \u00b1 1%. (depending on the material)<\/p>\n\n\n\n<figure class=\"wp-block-image size-full\"><img loading=\"lazy\" decoding=\"async\" width=\"750\" height=\"600\" src=\"https:\/\/www.autofoodpack.com\/wp-content\/uploads\/2022\/09\/\u673a\u5668\u7ec6\u8282\u63cf\u8ff0-3-1.jpg\" alt=\"\" class=\"wp-image-1648\" srcset=\"https:\/\/www.autofoodpack.com\/wp-content\/uploads\/2022\/09\/\u673a\u5668\u7ec6\u8282\u63cf\u8ff0-3-1.jpg 750w, https:\/\/www.autofoodpack.com\/wp-content\/uploads\/2022\/09\/\u673a\u5668\u7ec6\u8282\u63cf\u8ff0-3-1-300x240.jpg 300w, https:\/\/www.autofoodpack.com\/wp-content\/uploads\/2022\/09\/\u673a\u5668\u7ec6\u8282\u63cf\u8ff0-3-1-600x480.jpg 600w\" sizes=\"auto, (max-width: 750px) 100vw, 750px\" \/><\/figure>\n\n\n\n<h5 class=\"wp-block-heading\">Zipper opening device<\/h5>\n\n\n\n<p>For the packaging bag type with zipper, this device can be added to open the bag intelligently<\/p>\n\n\n\n<figure class=\"wp-block-image size-full\"><img loading=\"lazy\" decoding=\"async\" width=\"750\" height=\"600\" src=\"https:\/\/www.autofoodpack.com\/wp-content\/uploads\/2022\/09\/\u673a\u5668\u7ec6\u8282\u63cf\u8ff0-4-1.jpg\" alt=\"\" class=\"wp-image-1649\" srcset=\"https:\/\/www.autofoodpack.com\/wp-content\/uploads\/2022\/09\/\u673a\u5668\u7ec6\u8282\u63cf\u8ff0-4-1.jpg 750w, https:\/\/www.autofoodpack.com\/wp-content\/uploads\/2022\/09\/\u673a\u5668\u7ec6\u8282\u63cf\u8ff0-4-1-300x240.jpg 300w, https:\/\/www.autofoodpack.com\/wp-content\/uploads\/2022\/09\/\u673a\u5668\u7ec6\u8282\u63cf\u8ff0-4-1-600x480.jpg 600w\" sizes=\"auto, (max-width: 750px) 100vw, 750px\" \/><\/figure>\n\n\n\n<h5 class=\"wp-block-heading\">Easy to install and operate<\/h5>\n\n\n\n<p>Fully-auto coding , filling and sealing functions.<\/p>\n\n\n\n<figure class=\"wp-block-image size-full\"><img loading=\"lazy\" decoding=\"async\" width=\"750\" height=\"600\" src=\"https:\/\/www.autofoodpack.com\/wp-content\/uploads\/2022\/09\/\u673a\u5668\u7ec6\u8282\u63cf\u8ff0-5-1.jpg\" alt=\"\" class=\"wp-image-1650\" srcset=\"https:\/\/www.autofoodpack.com\/wp-content\/uploads\/2022\/09\/\u673a\u5668\u7ec6\u8282\u63cf\u8ff0-5-1.jpg 750w, https:\/\/www.autofoodpack.com\/wp-content\/uploads\/2022\/09\/\u673a\u5668\u7ec6\u8282\u63cf\u8ff0-5-1-300x240.jpg 300w, https:\/\/www.autofoodpack.com\/wp-content\/uploads\/2022\/09\/\u673a\u5668\u7ec6\u8282\u63cf\u8ff0-5-1-600x480.jpg 600w\" sizes=\"auto, (max-width: 750px) 100vw, 750px\" \/><\/figure>\n\n\n\n<h3 class=\"wp-block-heading\"><span style=\"color: var(--paletteColor8, #ffffff);background-color: #f34957\" class=\"stk-highlight\">Why Choose Us<\/span><\/h3>\n\n\n\n<figure class=\"wp-block-image size-full\"><img loading=\"lazy\" decoding=\"async\" width=\"750\" height=\"490\" src=\"https:\/\/www.autofoodpack.com\/wp-content\/uploads\/2022\/09\/\u516c\u53f8\u4ecb\u7ecd-1.jpg\" alt=\"\" class=\"wp-image-1636\" srcset=\"https:\/\/www.autofoodpack.com\/wp-content\/uploads\/2022\/09\/\u516c\u53f8\u4ecb\u7ecd-1.jpg 750w, https:\/\/www.autofoodpack.com\/wp-content\/uploads\/2022\/09\/\u516c\u53f8\u4ecb\u7ecd-1-300x196.jpg 300w, https:\/\/www.autofoodpack.com\/wp-content\/uploads\/2022\/09\/\u516c\u53f8\u4ecb\u7ecd-1-600x392.jpg 600w\" sizes=\"auto, (max-width: 750px) 100vw, 750px\" \/><\/figure>\n\n\n\n<h5 class=\"wp-block-heading\">Company Profile<\/h5>\n\n\n\n<p>Mingkai a leading manufacturer of Packaging machine and supporting facilities, which has successfully developed more than 80 kinds of packaging machines. Mingkai Packaging Machine has widely applied for different fields throughout the world, such as food\/ industrial food, medicines, hotel supplies, disposable goods, rubber goods, daily appliances, hardware fittings, sporting goods, toys etc.<\/p>\n\n\n\n<figure class=\"wp-block-image size-full\"><img loading=\"lazy\" decoding=\"async\" width=\"750\" height=\"979\" src=\"https:\/\/www.autofoodpack.com\/wp-content\/uploads\/2022\/09\/\u516c\u53f8\u7b80\u4ecb.jpg\" alt=\"\" class=\"wp-image-1615\" srcset=\"https:\/\/www.autofoodpack.com\/wp-content\/uploads\/2022\/09\/\u516c\u53f8\u7b80\u4ecb.jpg 750w, https:\/\/www.autofoodpack.com\/wp-content\/uploads\/2022\/09\/\u516c\u53f8\u7b80\u4ecb-300x392.jpg 300w, https:\/\/www.autofoodpack.com\/wp-content\/uploads\/2022\/09\/\u516c\u53f8\u7b80\u4ecb-600x783.jpg 600w\" sizes=\"auto, (max-width: 750px) 100vw, 750px\" \/><\/figure>\n\n\n\n<figure class=\"wp-block-image size-full\"><img loading=\"lazy\" decoding=\"async\" width=\"750\" height=\"325\" src=\"https:\/\/www.autofoodpack.com\/wp-content\/uploads\/2022\/09\/\u8bc1\u4e66.jpg\" alt=\"\" class=\"wp-image-1634\" srcset=\"https:\/\/www.autofoodpack.com\/wp-content\/uploads\/2022\/09\/\u8bc1\u4e66.jpg 750w, https:\/\/www.autofoodpack.com\/wp-content\/uploads\/2022\/09\/\u8bc1\u4e66-300x130.jpg 300w, https:\/\/www.autofoodpack.com\/wp-content\/uploads\/2022\/09\/\u8bc1\u4e66-600x260.jpg 600w\" sizes=\"auto, (max-width: 750px) 100vw, 750px\" \/><\/figure>\n\n\n\n<h5 class=\"wp-block-heading\">Professional and Strong Team<\/h5>\n\n\n\n<p>Mingkai has a professional team that can provide customers with various packaging solutions. After fully understanding the customer\u2019s needs, we provide the most suitable packaging solution to the customer.<br>Then start the production of the machine. We have a strong production and processing capacity, from the customized processing of accessories to the assembly and debugging of<br>the machine. Finally, it is packaged and shipped, and it only takes a week to complete.<\/p>\n\n\n\n<figure class=\"wp-block-image size-full\"><img loading=\"lazy\" decoding=\"async\" width=\"750\" height=\"621\" src=\"https:\/\/www.autofoodpack.com\/wp-content\/uploads\/2022\/09\/\u4e13\u4e1a\u548c\u5f3a\u5927\u7684\u56e2\u961f.jpg\" alt=\"\" class=\"wp-image-1623\" srcset=\"https:\/\/www.autofoodpack.com\/wp-content\/uploads\/2022\/09\/\u4e13\u4e1a\u548c\u5f3a\u5927\u7684\u56e2\u961f.jpg 750w, https:\/\/www.autofoodpack.com\/wp-content\/uploads\/2022\/09\/\u4e13\u4e1a\u548c\u5f3a\u5927\u7684\u56e2\u961f-300x248.jpg 300w, https:\/\/www.autofoodpack.com\/wp-content\/uploads\/2022\/09\/\u4e13\u4e1a\u548c\u5f3a\u5927\u7684\u56e2\u961f-600x497.jpg 600w\" sizes=\"auto, (max-width: 750px) 100vw, 750px\" \/><\/figure>\n\n\n\n<h5 class=\"wp-block-heading\">Servicio posventa oportuno y eficaz<\/h5>\n\n\n\n<p>Elegirnos no es solo comprar una m\u00e1quina, sino tambi\u00e9n contar con nuestro servicio profesional y oportuno.<\/p>\n\n\n\n<ol class=\"wp-block-list\"><li>Cuando se entregue la m\u00e1quina, adjuntaremos un v\u00eddeo sobre su instalaci\u00f3n y funcionamiento, para que pueda empezar a utilizarla r\u00e1pidamente.<\/li><li>Algunas de nuestras m\u00e1quinas tienen un a\u00f1o de garant\u00eda y las reemplazaremos en caso de fallo.<\/li><li>Cuando su m\u00e1quina falle, contaremos con ingenieros profesionales que le ofrecer\u00e1n un servicio posventa online especializado para ayudarle a resolver el problema.<\/li><li>Si el problema no puede resolverse online, organizaremos la visita de un ingeniero para que lo repare in situ en el plazo de una semana.<\/li><\/ol>\n\n\n\n<h5 class=\"wp-block-heading\">Comentarios de los compradores<\/h5>\n\n\n\n<p>Contamos con 10 a\u00f1os de experiencia en comercio exterior y exportaci\u00f3n, y actualmente nuestros clientes se encuentran en 90 pa\u00edses de todo el mundo.<br>Gracias a nuestras m\u00e1quinas de alta calidad y a nuestros servicios profesionales, hemos obtenido el reconocimiento un\u00e1nime de nuestros clientes.<\/p>\n\n\n\n<h3 class=\"wp-block-heading\"><span style=\"color: var(--paletteColor8, #ffffff);background-color: #f34957\" class=\"stk-highlight\">Preguntas frecuentes<\/span><\/h3>\n\n\n\n<p><strong><span style=\"color: #222222;background-color: var(--paletteColor5, #eaeaec)\" class=\"stk-highlight\">P1: \u00bfTienen un manual o un v\u00eddeo de funcionamiento para que sepamos m\u00e1s sobre la m\u00e1quina?<\/span><\/strong><br>S\u00ed, no solo disponemos de manual o v\u00eddeo de funcionamiento, tambi\u00e9n podemos realizar dise\u00f1os en 3D seg\u00fan sus especificaciones, adem\u00e1s de v\u00eddeos probando el material en nuestra m\u00e1quina de envasado, siempre que nos resulte f\u00e1cil encontrar el producto en nuestro mercado local.<br><strong><span style=\"color: #222222;background-color: var(--paletteColor5, #eaeaec)\" class=\"stk-highlight\">P2: \u00bfC\u00f3mo puedo confiar en ustedes para realizar negocios por primera vez?<\/span><\/strong><br>Por favor, tenga en cuenta nuestra licencia comercial y certificados anteriores. Si no conf\u00eda en nosotros, puede visitar nuestra empresa para conocer nuestra cultura corporativa y dem\u00e1s, garantizando as\u00ed la entrega puntual y la calidad de sus m\u00e1quinas.<br><strong><span style=\"color: #222222;background-color: var(--paletteColor5, #eaeaec)\" class=\"stk-highlight\">P3: \u00bfC\u00f3mo elegir una m\u00e1quina?<\/span><\/strong><br>Contacte con Kathy en el +86 13715725813 o env\u00ede un correo electr\u00f3nico a Kathy@autofoodpack.com. Ind\u00edquenos el tipo de producto (part\u00edcula, l\u00edquido, polvo), el tama\u00f1o del producto, la forma de la bolsa (pel\u00edcula en rollo, bolsa prefabricada) y el peso del producto (5g-5kg), y le recomendaremos el modelo adecuado.<br><strong><span style=\"color: #222222;background-color: var(--paletteColor5, #eaeaec)\" class=\"stk-highlight\">P4: \u00bfC\u00f3mo podemos asegurarnos de la calidad de la m\u00e1quina despu\u00e9s de realizar el pedido?<\/span><\/strong><br>Antes de la entrega, le enviaremos fotos y v\u00eddeos para que pueda comprobar la calidad; tambi\u00e9n puede organizar una inspecci\u00f3n de calidad por su cuenta o a trav\u00e9s de sus contactos en China.<br><strong><span style=\"color: #222222;background-color: var(--paletteColor5, #eaeaec)\" class=\"stk-highlight\">P5: Si tenemos muestras de productos nuevos, \u00bfpueden ayudarnos a analizar y dise\u00f1ar la m\u00e1quina?<\/span><\/strong><br>S\u00ed, nuestro departamento t\u00e9cnico puede ayudarle a analizar, dise\u00f1ar y probar los nuevos productos que nos proporcione.<\/p>\n\n\n\n<p><\/p>","protected":false},"excerpt":{"rendered":"<ol>\n<li>Una persona puede operar la m\u00e1quina, ahorrando muchos costos laborales.<\/li>\n<li>La secci\u00f3n de contacto con el material est\u00e1 fabricada en acero inoxidable; el cuerpo de la m\u00e1quina puede ser total o parcialmente de acero inoxidable y todos los equipos cuentan con la certificaci\u00f3n est\u00e1ndar CE.<\/li>\n<li>El trazado de color fotoel\u00e9ctrico de alta sensibilidad y la entrada digital de la posici\u00f3n de corte proporcionan una mayor precisi\u00f3n.<\/li>\n<li>Para un rendimiento estable: controlador de doble inversor, sistema PLC actualizable, autodiagn\u00f3stico de fallas, codificador doble.<\/li>\n<li>Para un funcionamiento sencillo: monitor de pantalla t\u00e1ctil, controlador PID de temperatura independiente,<\/li>\n<li>Para mayor adaptabilidad: un solo equipo puede aplicarse a diferentes tipos de productos mediante dispositivos opcionales, como dispositivos de llenado de aire, l\u00edneas de alimentaci\u00f3n, etc.<\/li>\n<\/ol>","protected":false},"featured_media":1664,"comment_status":"open","ping_status":"closed","template":"","meta":[],"product_cat":[26,25,29],"product_tag":[183],"class_list":["post-1660","product","type-product","status-publish","has-post-thumbnail","hentry","product_cat-doypack-machine","product_cat-hot-product","product_cat-powder-packing-machine","product_tag-granule-packing-mahchine"],"featured_image_urls":{"full":["https:\/\/www.autofoodpack.com\/wp-content\/uploads\/2022\/10\/230B.jpg",800,800,false],"thumbnail":["https:\/\/www.autofoodpack.com\/wp-content\/uploads\/2022\/10\/230B.jpg",96,96,false],"medium":["https:\/\/www.autofoodpack.com\/wp-content\/uploads\/2022\/10\/230B.jpg",800,800,false],"medium_large":["https:\/\/www.autofoodpack.com\/wp-content\/uploads\/2022\/10\/230B-768x768.jpg",768,768,true],"large":["https:\/\/www.autofoodpack.com\/wp-content\/uploads\/2022\/10\/230B.jpg",800,800,false],"1536x1536":["https:\/\/www.autofoodpack.com\/wp-content\/uploads\/2022\/10\/230B.jpg",800,800,false],"2048x2048":["https:\/\/www.autofoodpack.com\/wp-content\/uploads\/2022\/10\/230B.jpg",800,800,false],"trp-custom-language-flag":["https:\/\/www.autofoodpack.com\/wp-content\/uploads\/2022\/10\/230B.jpg",12,12,false],"woocommerce_thumbnail":["https:\/\/www.autofoodpack.com\/wp-content\/uploads\/2022\/10\/230B-300x300.jpg",300,300,true],"woocommerce_single":["https:\/\/www.autofoodpack.com\/wp-content\/uploads\/2022\/10\/230B-600x600.jpg",600,600,true],"woocommerce_gallery_thumbnail":["https:\/\/www.autofoodpack.com\/wp-content\/uploads\/2022\/10\/230B-100x100.jpg",100,100,true],"shop_catalog":["https:\/\/www.autofoodpack.com\/wp-content\/uploads\/2022\/10\/230B-300x300.jpg",300,300,true],"shop_single":["https:\/\/www.autofoodpack.com\/wp-content\/uploads\/2022\/10\/230B-600x600.jpg",600,600,true],"shop_thumbnail":["https:\/\/www.autofoodpack.com\/wp-content\/uploads\/2022\/10\/230B-100x100.jpg",100,100,true]},"post_excerpt_stackable":"<ol>\n<li>One person can operate a machine, saving a lot of labor costs.<\/li>\n<li>The section where the material contact is stainless steel as the body of machine is optional for complete orpartial stainless steel and all out equipments have passed the CE Standard.<\/li>\n<li>High-sensitivity photoelectric color tracing and digital input of cutting position get more accuracy.<\/li>\n<li>For Stable Performance: Dual inverters controller, upgradable PLC system, self-failure diagnosis, double encoder.<\/li>\n<li>For Easy Operation: Touch screen monitor, independent temperature PID controller,<\/li>\n<li>For adaptability: one set of machine can be applicated to different kind of product via optional devices, such as air-filling device, feeding line, etc.<\/li>\n<\/ol>\n","category_list":"","author_info":{"name":"","url":""},"comments_num":"0 comments","_links":{"self":[{"href":"https:\/\/www.autofoodpack.com\/es\/wp-json\/wp\/v2\/product\/1660","targetHints":{"allow":["GET"]}}],"collection":[{"href":"https:\/\/www.autofoodpack.com\/es\/wp-json\/wp\/v2\/product"}],"about":[{"href":"https:\/\/www.autofoodpack.com\/es\/wp-json\/wp\/v2\/types\/product"}],"replies":[{"embeddable":true,"href":"https:\/\/www.autofoodpack.com\/es\/wp-json\/wp\/v2\/comments?post=1660"}],"wp:featuredmedia":[{"embeddable":true,"href":"https:\/\/www.autofoodpack.com\/es\/wp-json\/wp\/v2\/media\/1664"}],"wp:attachment":[{"href":"https:\/\/www.autofoodpack.com\/es\/wp-json\/wp\/v2\/media?parent=1660"}],"wp:term":[{"taxonomy":"product_cat","embeddable":true,"href":"https:\/\/www.autofoodpack.com\/es\/wp-json\/wp\/v2\/product_cat?post=1660"},{"taxonomy":"product_tag","embeddable":true,"href":"https:\/\/www.autofoodpack.com\/es\/wp-json\/wp\/v2\/product_tag?post=1660"}],"curies":[{"name":"puntos de venta","href":"https:\/\/api.w.org\/{rel}","templated":true}]}}