{"id":1325,"date":"2022-07-02T10:22:26","date_gmt":"2022-07-02T02:22:26","guid":{"rendered":"https:\/\/www.autofoodpack.com\/?post_type=product&#038;p=1325"},"modified":"2026-05-10T00:25:59","modified_gmt":"2026-05-09T16:25:59","slug":"multifunction-bag-given-packing-machine","status":"publish","type":"product","link":"https:\/\/www.autofoodpack.com\/fr\/product\/multifunction-bag-given-packing-machine\/","title":{"rendered":"Machine d'emballage multifonctionnelle \u00e0 sachets pr\u00e9d\u00e9coup\u00e9s (MK-8-230)"},"content":{"rendered":"<p><strong>Granules:<\/strong> potato chips, granulated sugar, soft white sugar, chicken essence, grains, candy, hardware, toys;<\/p>\n<p><strong>Liquid:<\/strong> sauce, fruit juice, jam, beverage, detergent, chili sauce, bean paste, etc;<\/p>\n<p><strong>Powder:<\/strong> seasoning powder, milk powder, grape sugar powder, coffee powder, chemical seasoning, pesticide and chemical fertilizer;<\/p>\n<p><strong>Packing Exambers<\/strong><\/p>\n<p><img loading=\"lazy\" decoding=\"async\" class=\"alignnone size-full wp-image-1329\" src=\"https:\/\/www.autofoodpack.com\/wp-content\/uploads\/2022\/07\/\u5b9e\u4f8b.jpg\" alt=\"\" width=\"2199\" height=\"1162\" srcset=\"https:\/\/www.autofoodpack.com\/wp-content\/uploads\/2022\/07\/\u5b9e\u4f8b.jpg 2199w, https:\/\/www.autofoodpack.com\/wp-content\/uploads\/2022\/07\/\u5b9e\u4f8b-768x406.jpg 768w, https:\/\/www.autofoodpack.com\/wp-content\/uploads\/2022\/07\/\u5b9e\u4f8b-1536x812.jpg 1536w, https:\/\/www.autofoodpack.com\/wp-content\/uploads\/2022\/07\/\u5b9e\u4f8b-2048x1082.jpg 2048w, https:\/\/www.autofoodpack.com\/wp-content\/uploads\/2022\/07\/\u5b9e\u4f8b-300x159.jpg 300w, https:\/\/www.autofoodpack.com\/wp-content\/uploads\/2022\/07\/\u5b9e\u4f8b-600x317.jpg 600w\" sizes=\"auto, (max-width: 2199px) 100vw, 2199px\" \/><\/p>\n<p><strong>Kindly Reminder:<\/strong><\/p>\n<p>We have experienced team of R &amp; D engineers who can customize packaging solutions according to your product characteristics.<br \/>\n24 hours online.<\/p>\n<p>After receiving your inquiry,We will send you the quotation as soon as possible.<\/p>\n<div class=\"everest-forms\"><div class=\"evf-container default\" id=\"evf-1035\"><form id=\"evf-form-1035\" class=\"everest-form\" data-formid=\"1035\" data-ajax_submission=\"0\" method=\"post\" enctype=\"multipart\/form-data\" action=\"\/fr\/wp-json\/wp\/v2\/product\/1325\"><div class=\"evf-field-container\"><input type=\"hidden\" id=\"_wpnonce1035\" name=\"_wpnonce1035\" value=\"2171cf605e\" \/><input type=\"hidden\" name=\"_wp_http_referer\" value=\"\/fr\/wp-json\/wp\/v2\/product\/1325\" \/><div class=\"evf-frontend-row\" data-row=\"row_1\"><div class=\"evf-frontend-grid evf-grid-2\" data-grid=\"grid_1\"><div id=\"evf-1035-field_lsR7VZ1zA7-1-container\" class=\"evf-field evf-field-last-name form-row\" data-field-id=\"lsR7VZ1zA7-1\"><label class=\"evf-field-label evf-label-hide\" for=\"evf-1035-field_lsR7VZ1zA7-1\"><span class=\"evf-label\">\u540d<\/span> <\/label><input type=\"text\" id=\"evf-1035-field_lsR7VZ1zA7-1\" class=\"input-text\" name=\"everest_forms[form_fields][lsR7VZ1zA7-1]\" placeholder=\"Name:\" ><\/div><\/div><div class=\"evf-frontend-grid evf-grid-2\" data-grid=\"grid_2\"><div id=\"evf-1035-field_mIIPZsDspb-2-container\" class=\"evf-field evf-field-email form-row validate-required validate-email\" data-required-field-message=\"\u8bf7\u8f93\u5165\u6b63\u786e\u7684\u7535\u5b50\u90ae\u4ef6\u5730\u5740\u3002\" data-field-id=\"mIIPZsDspb-2\"><label class=\"evf-field-label evf-label-hide\" for=\"evf-1035-field_mIIPZsDspb-2\"><span class=\"evf-label\">\u7535\u90ae<\/span> <abbr class=\"required\" title=\"Required\">*<\/abbr><\/label><input type=\"email\" id=\"evf-1035-field_mIIPZsDspb-2\" class=\"input-text\" name=\"everest_forms[form_fields][mIIPZsDspb-2]\" placeholder=\"Email:\" required ><\/div><\/div><\/div><div class=\"evf-frontend-row\" data-row=\"row_2\"><div class=\"evf-frontend-grid evf-grid-2\" data-grid=\"grid_1\"><div id=\"evf-1035-field_TRTyEMWnlk-3-container\" class=\"evf-field evf-field-number form-row\" data-field-id=\"TRTyEMWnlk-3\"><label class=\"evf-field-label evf-label-hide\" for=\"evf-1035-field_TRTyEMWnlk-3\"><span class=\"evf-label\">\u6570\u5b57<\/span> <\/label><input type=\"number\" id=\"evf-1035-field_TRTyEMWnlk-3\" class=\"input-text\" name=\"everest_forms[form_fields][TRTyEMWnlk-3]\" placeholder=\"Tel:\" \/><\/div><\/div><div class=\"evf-frontend-grid evf-grid-2\" data-grid=\"grid_2\"><div id=\"evf-1035-field_UHk9gX9XvG-4-container\" class=\"evf-field evf-field-text form-row\" data-field-id=\"UHk9gX9XvG-4\"><label class=\"evf-field-label evf-label-hide\" for=\"evf-1035-field_UHk9gX9XvG-4\"><span class=\"evf-label\">\u5355\u884c\u6587\u5b57<\/span> <\/label><input type=\"text\" id=\"evf-1035-field_UHk9gX9XvG-4\" class=\"input-text\" name=\"everest_forms[form_fields][UHk9gX9XvG-4]\" placeholder=\"Country:\" ><\/div><\/div><\/div><div class=\"evf-frontend-row\" data-row=\"row_3\"><div class=\"evf-frontend-grid evf-grid-1\" data-grid=\"grid_1\"><div id=\"evf-1035-field_rl40MminJe-6-container\" class=\"evf-field evf-field-textarea form-row\" data-field-id=\"rl40MminJe-6\"><label class=\"evf-field-label evf-label-hide\" for=\"evf-1035-field_rl40MminJe-6\"><span class=\"evf-label\">\u6bb5\u843d\u6587\u672c<\/span> <\/label><textarea id=\"evf-1035-field_rl40MminJe-6\" class=\"input-text\" name=\"everest_forms[form_fields][rl40MminJe-6]\" placeholder=\"Leave your message: Such as your product description, bag size\u2026\"  ><\/textarea><\/div><\/div><\/div><\/div><div class=\"evf-honeypot-container evf-field-hp\"><label for=\"evf-1035-field-hp\" class=\"evf-field-label\">Website<\/label><input type=\"text\" name=\"everest_forms[hp]\" id=\"evf-1035-field-hp\" class=\"input-text\"><\/div><div class=\"evf-submit-container \" ><input type=\"hidden\" name=\"everest_forms[id]\" value=\"1035\"><input type=\"hidden\" name=\"everest_forms[author]\" value=\"1\"><button type='submit' name='everest_forms[submit]' class='everest-forms-submit-button button evf-submit ' id='evf-submit-1035' value='evf-submit' data-process-text=\"sending\u2026\" conditional_rules='&quot;&quot;' conditional_id='evf-submit-1035'  id=\"evf-submit-1035\" aria-live=\"assertive\">SEND<\/button><\/div><\/form><\/div><!-- .evf-container --><\/div>\n","protected":false},"excerpt":{"rendered":"<ol>\n<li>304 stainless steel (part in contact with food)<\/li>\n<li>Germany FESTO, Japan SMC, Taiwan Adec, Japan Omron and other electronic components<\/li>\n<li>Mechanical transmission (cam gear lever full machine mode)<\/li>\n<li>Combined electronic scale, liquid pump, screw, shrink cup, manual feeding, etc. (optional)<\/li>\n<li>Applicable to a wide range of materials (particles, liquids, powders, etc.)<\/li>\n<li>Intelligent shielding control, Chinese and English operating system, various languages can be customized<\/li>\n<\/ol>","protected":false},"featured_media":1326,"comment_status":"open","ping_status":"closed","template":"","meta":[],"product_cat":[26,27,25,28,29],"product_tag":[161],"class_list":["post-1325","product","type-product","status-publish","has-post-thumbnail","hentry","product_cat-doypack-machine","product_cat-granular-packing-machine","product_cat-hot-product","product_cat-liquid-packing-machine","product_cat-powder-packing-machine","product_tag-multifunction-bag-given-packing-machine"],"featured_image_urls":{"full":["https:\/\/www.autofoodpack.com\/wp-content\/uploads\/2022\/07\/1.jpg",800,800,false],"thumbnail":["https:\/\/www.autofoodpack.com\/wp-content\/uploads\/2022\/07\/1.jpg",96,96,false],"medium":["https:\/\/www.autofoodpack.com\/wp-content\/uploads\/2022\/07\/1.jpg",800,800,false],"medium_large":["https:\/\/www.autofoodpack.com\/wp-content\/uploads\/2022\/07\/1-768x768.jpg",768,768,true],"large":["https:\/\/www.autofoodpack.com\/wp-content\/uploads\/2022\/07\/1.jpg",800,800,false],"1536x1536":["https:\/\/www.autofoodpack.com\/wp-content\/uploads\/2022\/07\/1.jpg",800,800,false],"2048x2048":["https:\/\/www.autofoodpack.com\/wp-content\/uploads\/2022\/07\/1.jpg",800,800,false],"trp-custom-language-flag":["https:\/\/www.autofoodpack.com\/wp-content\/uploads\/2022\/07\/1.jpg",12,12,false],"woocommerce_thumbnail":["https:\/\/www.autofoodpack.com\/wp-content\/uploads\/2022\/07\/1-300x300.jpg",300,300,true],"woocommerce_single":["https:\/\/www.autofoodpack.com\/wp-content\/uploads\/2022\/07\/1-600x600.jpg",600,600,true],"woocommerce_gallery_thumbnail":["https:\/\/www.autofoodpack.com\/wp-content\/uploads\/2022\/07\/1-100x100.jpg",100,100,true],"shop_catalog":["https:\/\/www.autofoodpack.com\/wp-content\/uploads\/2022\/07\/1-300x300.jpg",300,300,true],"shop_single":["https:\/\/www.autofoodpack.com\/wp-content\/uploads\/2022\/07\/1-600x600.jpg",600,600,true],"shop_thumbnail":["https:\/\/www.autofoodpack.com\/wp-content\/uploads\/2022\/07\/1-100x100.jpg",100,100,true]},"post_excerpt_stackable":"<ol>\n<li>304 stainless steel (part in contact with food)<\/li>\n<li>Germany FESTO, Japan SMC, Taiwan Adec, Japan Omron and other electronic components<\/li>\n<li>Mechanical transmission (cam gear lever full machine mode)<\/li>\n<li>Combined electronic scale, liquid pump, screw, shrink cup, manual feeding, etc. (optional)<\/li>\n<li>Applicable to a wide range of materials (particles, liquids, powders, etc.)<\/li>\n<li>Intelligent shielding control, Chinese and English operating system, various languages can be customized<\/li>\n<\/ol>\n","category_list":"","author_info":{"name":"","url":""},"comments_num":"2 comments","_links":{"self":[{"href":"https:\/\/www.autofoodpack.com\/fr\/wp-json\/wp\/v2\/product\/1325","targetHints":{"allow":["GET"]}}],"collection":[{"href":"https:\/\/www.autofoodpack.com\/fr\/wp-json\/wp\/v2\/product"}],"about":[{"href":"https:\/\/www.autofoodpack.com\/fr\/wp-json\/wp\/v2\/types\/product"}],"replies":[{"embeddable":true,"href":"https:\/\/www.autofoodpack.com\/fr\/wp-json\/wp\/v2\/comments?post=1325"}],"wp:featuredmedia":[{"embeddable":true,"href":"https:\/\/www.autofoodpack.com\/fr\/wp-json\/wp\/v2\/media\/1326"}],"wp:attachment":[{"href":"https:\/\/www.autofoodpack.com\/fr\/wp-json\/wp\/v2\/media?parent=1325"}],"wp:term":[{"taxonomy":"product_cat","embeddable":true,"href":"https:\/\/www.autofoodpack.com\/fr\/wp-json\/wp\/v2\/product_cat?post=1325"},{"taxonomy":"product_tag","embeddable":true,"href":"https:\/\/www.autofoodpack.com\/fr\/wp-json\/wp\/v2\/product_tag?post=1325"}],"curies":[{"name":"WordPress","href":"https:\/\/api.w.org\/{rel}","templated":true}]}}