{"id":1439,"date":"2022-08-05T11:39:49","date_gmt":"2022-08-05T03:39:49","guid":{"rendered":"https:\/\/www.autofoodpack.com\/?post_type=product&#038;p=1439"},"modified":"2024-08-27T09:14:35","modified_gmt":"2024-08-27T01:14:35","slug":"mkh-1200","status":"publish","type":"product","link":"https:\/\/www.autofoodpack.com\/fr\/product\/mkh-1200\/","title":{"rendered":"Machine d'emballage horizontale \u00e0 haute vitesse pour chocolats, guimauves et confiseries en sachets plastiques"},"content":{"rendered":"<p><strong>Champ d'application<\/strong><\/p>\n<p>Convient pour l'emballage de bonbons et de produits solides de forme r\u00e9guli\u00e8re, tels que bonbons aux fruits, bonbons g\u00e9lifi\u00e9s, bonbons durs, morceaux de sucre, bonbons \u00e0 la noix de coco, comprim\u00e9s, barres, pilules, sucettes, etc.<\/p>\n<p><strong>Exemples d'emballage<\/strong><\/p>\n<p><img loading=\"lazy\" decoding=\"async\" class=\"size-full wp-image-1444 aligncenter\" src=\"https:\/\/www.autofoodpack.com\/wp-content\/uploads\/2022\/08\/\u63cf\u8ff0\u56fe-5.jpg\" alt=\"\" width=\"750\" height=\"1454\" srcset=\"https:\/\/www.autofoodpack.com\/wp-content\/uploads\/2022\/08\/\u63cf\u8ff0\u56fe-5.jpg 750w, https:\/\/www.autofoodpack.com\/wp-content\/uploads\/2022\/08\/\u63cf\u8ff0\u56fe-5-300x582.jpg 300w, https:\/\/www.autofoodpack.com\/wp-content\/uploads\/2022\/08\/\u63cf\u8ff0\u56fe-5-600x1163.jpg 600w\" sizes=\"auto, (max-width: 750px) 100vw, 750px\" \/><\/p>\n<p><strong>Rappel amical :<\/strong><\/p>\n<p>Nous disposons d'une \u00e9quipe d'ing\u00e9nieurs R&amp;D exp\u00e9riment\u00e9s qui peuvent personnaliser des solutions d'emballage en fonction des caract\u00e9ristiques de vos produits.<\/p>\n<p>Disponible 24 heures sur 24.<\/p>\n<p><strong>D\u00e8s r\u00e9ception de votre demande, nous vous enverrons un devis dans les plus brefs d\u00e9lais.<\/strong><\/p>","protected":false},"excerpt":{"rendered":"<ol>\n<li>Jusqu'\u00e0 72 000 sachets\/heure, vitesse d'emballage extr\u00eamement rapide<\/li>\n<li>Double porte-bobine, raccordement automatique du film pour une productivit\u00e9 accrue<\/li>\n<li>Convoyeur \u00e0 3 servomoteurs pour un fonctionnement stable<\/li>\n<li>D\u00e9tection par cellule photo\u00e9lectrique pour un emballage plus stable<\/li>\n<li>Acier inoxydable 304 (parties en contact avec les aliments)<\/li>\n<li>Commande par \u00e9cran intelligent, syst\u00e8me d'exploitation en chinois et anglais, langues personnalisables<\/li>\n<\/ol>","protected":false},"featured_media":1434,"comment_status":"open","ping_status":"closed","template":"","meta":[],"product_cat":[95,93],"product_tag":[223,225,189,221],"class_list":["post-1439","product","type-product","status-publish","has-post-thumbnail","hentry","product_cat-hot-product-cn","product_cat-granular-packing-machine-cn","product_tag-223","product_tag-225","product_tag-189","product_tag-221"],"featured_image_urls":{"full":["https:\/\/www.autofoodpack.com\/wp-content\/uploads\/2022\/08\/1-11.jpg",800,800,false],"thumbnail":["https:\/\/www.autofoodpack.com\/wp-content\/uploads\/2022\/08\/1-11.jpg",96,96,false],"medium":["https:\/\/www.autofoodpack.com\/wp-content\/uploads\/2022\/08\/1-11.jpg",800,800,false],"medium_large":["https:\/\/www.autofoodpack.com\/wp-content\/uploads\/2022\/08\/1-11-768x768.jpg",768,768,true],"large":["https:\/\/www.autofoodpack.com\/wp-content\/uploads\/2022\/08\/1-11.jpg",800,800,false],"1536x1536":["https:\/\/www.autofoodpack.com\/wp-content\/uploads\/2022\/08\/1-11.jpg",800,800,false],"2048x2048":["https:\/\/www.autofoodpack.com\/wp-content\/uploads\/2022\/08\/1-11.jpg",800,800,false],"trp-custom-language-flag":["https:\/\/www.autofoodpack.com\/wp-content\/uploads\/2022\/08\/1-11.jpg",12,12,false],"woocommerce_thumbnail":["https:\/\/www.autofoodpack.com\/wp-content\/uploads\/2022\/08\/1-11-300x300.jpg",300,300,true],"woocommerce_single":["https:\/\/www.autofoodpack.com\/wp-content\/uploads\/2022\/08\/1-11-600x600.jpg",600,600,true],"woocommerce_gallery_thumbnail":["https:\/\/www.autofoodpack.com\/wp-content\/uploads\/2022\/08\/1-11-100x100.jpg",100,100,true],"shop_catalog":["https:\/\/www.autofoodpack.com\/wp-content\/uploads\/2022\/08\/1-11-300x300.jpg",300,300,true],"shop_single":["https:\/\/www.autofoodpack.com\/wp-content\/uploads\/2022\/08\/1-11-600x600.jpg",600,600,true],"shop_thumbnail":["https:\/\/www.autofoodpack.com\/wp-content\/uploads\/2022\/08\/1-11-100x100.jpg",100,100,true]},"post_excerpt_stackable":"<ol>\n<li>\u6700\u9ad8\u53ef\u8fbe72000\u5305\/\u5c0f\u65f6\uff0c\u5305\u88c5\u901f\u5ea6\u6781\u5feb<\/li>\n<li>\u53cc\u819c\u67b6\uff0c\u81ea\u52a8\u63a5\u819c\uff0c\u589e\u52a0\u751f\u4ea7\u6548\u7387<\/li>\n<li>3\u4e2a\u4f3a\u670d\u7535\u673a\u4f20\u9001\u5e26\uff0c\u64cd\u4f5c\u7a33\u5b9a<\/li>\n<li>\u5149\u7535\u773c\u611f\u5e94\uff0c\u5305\u88c5\u66f4\u7a33\u5b9a<\/li>\n<li>304\u4e0d\u9508\u94a2\uff08\u4e0e\u98df\u54c1\u63a5\u89e6\u90e8\u5206\uff09<\/li>\n<li>\u667a\u80fd\u5c4f\u853d\u64cd\u63a7\uff0c\u4e2d\u82f1\u6587\u64cd\u4f5c\u7cfb\u7edf\uff0c\u53ef\u4ee5\u5b9a\u5236\u8bed\u8a00<\/li>\n<\/ol>\n","category_list":"","author_info":{"name":"","url":""},"comments_num":"1 comment","_links":{"self":[{"href":"https:\/\/www.autofoodpack.com\/fr\/wp-json\/wp\/v2\/product\/1439","targetHints":{"allow":["GET"]}}],"collection":[{"href":"https:\/\/www.autofoodpack.com\/fr\/wp-json\/wp\/v2\/product"}],"about":[{"href":"https:\/\/www.autofoodpack.com\/fr\/wp-json\/wp\/v2\/types\/product"}],"replies":[{"embeddable":true,"href":"https:\/\/www.autofoodpack.com\/fr\/wp-json\/wp\/v2\/comments?post=1439"}],"wp:featuredmedia":[{"embeddable":true,"href":"https:\/\/www.autofoodpack.com\/fr\/wp-json\/wp\/v2\/media\/1434"}],"wp:attachment":[{"href":"https:\/\/www.autofoodpack.com\/fr\/wp-json\/wp\/v2\/media?parent=1439"}],"wp:term":[{"taxonomy":"product_cat","embeddable":true,"href":"https:\/\/www.autofoodpack.com\/fr\/wp-json\/wp\/v2\/product_cat?post=1439"},{"taxonomy":"product_tag","embeddable":true,"href":"https:\/\/www.autofoodpack.com\/fr\/wp-json\/wp\/v2\/product_tag?post=1439"}],"curies":[{"name":"WordPress","href":"https:\/\/api.w.org\/{rel}","templated":true}]}}