{"id":1612,"date":"2022-09-13T19:18:16","date_gmt":"2022-09-13T11:18:16","guid":{"rendered":"https:\/\/www.autofoodpack.com\/?post_type=product&#038;p=1612"},"modified":"2022-09-15T17:52:48","modified_gmt":"2022-09-15T09:52:48","slug":"granule-packaging-machine-nut-peanut-puffed-food-white-granulated-sugar-automatic-filling-vertical-packaging-machine-1800-4800bags-hour-1","status":"publish","type":"product","link":"https:\/\/www.autofoodpack.com\/fr\/product\/granule-packaging-machine-nut-peanut-puffed-food-white-granulated-sugar-automatic-filling-vertical-packaging-machine-1800-4800bags-hour-1\/","title":{"rendered":"Machine d'emballage de granul\u00e9s, \u00e9crous, cacahu\u00e8tes, aliments souffl\u00e9s, sucre blanc granul\u00e9, remplissage automatique, machine d'emballage verticale, 1800-4800 sacs\/heure"},"content":{"rendered":"<figure class=\"wp-block-embed is-type-video is-provider-youtube wp-block-embed-youtube wp-embed-aspect-16-9 wp-has-aspect-ratio\"><div class=\"wp-block-embed__wrapper\">\n<iframe loading=\"lazy\" title=\"Machine verticale automatique petit sachet sachet Snack noix de cajou cacahu\u00e8te machine d&#039;emballage de granul\u00e9s\" width=\"1290\" height=\"726\" src=\"https:\/\/www.youtube.com\/embed\/puBBhqKCMtc?feature=oembed\" frameborder=\"0\" allow=\"accelerometer; autoplay; clipboard-write; encrypted-media; gyroscope; picture-in-picture\" allowfullscreen><\/iframe>\n<\/div><\/figure>\n\n\n\n<h3 class=\"wp-block-heading\"><span style=\"color: var(--paletteColor8, #ffffff);background-color: #f34957\" class=\"stk-highlight\">Introduction de la machine<\/span><\/h3>\n\n\n\n<p>Mingkai MKV-CHG320 granular packaging machine is suitable for granular and small-scale packaging in food, chemical and other industries.<br>Such as: puffed granules, peanuts, popcorn,melon seeds, rice, pepper, sugar,salt, biscuits etc.<br>Selon les besoins du client, les types de sachets peuvent \u00eatre modifi\u00e9s : soudure arri\u00e8re, soudure sur trois c\u00f4t\u00e9s, soudure sur quatre c\u00f4t\u00e9s.<\/p>\n\n\n\n<figure class=\"wp-block-image size-full\"><img loading=\"lazy\" decoding=\"async\" width=\"750\" height=\"600\" src=\"https:\/\/www.autofoodpack.com\/wp-content\/uploads\/2022\/09\/\u4ea7\u54c1\u4ecb\u7ecd.jpg\" alt=\"\" class=\"wp-image-1613\" srcset=\"https:\/\/www.autofoodpack.com\/wp-content\/uploads\/2022\/09\/\u4ea7\u54c1\u4ecb\u7ecd.jpg 750w, https:\/\/www.autofoodpack.com\/wp-content\/uploads\/2022\/09\/\u4ea7\u54c1\u4ecb\u7ecd-300x240.jpg 300w, https:\/\/www.autofoodpack.com\/wp-content\/uploads\/2022\/09\/\u4ea7\u54c1\u4ecb\u7ecd-600x480.jpg 600w\" sizes=\"auto, (max-width: 750px) 100vw, 750px\" \/><\/figure>\n\n\n\n<figure class=\"wp-block-image size-full\"><img loading=\"lazy\" decoding=\"async\" width=\"742\" height=\"494\" src=\"https:\/\/www.autofoodpack.com\/wp-content\/uploads\/2022\/09\/\u53ef\u7528\u6750\u6599-1.jpg\" alt=\"\" class=\"wp-image-1633\" srcset=\"https:\/\/www.autofoodpack.com\/wp-content\/uploads\/2022\/09\/\u53ef\u7528\u6750\u6599-1.jpg 742w, https:\/\/www.autofoodpack.com\/wp-content\/uploads\/2022\/09\/\u53ef\u7528\u6750\u6599-1-300x200.jpg 300w, https:\/\/www.autofoodpack.com\/wp-content\/uploads\/2022\/09\/\u53ef\u7528\u6750\u6599-1-600x399.jpg 600w\" sizes=\"auto, (max-width: 742px) 100vw, 742px\" \/><\/figure>\n\n\n\n<h3 class=\"wp-block-heading\"><span style=\"color: var(--paletteColor8, #ffffff);background-color: #f34957\" class=\"stk-highlight\">Param\u00e8tres de la machine<\/span><\/h3>\n\n\n\n<figure class=\"wp-block-table\"><table><tbody><tr><td><strong>Dosage<\/strong><\/td><td>Measuring cup<\/td><\/tr><tr><td><strong>Forme du sac<\/strong><\/td><td>Soudure arri\u00e8re \/ soudure sur 3 c\u00f4t\u00e9s \/ soudure sur 4 c\u00f4t\u00e9s<\/td><\/tr><tr><td><strong>Vitesse d'emballage<\/strong><\/td><td>10-120bags\/min<\/td><\/tr><tr><td><strong>Largeur de rouleau<\/strong><\/td><td>Max. 320 mm<\/td><\/tr><tr><td><strong>Longueur du sac<\/strong><\/td><td>50-200mm<\/td><\/tr><tr><td><strong>Largeur du sac<\/strong><\/td><td>25-140mm<\/td><\/tr><tr><td><strong>Dimensions de la machine<\/strong><\/td><td>L)1270<em>W)690<\/em>H)1670mm<\/td><\/tr><tr><td><strong>Poids de la machine<\/strong><\/td><td>\u2248 200 kg<\/td><\/tr><tr><td><strong>Puissance<\/strong><\/td><td>220 V, 50\/60 Hz, 2,5 KW<\/td><\/tr><tr><td><strong>Dispositif optionnel<\/strong><\/td><td>Dispositif de remplissage d'air, dispositif de perforation, imprimante de date<\/td><\/tr><\/tbody><\/table><\/figure>\n\n\n\n<h3 class=\"wp-block-heading\"><span style=\"color: var(--paletteColor8, #ffffff);background-color: #f34957\" class=\"stk-highlight\">Caract\u00e9ristique de la machine<\/span><\/h3>\n\n\n\n<p>1. La section o\u00f9 le mat\u00e9riau est en contact avec l'acier inoxydable en tant que corps de la machine est facultative pour un acier inoxydable complet ou partiel et tous les \u00e9quipements ont pass\u00e9 la norme CE.<br>2. Le suivi des couleurs photo\u00e9lectrique \u00e0 haute sensibilit\u00e9 et l'entr\u00e9e num\u00e9rique de la position de coupe permettent une plus grande pr\u00e9cision.<br>3. Le scellage int\u00e9gr\u00e9, la structure renforc\u00e9e du contr\u00f4leur de temp\u00e9rature intelligent pour le thermoscellage et l'excellent \u00e9quilibre thermique rendent tous les types de mat\u00e9riaux d'emballage possibles avec de bonnes performances, un faible bruit, un motif de coupe clair et une forte capacit\u00e9 de scellage.<br>4. La vitesse d'emballage et la longueur des sacs peuvent \u00eatre r\u00e9gl\u00e9es dans une certaine mesure sans ajustement suppl\u00e9mentaire ni changement de pi\u00e8ces.<\/p>\n\n\n\n<h3 class=\"wp-block-heading\"><span style=\"color: var(--paletteColor8, #ffffff);background-color: #f34957\" class=\"stk-highlight\">D\u00e9tails de la machine<\/span><\/h3>\n\n\n\n<h5 class=\"wp-block-heading\">Centre de contr\u00f4le de la machine<\/h5>\n\n\n\n<p>Interface interactive de la machine. Facile \u00e0 contr\u00f4ler et \u00e0 r\u00e9gler.<br>La langue est personnalis\u00e9e selon les exigences sp\u00e9cifiques du client.<br>Dispositif de contr\u00f4le de temp\u00e9rature ind\u00e9pendant pour chaque partie de la machine, facile \u00e0 r\u00e9gler.<\/p>\n\n\n\n<figure class=\"wp-block-image size-full\"><img loading=\"lazy\" decoding=\"async\" width=\"750\" height=\"600\" src=\"https:\/\/www.autofoodpack.com\/wp-content\/uploads\/2022\/09\/\u673a\u5668\u7ec6\u8282\u63cf\u8ff0-1.jpg\" alt=\"\" class=\"wp-image-1618\" srcset=\"https:\/\/www.autofoodpack.com\/wp-content\/uploads\/2022\/09\/\u673a\u5668\u7ec6\u8282\u63cf\u8ff0-1.jpg 750w, https:\/\/www.autofoodpack.com\/wp-content\/uploads\/2022\/09\/\u673a\u5668\u7ec6\u8282\u63cf\u8ff0-1-300x240.jpg 300w, https:\/\/www.autofoodpack.com\/wp-content\/uploads\/2022\/09\/\u673a\u5668\u7ec6\u8282\u63cf\u8ff0-1-600x480.jpg 600w\" sizes=\"auto, (max-width: 750px) 100vw, 750px\" \/><\/figure>\n\n\n\n<h5 class=\"wp-block-heading\">Dispositif de tasse \u00e0 mesurer<\/h5>\n\n\n\n<p>Adopt measuring cup filling device. Can be widely used in granules. The filling weight and filling speed of the pellets are adjusted by changing the measuring cup set.<br>La pr\u00e9cision peut atteindre \u00b11%.<\/p>\n\n\n\n<figure class=\"wp-block-image size-full\"><img loading=\"lazy\" decoding=\"async\" width=\"750\" height=\"600\" src=\"https:\/\/www.autofoodpack.com\/wp-content\/uploads\/2022\/09\/\u673a\u5668\u7ec6\u8282\u63cf\u8ff0-2.jpg\" alt=\"\" class=\"wp-image-1619\" srcset=\"https:\/\/www.autofoodpack.com\/wp-content\/uploads\/2022\/09\/\u673a\u5668\u7ec6\u8282\u63cf\u8ff0-2.jpg 750w, https:\/\/www.autofoodpack.com\/wp-content\/uploads\/2022\/09\/\u673a\u5668\u7ec6\u8282\u63cf\u8ff0-2-300x240.jpg 300w, https:\/\/www.autofoodpack.com\/wp-content\/uploads\/2022\/09\/\u673a\u5668\u7ec6\u8282\u63cf\u8ff0-2-600x480.jpg 600w\" sizes=\"auto, (max-width: 750px) 100vw, 750px\" \/><\/figure>\n\n\n\n<h5 class=\"wp-block-heading\">Dispositif de formage de sacs<\/h5>\n\n\n\n<p>Formeur de sacs personnalis\u00e9 selon la taille de l'emballage requise par le produit. Si vous devez utiliser une largeur de sac diff\u00e9rente, il suffit de le changer ; l'op\u00e9ration est simple.<\/p>\n\n\n\n<figure class=\"wp-block-image size-full\"><img loading=\"lazy\" decoding=\"async\" width=\"750\" height=\"600\" src=\"https:\/\/www.autofoodpack.com\/wp-content\/uploads\/2022\/09\/\u673a\u5668\u7ec6\u8282\u63cf\u8ff0-3.jpg\" alt=\"\" class=\"wp-image-1620\" srcset=\"https:\/\/www.autofoodpack.com\/wp-content\/uploads\/2022\/09\/\u673a\u5668\u7ec6\u8282\u63cf\u8ff0-3.jpg 750w, https:\/\/www.autofoodpack.com\/wp-content\/uploads\/2022\/09\/\u673a\u5668\u7ec6\u8282\u63cf\u8ff0-3-300x240.jpg 300w, https:\/\/www.autofoodpack.com\/wp-content\/uploads\/2022\/09\/\u673a\u5668\u7ec6\u8282\u63cf\u8ff0-3-600x480.jpg 600w\" sizes=\"auto, (max-width: 750px) 100vw, 750px\" \/><\/figure>\n\n\n\n<h5 class=\"wp-block-heading\">Dispositif de thermoscellage central<\/h5>\n\n\n\n<p>Gr\u00e2ce \u00e0 un contr\u00f4le ind\u00e9pendant sur le dispositif de r\u00e9gulation de la temp\u00e9rature, il est possible, lors de l'utilisation de diff\u00e9rents mat\u00e9riaux d'emballage, d'effectuer des ajustements selon leur point de fusion afin d'assurer un scellage optimal du sac.<\/p>\n\n\n\n<figure class=\"wp-block-image size-full\"><img loading=\"lazy\" decoding=\"async\" width=\"750\" height=\"600\" src=\"https:\/\/www.autofoodpack.com\/wp-content\/uploads\/2022\/09\/\u673a\u5668\u7ec6\u8282\u63cf\u8ff0-4.jpg\" alt=\"\" class=\"wp-image-1621\" srcset=\"https:\/\/www.autofoodpack.com\/wp-content\/uploads\/2022\/09\/\u673a\u5668\u7ec6\u8282\u63cf\u8ff0-4.jpg 750w, https:\/\/www.autofoodpack.com\/wp-content\/uploads\/2022\/09\/\u673a\u5668\u7ec6\u8282\u63cf\u8ff0-4-300x240.jpg 300w, https:\/\/www.autofoodpack.com\/wp-content\/uploads\/2022\/09\/\u673a\u5668\u7ec6\u8282\u63cf\u8ff0-4-600x480.jpg 600w\" sizes=\"auto, (max-width: 750px) 100vw, 750px\" \/><\/figure>\n\n\n\n<h5 class=\"wp-block-heading\">Dispositif de d\u00e9coupe et de scellage des extr\u00e9mit\u00e9s de sacs<\/h5>\n\n\n\n<p>L'unit\u00e9 dispose \u00e9galement d'une unit\u00e9 de contr\u00f4le de temp\u00e9rature ind\u00e9pendante pour une gestion ais\u00e9e.<br>L'unit\u00e9 de coupe peut \u00eatre modifi\u00e9e pour changer les types d'incision selon les besoins.<br>Des dispositifs de perforation sont \u00e9galement disponibles pour offrir de la vari\u00e9t\u00e9 \u00e0 votre produit.<\/p>\n\n\n\n<h3 class=\"wp-block-heading\"><span style=\"color: var(--paletteColor8, #ffffff);background-color: #f34957\" class=\"stk-highlight\">Pourquoi Nous Choisir<\/span><\/h3>\n\n\n\n<figure class=\"wp-block-image size-full\"><img loading=\"lazy\" decoding=\"async\" width=\"750\" height=\"490\" src=\"https:\/\/www.autofoodpack.com\/wp-content\/uploads\/2022\/09\/\u516c\u53f8\u4ecb\u7ecd-1.jpg\" alt=\"\" class=\"wp-image-1636\" srcset=\"https:\/\/www.autofoodpack.com\/wp-content\/uploads\/2022\/09\/\u516c\u53f8\u4ecb\u7ecd-1.jpg 750w, https:\/\/www.autofoodpack.com\/wp-content\/uploads\/2022\/09\/\u516c\u53f8\u4ecb\u7ecd-1-300x196.jpg 300w, https:\/\/www.autofoodpack.com\/wp-content\/uploads\/2022\/09\/\u516c\u53f8\u4ecb\u7ecd-1-600x392.jpg 600w\" sizes=\"auto, (max-width: 750px) 100vw, 750px\" \/><\/figure>\n\n\n\n<h5 class=\"wp-block-heading\">Profil de l'entreprise<\/h5>\n\n\n\n<p>Mingkai, un fabricant de premier plan de machines d'emballage et d'\u00e9quipements de support, a d\u00e9velopp\u00e9 avec succ\u00e8s plus de 80 types de machines d'emballage. Les machines d'emballage Mingkai sont largement appliqu\u00e9es dans diff\u00e9rents domaines \u00e0 travers le monde, tels que l'alimentation\/l'alimentation industrielle, les m\u00e9dicaments, les fournitures h\u00f4teli\u00e8res, les articles jetables, les articles en caoutchouc, les appareils m\u00e9nagers, la quincaillerie, les articles de sport, les jouets, etc.<\/p>\n\n\n\n<figure class=\"wp-block-image size-full\"><img loading=\"lazy\" decoding=\"async\" width=\"750\" height=\"979\" src=\"https:\/\/www.autofoodpack.com\/wp-content\/uploads\/2022\/09\/\u516c\u53f8\u7b80\u4ecb.jpg\" alt=\"\" class=\"wp-image-1615\" srcset=\"https:\/\/www.autofoodpack.com\/wp-content\/uploads\/2022\/09\/\u516c\u53f8\u7b80\u4ecb.jpg 750w, https:\/\/www.autofoodpack.com\/wp-content\/uploads\/2022\/09\/\u516c\u53f8\u7b80\u4ecb-300x392.jpg 300w, https:\/\/www.autofoodpack.com\/wp-content\/uploads\/2022\/09\/\u516c\u53f8\u7b80\u4ecb-600x783.jpg 600w\" sizes=\"auto, (max-width: 750px) 100vw, 750px\" \/><\/figure>\n\n\n\n<figure class=\"wp-block-image size-full\"><img loading=\"lazy\" decoding=\"async\" width=\"750\" height=\"325\" src=\"https:\/\/www.autofoodpack.com\/wp-content\/uploads\/2022\/09\/\u8bc1\u4e66.jpg\" alt=\"\" class=\"wp-image-1634\" srcset=\"https:\/\/www.autofoodpack.com\/wp-content\/uploads\/2022\/09\/\u8bc1\u4e66.jpg 750w, https:\/\/www.autofoodpack.com\/wp-content\/uploads\/2022\/09\/\u8bc1\u4e66-300x130.jpg 300w, https:\/\/www.autofoodpack.com\/wp-content\/uploads\/2022\/09\/\u8bc1\u4e66-600x260.jpg 600w\" sizes=\"auto, (max-width: 750px) 100vw, 750px\" \/><\/figure>\n\n\n\n<h5 class=\"wp-block-heading\">\u00c9quipe Professionnelle et Solide<\/h5>\n\n\n\n<p>Mingkai dispose d'une \u00e9quipe professionnelle capable de fournir aux clients diverses solutions d'emballage. Apr\u00e8s avoir pleinement compris les besoins du client, nous fournissons la solution d'emballage la plus adapt\u00e9e au client.<br>Puis commence la production de la machine. Nous avons une forte capacit\u00e9 de production et de traitement, du traitement personnalis\u00e9 des accessoires \u00e0 l'assemblage et au d\u00e9bogage de la machine.<br>Enfin, elle est emball\u00e9e et exp\u00e9di\u00e9e, et ne prend qu'une semaine \u00e0 compl\u00e9ter.<\/p>\n\n\n\n<figure class=\"wp-block-image size-full\"><img loading=\"lazy\" decoding=\"async\" width=\"750\" height=\"621\" src=\"https:\/\/www.autofoodpack.com\/wp-content\/uploads\/2022\/09\/\u4e13\u4e1a\u548c\u5f3a\u5927\u7684\u56e2\u961f.jpg\" alt=\"\" class=\"wp-image-1623\" srcset=\"https:\/\/www.autofoodpack.com\/wp-content\/uploads\/2022\/09\/\u4e13\u4e1a\u548c\u5f3a\u5927\u7684\u56e2\u961f.jpg 750w, https:\/\/www.autofoodpack.com\/wp-content\/uploads\/2022\/09\/\u4e13\u4e1a\u548c\u5f3a\u5927\u7684\u56e2\u961f-300x248.jpg 300w, https:\/\/www.autofoodpack.com\/wp-content\/uploads\/2022\/09\/\u4e13\u4e1a\u548c\u5f3a\u5927\u7684\u56e2\u961f-600x497.jpg 600w\" sizes=\"auto, (max-width: 750px) 100vw, 750px\" \/><\/figure>\n\n\n\n<h5 class=\"wp-block-heading\">Service Apr\u00e8s-Vente Rapide et Efficace<\/h5>\n\n\n\n<p>Choisir Mingkai, ce n'est pas seulement acheter une machine, mais aussi b\u00e9n\u00e9ficier de notre service professionnel et rapide.<\/p>\n\n\n\n<ol class=\"wp-block-list\"><li>Lorsque la machine est livr\u00e9e, nous joignons une vid\u00e9o d'installation et de fonctionnement de la machine, afin que vous puissiez l'utiliser rapidement.<\/li><li>Certaines de nos machines b\u00e9n\u00e9ficient d'une garantie d'un an, et nous les remplacerons en cas de d\u00e9faillance.<\/li><li>Lorsque votre machine tombe en panne, nous avons des ing\u00e9nieurs professionnels pour fournir un service apr\u00e8s-vente en ligne professionnel afin de vous aider \u00e0 r\u00e9soudre le probl\u00e8me.<\/li><li>Si le probl\u00e8me ne peut pas \u00eatre r\u00e9solu en ligne, nous organiserons un ing\u00e9nieur pour le r\u00e9parer sur site dans un d\u00e9lai d'une semaine.<\/li><\/ol>\n\n\n\n<h5 class=\"wp-block-heading\">Commentaires des Clients<\/h5>\n\n\n\n<p>Nous avons 10 ans d'exp\u00e9rience dans le commerce ext\u00e9rieur et l'exportation, et nos clients sont d\u00e9sormais r\u00e9partis dans 90 pays \u00e0 travers le monde.<br>Gr\u00e2ce \u00e0 nos machines de haute qualit\u00e9 et \u00e0 nos services professionnels, nous avons remport\u00e9 des \u00e9loges unanimes de la part de nos clients.<\/p>\n\n\n\n<h3 class=\"wp-block-heading\"><span style=\"color: var(--paletteColor8, #ffffff);background-color: #f34957\" class=\"stk-highlight\">FAQ<\/span><\/h3>\n\n\n\n<p><strong><span style=\"color: #222222;background-color: var(--paletteColor5, #eaeaec)\" class=\"stk-highlight\">Q1 : Avez-vous un manuel ou une vid\u00e9o d'op\u00e9ration pour nous permettre d'en savoir plus sur la machine ?<\/span><\/strong><br>Oui, non seulement le manuel ou la vid\u00e9o d'op\u00e9ration, mais aussi le dessin 3D disponible pour \u00eatre r\u00e9alis\u00e9 selon votre conception. La vid\u00e9o que nous pouvons faire des tests de mat\u00e9riel de notre machine d'emballage si vos produits d'emballage sont plus faciles \u00e0 trouver sur le march\u00e9 local.<br><strong><span style=\"color: #222222;background-color: var(--paletteColor5, #eaeaec)\" class=\"stk-highlight\">Q2 : Comment puis-je vous faire confiance pour la premi\u00e8re transaction ?<\/span><\/strong><br>Veuillez noter notre licence commerciale et notre certificat ci-dessus. Si vous ne nous faites pas confiance, vous pouvez visiter notre entreprise pour comprendre notre culture d'entreprise, etc., afin d'assurer la livraison \u00e0 temps et la qualit\u00e9 de vos machines.<br><strong><span style=\"color: #222222;background-color: var(--paletteColor5, #eaeaec)\" class=\"stk-highlight\">Q3 : Comment choisir une machine ?<\/span><\/strong><br>Contactez Kathy au +86 13715725813, email : Kathy@autofoodpack.com. Oui, nous fournissons le type de produit (granul\u00e9, liquide, poudre), la taille du produit, la forme du sac (film roul\u00e9, sachet pr\u00e9form\u00e9), le poids du produit (5g-5kg), et nous vous recommandons le mod\u00e8le.<br><strong><span style=\"color: #222222;background-color: var(--paletteColor5, #eaeaec)\" class=\"stk-highlight\">Q4 : Comment pouvons-nous nous assurer de la qualit\u00e9 de la machine apr\u00e8s avoir pass\u00e9 commande ?<\/span><\/strong><br>Avant la livraison, nous vous enverrons les photos et vid\u00e9os pour que vous puissiez v\u00e9rifier la qualit\u00e9, et vous pouvez \u00e9galement organiser la v\u00e9rification de la qualit\u00e9 par vous-m\u00eame ou par vos contacts en Chine.<br><strong><span style=\"color: #222222;background-color: var(--paletteColor5, #eaeaec)\" class=\"stk-highlight\">Q5 : Si nous avons des \u00e9chantillons de nouveaux produits, pouvez-vous aider \u00e0 analyser et \u00e0 concevoir la machine ?<\/span><\/strong><br>Oui, notre d\u00e9partement technique peut aider \u00e0 analyser, concevoir et tester les nouveaux produits que vous fournissez.<\/p>\n\n\n\n<p><\/p>","protected":false},"excerpt":{"rendered":"<ol>\n<li>304 stainless steel (part in contact with food)<\/li>\n<li>Low price, labor saving<\/li>\n<li>Continuous 24-hour production<\/li>\n<li>Photoelectric eye tracking, more accurate packaging<\/li>\n<li>Round corner packaging effect<\/li>\n<li>Intelligent shielding control, Chinese and English operating system<\/li>\n<\/ol>","protected":false},"featured_media":1386,"comment_status":"open","ping_status":"closed","template":"","meta":[],"product_cat":[27],"product_tag":[183],"class_list":["post-1612","product","type-product","status-publish","has-post-thumbnail","hentry","product_cat-granular-packing-machine","product_tag-granule-packing-mahchine"],"featured_image_urls":{"full":["https:\/\/www.autofoodpack.com\/wp-content\/uploads\/2022\/08\/1-3.jpg",800,800,false],"thumbnail":["https:\/\/www.autofoodpack.com\/wp-content\/uploads\/2022\/08\/1-3.jpg",96,96,false],"medium":["https:\/\/www.autofoodpack.com\/wp-content\/uploads\/2022\/08\/1-3.jpg",800,800,false],"medium_large":["https:\/\/www.autofoodpack.com\/wp-content\/uploads\/2022\/08\/1-3-768x768.jpg",768,768,true],"large":["https:\/\/www.autofoodpack.com\/wp-content\/uploads\/2022\/08\/1-3.jpg",800,800,false],"1536x1536":["https:\/\/www.autofoodpack.com\/wp-content\/uploads\/2022\/08\/1-3.jpg",800,800,false],"2048x2048":["https:\/\/www.autofoodpack.com\/wp-content\/uploads\/2022\/08\/1-3.jpg",800,800,false],"trp-custom-language-flag":["https:\/\/www.autofoodpack.com\/wp-content\/uploads\/2022\/08\/1-3.jpg",12,12,false],"woocommerce_thumbnail":["https:\/\/www.autofoodpack.com\/wp-content\/uploads\/2022\/08\/1-3-300x300.jpg",300,300,true],"woocommerce_single":["https:\/\/www.autofoodpack.com\/wp-content\/uploads\/2022\/08\/1-3-600x600.jpg",600,600,true],"woocommerce_gallery_thumbnail":["https:\/\/www.autofoodpack.com\/wp-content\/uploads\/2022\/08\/1-3-100x100.jpg",100,100,true],"shop_catalog":["https:\/\/www.autofoodpack.com\/wp-content\/uploads\/2022\/08\/1-3-300x300.jpg",300,300,true],"shop_single":["https:\/\/www.autofoodpack.com\/wp-content\/uploads\/2022\/08\/1-3-600x600.jpg",600,600,true],"shop_thumbnail":["https:\/\/www.autofoodpack.com\/wp-content\/uploads\/2022\/08\/1-3-100x100.jpg",100,100,true]},"post_excerpt_stackable":"<ol>\n<li>304 stainless steel (part in contact with food)<\/li>\n<li>Low price, labor saving<\/li>\n<li>Continuous 24-hour production<\/li>\n<li>Photoelectric eye tracking, more accurate packaging<\/li>\n<li>Round corner packaging effect<\/li>\n<li>Intelligent shielding control, Chinese and English operating system<\/li>\n<\/ol>\n","category_list":"","author_info":{"name":"","url":""},"comments_num":"0 comments","_links":{"self":[{"href":"https:\/\/www.autofoodpack.com\/fr\/wp-json\/wp\/v2\/product\/1612","targetHints":{"allow":["GET"]}}],"collection":[{"href":"https:\/\/www.autofoodpack.com\/fr\/wp-json\/wp\/v2\/product"}],"about":[{"href":"https:\/\/www.autofoodpack.com\/fr\/wp-json\/wp\/v2\/types\/product"}],"replies":[{"embeddable":true,"href":"https:\/\/www.autofoodpack.com\/fr\/wp-json\/wp\/v2\/comments?post=1612"}],"wp:featuredmedia":[{"embeddable":true,"href":"https:\/\/www.autofoodpack.com\/fr\/wp-json\/wp\/v2\/media\/1386"}],"wp:attachment":[{"href":"https:\/\/www.autofoodpack.com\/fr\/wp-json\/wp\/v2\/media?parent=1612"}],"wp:term":[{"taxonomy":"product_cat","embeddable":true,"href":"https:\/\/www.autofoodpack.com\/fr\/wp-json\/wp\/v2\/product_cat?post=1612"},{"taxonomy":"product_tag","embeddable":true,"href":"https:\/\/www.autofoodpack.com\/fr\/wp-json\/wp\/v2\/product_tag?post=1612"}],"curies":[{"name":"WordPress","href":"https:\/\/api.w.org\/{rel}","templated":true}]}}