{"id":1665,"date":"2022-10-12T14:46:14","date_gmt":"2022-10-12T06:46:14","guid":{"rendered":"https:\/\/www.autofoodpack.com\/?post_type=product&#038;p=1665"},"modified":"2022-10-12T15:14:40","modified_gmt":"2022-10-12T07:14:40","slug":"automatic-doypack-liquid-filling-packing-machine-tomato-juice-ketchup-sachetpaste-packing-plastic-pouch-packaging%ef%bf%bc","status":"publish","type":"product","link":"https:\/\/www.autofoodpack.com\/fr\/product\/automatic-doypack-liquid-filling-packing-machine-tomato-juice-ketchup-sachetpaste-packing-plastic-pouch-packaging%ef%bf%bc\/","title":{"rendered":"Machine automatique de remplissage et d'emballage de liquides Doypack, jus de tomate, ketchup, emballage de sachets de p\u00e2te, emballage en sachet plastique"},"content":{"rendered":"<h3 class=\"wp-block-heading\"><span style=\"color: var(--paletteColor8, #ffffff);background-color: #f34957\" class=\"stk-highlight\">Introduction de la machine<\/span><\/h3>\n\n\n\n<p>Le Mingkai MKV-8-230C est une machine d'emballage automatique applicable aux mat\u00e9riaux en poudre et aux machines d'emballage avec des formes de poche diversifi\u00e9es.<br>Poches adapt\u00e9es : Poches sp\u00e9ciales, Poches debout, Poches zipp\u00e9es, Poches fa\u00e7onn\u00e9es, Poches \u00e0 scellage quatre c\u00f4t\u00e9s, Poches \u00e0 scellage trois c\u00f4t\u00e9s, Poches M, Poches \u00e0 scellage huit c\u00f4t\u00e9s, etc.<\/p>\n\n\n\n<h5 class=\"wp-block-heading\">Configuration du type de particules d'emballage<\/h5>\n\n\n\n<p>Liquide : sauce, jus de fruits, confiture, boisson, d\u00e9tergent, sauce chili, p\u00e2te de haricots, etc. ;<\/p>\n\n\n\n<figure class=\"wp-block-image size-full\"><img loading=\"lazy\" decoding=\"async\" width=\"750\" height=\"645\" src=\"https:\/\/www.autofoodpack.com\/wp-content\/uploads\/2022\/09\/\u4ea7\u54c1_03.jpg\" alt=\"\" class=\"wp-image-1645\" srcset=\"https:\/\/www.autofoodpack.com\/wp-content\/uploads\/2022\/09\/\u4ea7\u54c1_03.jpg 750w, https:\/\/www.autofoodpack.com\/wp-content\/uploads\/2022\/09\/\u4ea7\u54c1_03-300x258.jpg 300w, https:\/\/www.autofoodpack.com\/wp-content\/uploads\/2022\/09\/\u4ea7\u54c1_03-600x516.jpg 600w\" sizes=\"auto, (max-width: 750px) 100vw, 750px\" \/><\/figure>\n\n\n\n<h3 class=\"wp-block-heading\"><span style=\"color: var(--paletteColor8, #ffffff);background-color: #f34957\" class=\"stk-highlight\">Param\u00e8tres de la machine<\/span><\/h3>\n\n\n\n<figure class=\"wp-block-table\"><table><tbody><tr><td><strong>Num\u00e9ro de mod\u00e8le.<\/strong><\/td><td>MK-8-230C\/300C\/380C<\/td><\/tr><tr><td><strong>Forme du sac<\/strong><\/td><td>Pochette debout, sacs \u00e0 fermeture \u00e9clair, sacs de forme, sacs \u00e0 scellage quadri-lat\u00e9ral, sacs \u00e0 scellage tri-lat\u00e9ral, sacs en M, sacs \u00e0 scellage octo-lat\u00e9ral, etc.<\/td><\/tr><tr><td><strong>Vitesse d'emballage<\/strong><\/td><td>15-50 pochettes\/min<\/td><\/tr><tr><td><strong>Longueur du sac<\/strong><\/td><td>100-350mm<\/td><\/tr><tr><td><strong>Largeur du sac<\/strong><\/td><td>80-350mm<\/td><\/tr><tr><td><strong>Dimensions de la machine<\/strong><\/td><td>L)2300<em>L)1560<\/em>H)2430mm<\/td><\/tr><tr><td><strong>Puissance<\/strong><\/td><td>Trois phases 380V 50\/60Hz, 2,3-7,5KW<\/td><\/tr><tr><td><strong>Poids de la machine<\/strong><\/td><td>\u22481800 kg<\/td><\/tr><tr><td><strong>Convient pour<\/strong><\/td><td>Liquide, Sauce, P\u00e2te<\/td><\/tr><tr><td><strong>Flux de travail \u00e0 huit postes<\/strong><\/td><td>1.Donner un sac <br>2.Codage <br>3.Ouverture du sac <br>4.Remplissage A<br>5.Remplissage B <br>6.Scellage \u00e0 chaud A <br>7.Scellage \u00e0 chaud B <br>8.Mise en forme et sortie <\/td><\/tr><\/tbody><\/table><\/figure>\n\n\n\n<figure class=\"wp-block-image size-full\"><img loading=\"lazy\" decoding=\"async\" width=\"750\" height=\"398\" src=\"https:\/\/www.autofoodpack.com\/wp-content\/uploads\/2022\/09\/8\u5de5\u4f4d.jpg\" alt=\"\" class=\"wp-image-1642\" srcset=\"https:\/\/www.autofoodpack.com\/wp-content\/uploads\/2022\/09\/8\u5de5\u4f4d.jpg 750w, https:\/\/www.autofoodpack.com\/wp-content\/uploads\/2022\/09\/8\u5de5\u4f4d-300x159.jpg 300w, https:\/\/www.autofoodpack.com\/wp-content\/uploads\/2022\/09\/8\u5de5\u4f4d-600x318.jpg 600w\" sizes=\"auto, (max-width: 750px) 100vw, 750px\" \/><\/figure>\n\n\n\n<h3 class=\"wp-block-heading\"><span style=\"color: var(--paletteColor8, #ffffff);background-color: #f34957\" class=\"stk-highlight\">Caract\u00e9ristique de la machine<\/span><\/h3>\n\n\n\n<p>1. Une seule personne peut faire fonctionner une machine, ce qui permet d'\u00e9conomiser beaucoup sur les co\u00fbts de main-d'\u0153uvre.<br>2.La section o\u00f9 le mat\u00e9riau entre en contact est en acier inoxydable, le corps de la machine peut \u00eatre en acier inoxydable complet ou partiel et tous les \u00e9quipements ont pass\u00e9 la norme CE.<br>3.Le tra\u00e7age photo\u00e9lectrique \u00e0 haute sensibilit\u00e9 et la saisie num\u00e9rique de la position de coupe permettent une plus grande pr\u00e9cision.<br>4.Pour des performances stables : double contr\u00f4leur \u00e0 onduleur, syst\u00e8me PLC \u00e9volutif, autodiagnostic des pannes, double encodeur.<br>5.Pour une utilisation facile : \u00e9cran tactile, contr\u00f4leur PID de temp\u00e9rature ind\u00e9pendant,<br>6.Pour l'adaptabilit\u00e9 : un jeu de machines peut \u00eatre appliqu\u00e9 \u00e0 diff\u00e9rents types de produits via des dispositifs optionnels, tels qu'un dispositif de remplissage d'air, une ligne d'alimentation, etc.<\/p>\n\n\n\n<h3 class=\"wp-block-heading\"><span style=\"color: var(--paletteColor8, #ffffff);background-color: #f34957\" class=\"stk-highlight\">D\u00e9tails de la machine<\/span><\/h3>\n\n\n\n<h5 class=\"wp-block-heading\">Syst\u00e8me de contr\u00f4le Simns Plc<\/h5>\n\n\n\n<p>Interface interactive de la machine. Facile \u00e0 contr\u00f4ler et \u00e0 r\u00e9gler.<br>La langue est personnalis\u00e9e selon les exigences sp\u00e9cifiques du client.<br>Syst\u00e8me de contr\u00f4le intelligent : Tous les dispositifs de serrage peuvent \u00eatre ajust\u00e9s en largeur via le syst\u00e8me PLC, tr\u00e8s pratique.<\/p>\n\n\n\n<figure class=\"wp-block-image size-full\"><img loading=\"lazy\" decoding=\"async\" width=\"750\" height=\"600\" src=\"https:\/\/www.autofoodpack.com\/wp-content\/uploads\/2022\/09\/\u673a\u5668\u7ec6\u8282\u63cf\u8ff0-1-1.jpg\" alt=\"\" class=\"wp-image-1646\" srcset=\"https:\/\/www.autofoodpack.com\/wp-content\/uploads\/2022\/09\/\u673a\u5668\u7ec6\u8282\u63cf\u8ff0-1-1.jpg 750w, https:\/\/www.autofoodpack.com\/wp-content\/uploads\/2022\/09\/\u673a\u5668\u7ec6\u8282\u63cf\u8ff0-1-1-300x240.jpg 300w, https:\/\/www.autofoodpack.com\/wp-content\/uploads\/2022\/09\/\u673a\u5668\u7ec6\u8282\u63cf\u8ff0-1-1-600x480.jpg 600w\" sizes=\"auto, (max-width: 750px) 100vw, 750px\" \/><\/figure>\n\n\n\n<h5 class=\"wp-block-heading\">R\u00e9glage automatique de la largeur du sac par un bouton<\/h5>\n\n\n\n<p>Huit stations sont ajust\u00e9es simultan\u00e9ment, et le changement de sac peut \u00eatre effectu\u00e9 en une seule touche.<\/p>\n\n\n\n<figure class=\"wp-block-image size-full\"><img loading=\"lazy\" decoding=\"async\" width=\"750\" height=\"600\" src=\"https:\/\/www.autofoodpack.com\/wp-content\/uploads\/2022\/09\/\u673a\u5668\u7ec6\u8282\u63cf\u8ff0-2-1.jpg\" alt=\"\" class=\"wp-image-1647\" srcset=\"https:\/\/www.autofoodpack.com\/wp-content\/uploads\/2022\/09\/\u673a\u5668\u7ec6\u8282\u63cf\u8ff0-2-1.jpg 750w, https:\/\/www.autofoodpack.com\/wp-content\/uploads\/2022\/09\/\u673a\u5668\u7ec6\u8282\u63cf\u8ff0-2-1-300x240.jpg 300w, https:\/\/www.autofoodpack.com\/wp-content\/uploads\/2022\/09\/\u673a\u5668\u7ec6\u8282\u63cf\u8ff0-2-1-600x480.jpg 600w\" sizes=\"auto, (max-width: 750px) 100vw, 750px\" \/><\/figure>\n\n\n\n<h5 class=\"wp-block-heading\">Dosage par corps de pompe<\/h5>\n\n\n\n<p>Conception anti-goutte, r\u00e9glage par cylindre, op\u00e9ration facile, mesure pr\u00e9cise. .<\/p>\n\n\n\n<figure class=\"wp-block-image size-full\"><img loading=\"lazy\" decoding=\"async\" width=\"750\" height=\"600\" src=\"https:\/\/www.autofoodpack.com\/wp-content\/uploads\/2022\/10\/\u4e0b\u6599\u5668-1.jpg\" alt=\"\" class=\"wp-image-1668\" srcset=\"https:\/\/www.autofoodpack.com\/wp-content\/uploads\/2022\/10\/\u4e0b\u6599\u5668-1.jpg 750w, https:\/\/www.autofoodpack.com\/wp-content\/uploads\/2022\/10\/\u4e0b\u6599\u5668-1-300x240.jpg 300w, https:\/\/www.autofoodpack.com\/wp-content\/uploads\/2022\/10\/\u4e0b\u6599\u5668-1-600x480.jpg 600w\" sizes=\"auto, (max-width: 750px) 100vw, 750px\" \/><\/figure>\n\n\n\n<h5 class=\"wp-block-heading\">Balance combin\u00e9e automatique compl\u00e8te \u00e0 micro-ordinateur<\/h5>\n\n\n\n<p>La vitesse est rapide, le poids est stable, et le taux d'erreur est inf\u00e9rieur \u00e0 \u00b1 1 %. (selon le mat\u00e9riau)<\/p>\n\n\n\n<figure class=\"wp-block-image size-full\"><img loading=\"lazy\" decoding=\"async\" width=\"750\" height=\"600\" src=\"https:\/\/www.autofoodpack.com\/wp-content\/uploads\/2022\/09\/\u673a\u5668\u7ec6\u8282\u63cf\u8ff0-3-1.jpg\" alt=\"\" class=\"wp-image-1648\" srcset=\"https:\/\/www.autofoodpack.com\/wp-content\/uploads\/2022\/09\/\u673a\u5668\u7ec6\u8282\u63cf\u8ff0-3-1.jpg 750w, https:\/\/www.autofoodpack.com\/wp-content\/uploads\/2022\/09\/\u673a\u5668\u7ec6\u8282\u63cf\u8ff0-3-1-300x240.jpg 300w, https:\/\/www.autofoodpack.com\/wp-content\/uploads\/2022\/09\/\u673a\u5668\u7ec6\u8282\u63cf\u8ff0-3-1-600x480.jpg 600w\" sizes=\"auto, (max-width: 750px) 100vw, 750px\" \/><\/figure>\n\n\n\n<h5 class=\"wp-block-heading\">Dispositif d'ouverture de fermeture \u00e9clair<\/h5>\n\n\n\n<p>Pour le type de sac d'emballage avec fermeture \u00e9clair, ce dispositif peut \u00eatre ajout\u00e9 pour ouvrir le sac intelligemment.<\/p>\n\n\n\n<figure class=\"wp-block-image size-full\"><img loading=\"lazy\" decoding=\"async\" width=\"750\" height=\"600\" src=\"https:\/\/www.autofoodpack.com\/wp-content\/uploads\/2022\/09\/\u673a\u5668\u7ec6\u8282\u63cf\u8ff0-4-1.jpg\" alt=\"\" class=\"wp-image-1649\" srcset=\"https:\/\/www.autofoodpack.com\/wp-content\/uploads\/2022\/09\/\u673a\u5668\u7ec6\u8282\u63cf\u8ff0-4-1.jpg 750w, https:\/\/www.autofoodpack.com\/wp-content\/uploads\/2022\/09\/\u673a\u5668\u7ec6\u8282\u63cf\u8ff0-4-1-300x240.jpg 300w, https:\/\/www.autofoodpack.com\/wp-content\/uploads\/2022\/09\/\u673a\u5668\u7ec6\u8282\u63cf\u8ff0-4-1-600x480.jpg 600w\" sizes=\"auto, (max-width: 750px) 100vw, 750px\" \/><\/figure>\n\n\n\n<h5 class=\"wp-block-heading\">Facile \u00e0 installer et \u00e0 utiliser<\/h5>\n\n\n\n<p>Fonctions automatiques compl\u00e8tes de codage, de remplissage et de scellage.<\/p>\n\n\n\n<figure class=\"wp-block-image size-full\"><img loading=\"lazy\" decoding=\"async\" width=\"750\" height=\"600\" src=\"https:\/\/www.autofoodpack.com\/wp-content\/uploads\/2022\/09\/\u673a\u5668\u7ec6\u8282\u63cf\u8ff0-5-1.jpg\" alt=\"\" class=\"wp-image-1650\" srcset=\"https:\/\/www.autofoodpack.com\/wp-content\/uploads\/2022\/09\/\u673a\u5668\u7ec6\u8282\u63cf\u8ff0-5-1.jpg 750w, https:\/\/www.autofoodpack.com\/wp-content\/uploads\/2022\/09\/\u673a\u5668\u7ec6\u8282\u63cf\u8ff0-5-1-300x240.jpg 300w, https:\/\/www.autofoodpack.com\/wp-content\/uploads\/2022\/09\/\u673a\u5668\u7ec6\u8282\u63cf\u8ff0-5-1-600x480.jpg 600w\" sizes=\"auto, (max-width: 750px) 100vw, 750px\" \/><\/figure>\n\n\n\n<h3 class=\"wp-block-heading\"><span style=\"color: var(--paletteColor8, #ffffff);background-color: #f34957\" class=\"stk-highlight\">Pourquoi Nous Choisir<\/span><\/h3>\n\n\n\n<figure class=\"wp-block-image size-full\"><img loading=\"lazy\" decoding=\"async\" width=\"750\" height=\"490\" src=\"https:\/\/www.autofoodpack.com\/wp-content\/uploads\/2022\/09\/\u516c\u53f8\u4ecb\u7ecd-1.jpg\" alt=\"\" class=\"wp-image-1636\" srcset=\"https:\/\/www.autofoodpack.com\/wp-content\/uploads\/2022\/09\/\u516c\u53f8\u4ecb\u7ecd-1.jpg 750w, https:\/\/www.autofoodpack.com\/wp-content\/uploads\/2022\/09\/\u516c\u53f8\u4ecb\u7ecd-1-300x196.jpg 300w, https:\/\/www.autofoodpack.com\/wp-content\/uploads\/2022\/09\/\u516c\u53f8\u4ecb\u7ecd-1-600x392.jpg 600w\" sizes=\"auto, (max-width: 750px) 100vw, 750px\" \/><\/figure>\n\n\n\n<h5 class=\"wp-block-heading\">Profil de l'entreprise<\/h5>\n\n\n\n<p>Mingkai, un fabricant de premier plan de machines d'emballage et d'\u00e9quipements de support, a d\u00e9velopp\u00e9 avec succ\u00e8s plus de 80 types de machines d'emballage. Les machines d'emballage Mingkai sont largement appliqu\u00e9es dans diff\u00e9rents domaines \u00e0 travers le monde, tels que l'alimentation\/l'alimentation industrielle, les m\u00e9dicaments, les fournitures h\u00f4teli\u00e8res, les articles jetables, les articles en caoutchouc, les appareils m\u00e9nagers, la quincaillerie, les articles de sport, les jouets, etc.<\/p>\n\n\n\n<figure class=\"wp-block-image size-full\"><img loading=\"lazy\" decoding=\"async\" width=\"750\" height=\"979\" src=\"https:\/\/www.autofoodpack.com\/wp-content\/uploads\/2022\/09\/\u516c\u53f8\u7b80\u4ecb.jpg\" alt=\"\" class=\"wp-image-1615\" srcset=\"https:\/\/www.autofoodpack.com\/wp-content\/uploads\/2022\/09\/\u516c\u53f8\u7b80\u4ecb.jpg 750w, https:\/\/www.autofoodpack.com\/wp-content\/uploads\/2022\/09\/\u516c\u53f8\u7b80\u4ecb-300x392.jpg 300w, https:\/\/www.autofoodpack.com\/wp-content\/uploads\/2022\/09\/\u516c\u53f8\u7b80\u4ecb-600x783.jpg 600w\" sizes=\"auto, (max-width: 750px) 100vw, 750px\" \/><\/figure>\n\n\n\n<figure class=\"wp-block-image size-full\"><img loading=\"lazy\" decoding=\"async\" width=\"750\" height=\"325\" src=\"https:\/\/www.autofoodpack.com\/wp-content\/uploads\/2022\/09\/\u8bc1\u4e66.jpg\" alt=\"\" class=\"wp-image-1634\" srcset=\"https:\/\/www.autofoodpack.com\/wp-content\/uploads\/2022\/09\/\u8bc1\u4e66.jpg 750w, https:\/\/www.autofoodpack.com\/wp-content\/uploads\/2022\/09\/\u8bc1\u4e66-300x130.jpg 300w, https:\/\/www.autofoodpack.com\/wp-content\/uploads\/2022\/09\/\u8bc1\u4e66-600x260.jpg 600w\" sizes=\"auto, (max-width: 750px) 100vw, 750px\" \/><\/figure>\n\n\n\n<h5 class=\"wp-block-heading\">\u00c9quipe Professionnelle et Solide<\/h5>\n\n\n\n<p>Mingkai dispose d'une \u00e9quipe professionnelle capable de fournir aux clients diverses solutions d'emballage. Apr\u00e8s avoir pleinement compris les besoins du client, nous fournissons la solution d'emballage la plus adapt\u00e9e au client.<br>Puis commence la production de la machine. Nous avons une forte capacit\u00e9 de production et de traitement, du traitement personnalis\u00e9 des accessoires \u00e0 l'assemblage et au d\u00e9bogage de la machine.<br>Enfin, elle est emball\u00e9e et exp\u00e9di\u00e9e, et ne prend qu'une semaine \u00e0 compl\u00e9ter.<\/p>\n\n\n\n<figure class=\"wp-block-image size-full\"><img loading=\"lazy\" decoding=\"async\" width=\"750\" height=\"621\" src=\"https:\/\/www.autofoodpack.com\/wp-content\/uploads\/2022\/09\/\u4e13\u4e1a\u548c\u5f3a\u5927\u7684\u56e2\u961f.jpg\" alt=\"\" class=\"wp-image-1623\" srcset=\"https:\/\/www.autofoodpack.com\/wp-content\/uploads\/2022\/09\/\u4e13\u4e1a\u548c\u5f3a\u5927\u7684\u56e2\u961f.jpg 750w, https:\/\/www.autofoodpack.com\/wp-content\/uploads\/2022\/09\/\u4e13\u4e1a\u548c\u5f3a\u5927\u7684\u56e2\u961f-300x248.jpg 300w, https:\/\/www.autofoodpack.com\/wp-content\/uploads\/2022\/09\/\u4e13\u4e1a\u548c\u5f3a\u5927\u7684\u56e2\u961f-600x497.jpg 600w\" sizes=\"auto, (max-width: 750px) 100vw, 750px\" \/><\/figure>\n\n\n\n<h5 class=\"wp-block-heading\">Service Apr\u00e8s-Vente Rapide et Efficace<\/h5>\n\n\n\n<p>Choisir Mingkai, ce n'est pas seulement acheter une machine, mais aussi b\u00e9n\u00e9ficier de notre service professionnel et rapide.<\/p>\n\n\n\n<ol class=\"wp-block-list\"><li>Lorsque la machine est livr\u00e9e, nous joignons une vid\u00e9o d'installation et de fonctionnement de la machine, afin que vous puissiez l'utiliser rapidement.<\/li><li>Certaines de nos machines b\u00e9n\u00e9ficient d'une garantie d'un an, et nous les remplacerons en cas de d\u00e9faillance.<\/li><li>Lorsque votre machine tombe en panne, nous avons des ing\u00e9nieurs professionnels pour fournir un service apr\u00e8s-vente en ligne professionnel afin de vous aider \u00e0 r\u00e9soudre le probl\u00e8me.<\/li><li>Si le probl\u00e8me ne peut pas \u00eatre r\u00e9solu en ligne, nous organiserons un ing\u00e9nieur pour le r\u00e9parer sur site dans un d\u00e9lai d'une semaine.<\/li><\/ol>\n\n\n\n<h5 class=\"wp-block-heading\">Commentaires des Clients<\/h5>\n\n\n\n<p>Nous avons 10 ans d'exp\u00e9rience dans le commerce ext\u00e9rieur et l'exportation, et nos clients sont d\u00e9sormais r\u00e9partis dans 90 pays \u00e0 travers le monde.<br>Gr\u00e2ce \u00e0 nos machines de haute qualit\u00e9 et \u00e0 nos services professionnels, nous avons remport\u00e9 des \u00e9loges unanimes de la part de nos clients.<\/p>\n\n\n\n<h3 class=\"wp-block-heading\"><span style=\"color: var(--paletteColor8, #ffffff);background-color: #f34957\" class=\"stk-highlight\">FAQ<\/span><\/h3>\n\n\n\n<p><strong><span style=\"color: #222222;background-color: var(--paletteColor5, #eaeaec)\" class=\"stk-highlight\">Q1 : Avez-vous un manuel ou une vid\u00e9o d'op\u00e9ration pour nous permettre d'en savoir plus sur la machine ?<\/span><\/strong><br>Oui, non seulement le manuel ou la vid\u00e9o d'op\u00e9ration, mais aussi le dessin 3D disponible pour \u00eatre r\u00e9alis\u00e9 selon votre conception. La vid\u00e9o que nous pouvons faire des tests de mat\u00e9riel de notre machine d'emballage si vos produits d'emballage sont plus faciles \u00e0 trouver sur le march\u00e9 local.<br><strong><span style=\"color: #222222;background-color: var(--paletteColor5, #eaeaec)\" class=\"stk-highlight\">Q2 : Comment puis-je vous faire confiance pour la premi\u00e8re transaction ?<\/span><\/strong><br>Veuillez noter notre licence commerciale et notre certificat ci-dessus. Si vous ne nous faites pas confiance, vous pouvez visiter notre entreprise pour comprendre notre culture d'entreprise, etc., afin d'assurer la livraison \u00e0 temps et la qualit\u00e9 de vos machines.<br><strong><span style=\"color: #222222;background-color: var(--paletteColor5, #eaeaec)\" class=\"stk-highlight\">Q3 : Comment choisir une machine ?<\/span><\/strong><br>Contactez Kathy au +86 13715725813, email : Kathy@autofoodpack.com. Oui, nous fournissons le type de produit (granul\u00e9, liquide, poudre), la taille du produit, la forme du sac (film roul\u00e9, sachet pr\u00e9form\u00e9), le poids du produit (5g-5kg), et nous vous recommandons le mod\u00e8le.<br><strong><span style=\"color: #222222;background-color: var(--paletteColor5, #eaeaec)\" class=\"stk-highlight\">Q4 : Comment pouvons-nous nous assurer de la qualit\u00e9 de la machine apr\u00e8s avoir pass\u00e9 commande ?<\/span><\/strong><br>Avant la livraison, nous vous enverrons les photos et vid\u00e9os pour que vous puissiez v\u00e9rifier la qualit\u00e9, et vous pouvez \u00e9galement organiser la v\u00e9rification de la qualit\u00e9 par vous-m\u00eame ou par vos contacts en Chine.<br><strong><span style=\"color: #222222;background-color: var(--paletteColor5, #eaeaec)\" class=\"stk-highlight\">Q5 : Si nous avons des \u00e9chantillons de nouveaux produits, pouvez-vous aider \u00e0 analyser et \u00e0 concevoir la machine ?<\/span><\/strong><br>Oui, notre d\u00e9partement technique peut aider \u00e0 analyser, concevoir et tester les nouveaux produits que vous fournissez.<\/p>\n\n\n\n<p><\/p>","protected":false},"excerpt":{"rendered":"<p>1. Une seule personne peut faire fonctionner une machine, ce qui permet d'\u00e9conomiser beaucoup sur les co\u00fbts de main-d'\u0153uvre.<br \/>2.La section o\u00f9 le mat\u00e9riau entre en contact est en acier inoxydable, le corps de la machine peut \u00eatre en acier inoxydable complet ou partiel et tous les \u00e9quipements ont pass\u00e9 la norme CE.<br \/>3.Le tra\u00e7age photo\u00e9lectrique \u00e0 haute sensibilit\u00e9 et la saisie num\u00e9rique de la position de coupe permettent une plus grande pr\u00e9cision.<br \/>4.Pour des performances stables : double contr\u00f4leur \u00e0 onduleur, syst\u00e8me PLC \u00e9volutif, autodiagnostic des pannes, double encodeur.<br \/>5.Pour une utilisation facile : \u00e9cran tactile, contr\u00f4leur PID de temp\u00e9rature ind\u00e9pendant,<br \/>6.Pour l'adaptabilit\u00e9 : un jeu de machines peut \u00eatre appliqu\u00e9 \u00e0 diff\u00e9rents types de produits via des dispositifs optionnels, tels qu'un dispositif de remplissage d'air, une ligne d'alimentation, etc.<\/p>","protected":false},"featured_media":1666,"comment_status":"open","ping_status":"closed","template":"","meta":[],"product_cat":[26,25,29],"product_tag":[183],"class_list":["post-1665","product","type-product","status-publish","has-post-thumbnail","hentry","product_cat-doypack-machine","product_cat-hot-product","product_cat-powder-packing-machine","product_tag-granule-packing-mahchine"],"featured_image_urls":{"full":["https:\/\/www.autofoodpack.com\/wp-content\/uploads\/2022\/10\/230C.jpg",800,800,false],"thumbnail":["https:\/\/www.autofoodpack.com\/wp-content\/uploads\/2022\/10\/230C.jpg",96,96,false],"medium":["https:\/\/www.autofoodpack.com\/wp-content\/uploads\/2022\/10\/230C.jpg",800,800,false],"medium_large":["https:\/\/www.autofoodpack.com\/wp-content\/uploads\/2022\/10\/230C-768x768.jpg",768,768,true],"large":["https:\/\/www.autofoodpack.com\/wp-content\/uploads\/2022\/10\/230C.jpg",800,800,false],"1536x1536":["https:\/\/www.autofoodpack.com\/wp-content\/uploads\/2022\/10\/230C.jpg",800,800,false],"2048x2048":["https:\/\/www.autofoodpack.com\/wp-content\/uploads\/2022\/10\/230C.jpg",800,800,false],"trp-custom-language-flag":["https:\/\/www.autofoodpack.com\/wp-content\/uploads\/2022\/10\/230C.jpg",12,12,false],"woocommerce_thumbnail":["https:\/\/www.autofoodpack.com\/wp-content\/uploads\/2022\/10\/230C-300x300.jpg",300,300,true],"woocommerce_single":["https:\/\/www.autofoodpack.com\/wp-content\/uploads\/2022\/10\/230C-600x600.jpg",600,600,true],"woocommerce_gallery_thumbnail":["https:\/\/www.autofoodpack.com\/wp-content\/uploads\/2022\/10\/230C-100x100.jpg",100,100,true],"shop_catalog":["https:\/\/www.autofoodpack.com\/wp-content\/uploads\/2022\/10\/230C-300x300.jpg",300,300,true],"shop_single":["https:\/\/www.autofoodpack.com\/wp-content\/uploads\/2022\/10\/230C-600x600.jpg",600,600,true],"shop_thumbnail":["https:\/\/www.autofoodpack.com\/wp-content\/uploads\/2022\/10\/230C-100x100.jpg",100,100,true]},"post_excerpt_stackable":"<p>1.One person can operate a machine, saving a lot of labor costs.<br \/>2.The section where the material contact is stainless steel as the body of machine is optional for complete orpartial stainless steel and all out equipments have passed the CE Standard.<br \/>3.High-sensitivity photoelectric color tracing and digital input of cutting position get more accuracy.<br \/>4.For Stable Performance: Dual inverters controller, upgradable PLC system, self-failure diagnosis, double encoder.<br \/>5.For Easy Operation: Touch screen monitor, independent temperature PID controller,<br \/>6.For adaptability: one set of machine can be applicated to different kind of product via optional devices, such as air-filling device, feeding line, etc.<\/p>\n","category_list":"","author_info":{"name":"","url":""},"comments_num":"0 comments","_links":{"self":[{"href":"https:\/\/www.autofoodpack.com\/fr\/wp-json\/wp\/v2\/product\/1665","targetHints":{"allow":["GET"]}}],"collection":[{"href":"https:\/\/www.autofoodpack.com\/fr\/wp-json\/wp\/v2\/product"}],"about":[{"href":"https:\/\/www.autofoodpack.com\/fr\/wp-json\/wp\/v2\/types\/product"}],"replies":[{"embeddable":true,"href":"https:\/\/www.autofoodpack.com\/fr\/wp-json\/wp\/v2\/comments?post=1665"}],"wp:featuredmedia":[{"embeddable":true,"href":"https:\/\/www.autofoodpack.com\/fr\/wp-json\/wp\/v2\/media\/1666"}],"wp:attachment":[{"href":"https:\/\/www.autofoodpack.com\/fr\/wp-json\/wp\/v2\/media?parent=1665"}],"wp:term":[{"taxonomy":"product_cat","embeddable":true,"href":"https:\/\/www.autofoodpack.com\/fr\/wp-json\/wp\/v2\/product_cat?post=1665"},{"taxonomy":"product_tag","embeddable":true,"href":"https:\/\/www.autofoodpack.com\/fr\/wp-json\/wp\/v2\/product_tag?post=1665"}],"curies":[{"name":"WordPress","href":"https:\/\/api.w.org\/{rel}","templated":true}]}}