{"id":1427,"date":"2022-08-05T10:49:10","date_gmt":"2022-08-05T02:49:10","guid":{"rendered":"https:\/\/www.autofoodpack.com\/?post_type=product&#038;p=1427"},"modified":"2023-08-29T15:44:32","modified_gmt":"2023-08-29T07:44:32","slug":"mk-fc-6","status":"publish","type":"product","link":"https:\/\/www.autofoodpack.com\/nl\/product\/mk-fc-6\/","title":{"rendered":"Vul- en sluitmachine voor stazakken met tuit voor babyvoeding, yoghurt en gecondenseerde melk"},"content":{"rendered":"<p><strong>\u9002\u5e94\u8303\u56f4<\/strong><\/p>\n<p>\u9002\u7528\u4e8e\u81ea\u7acb\u888b\u7684\u5145\u586b\u4e0e\u65cb\u76d6\u3002<\/p>\n<p>\u9002\u7528\u7269\u6599\u8303\u56f4\uff1a\u996e\u6599\uff0cCC\u679c\u51bb\uff0c\u679c\u6c41\uff0c\u6cb9\u54c1\uff0c\u7ea2\u9152\uff0c\u6c34\uff0c\u6e05\u6d01\u7528\u54c1\uff0c\u5316\u5986\u54c1\u548c\u5176\u4ed6\u6db2\u4f53\u6216\u818f\u4f53\u3002<\/p>\n<p><strong>\u5305\u88c5\u5b9e\u4f8b<\/strong><\/p>\n<p><img loading=\"lazy\" decoding=\"async\" class=\"size-full wp-image-1432 aligncenter\" src=\"https:\/\/www.autofoodpack.com\/wp-content\/uploads\/2022\/08\/\u63cf\u8ff0\u56fe-3.jpg\" alt=\"\" width=\"750\" height=\"824\" srcset=\"https:\/\/www.autofoodpack.com\/wp-content\/uploads\/2022\/08\/\u63cf\u8ff0\u56fe-3.jpg 750w, https:\/\/www.autofoodpack.com\/wp-content\/uploads\/2022\/08\/\u63cf\u8ff0\u56fe-3-300x330.jpg 300w, https:\/\/www.autofoodpack.com\/wp-content\/uploads\/2022\/08\/\u63cf\u8ff0\u56fe-3-600x659.jpg 600w\" sizes=\"auto, (max-width: 750px) 100vw, 750px\" \/><\/p>\n<p><strong>\u6e29\u99a8\u63d0\u9192\uff1a<\/strong><\/p>\n<p>\u6211\u4eec\u62e5\u6709\u7ecf\u9a8c\u4e30\u5bcc\u7684\u7814\u53d1\u5de5\u7a0b\u5e08\u56e2\u961f\uff0c\u4ed6\u4eec\u53ef\u4ee5\u6839\u636e\u60a8\u7684\u4ea7\u54c1\u7279\u70b9\u5b9a\u5236\u5305\u88c5\u89e3\u51b3\u65b9\u6848\u3002<\/p>\n<p>24\u5c0f\u65f6\u5728\u7ebf\u3002<\/p>\n<p><strong>\u6536\u5230\u60a8\u7684\u8be2\u4ef7\u540e\uff0c\u6211\u4eec\u5c06\u5c3d\u5feb\u5411\u60a8\u53d1\u9001\u62a5\u4ef7\u5355\u3002<\/strong><\/p>\n<div class=\"everest-forms\"><div class=\"evf-container default\" id=\"evf-1035\"><form id=\"evf-form-1035\" class=\"everest-form\" data-formid=\"1035\" data-ajax_submission=\"0\" method=\"post\" enctype=\"multipart\/form-data\" action=\"\/nl\/wp-json\/wp\/v2\/product\/1427\"><div class=\"evf-field-container\"><input type=\"hidden\" id=\"_wpnonce1035\" name=\"_wpnonce1035\" value=\"2171cf605e\" \/><input type=\"hidden\" name=\"_wp_http_referer\" value=\"\/nl\/wp-json\/wp\/v2\/product\/1427\" \/><div class=\"evf-frontend-row\" data-row=\"row_1\"><div class=\"evf-frontend-grid evf-grid-2\" data-grid=\"grid_1\"><div id=\"evf-1035-field_lsR7VZ1zA7-1-container\" class=\"evf-field evf-field-last-name form-row\" data-field-id=\"lsR7VZ1zA7-1\"><label class=\"evf-field-label evf-label-hide\" for=\"evf-1035-field_lsR7VZ1zA7-1\"><span class=\"evf-label\">\u540d<\/span> <\/label><input type=\"text\" id=\"evf-1035-field_lsR7VZ1zA7-1\" class=\"input-text\" name=\"everest_forms[form_fields][lsR7VZ1zA7-1]\" placeholder=\"Name:\" ><\/div><\/div><div class=\"evf-frontend-grid evf-grid-2\" data-grid=\"grid_2\"><div id=\"evf-1035-field_mIIPZsDspb-2-container\" class=\"evf-field evf-field-email form-row validate-required validate-email\" data-required-field-message=\"\u8bf7\u8f93\u5165\u6b63\u786e\u7684\u7535\u5b50\u90ae\u4ef6\u5730\u5740\u3002\" data-field-id=\"mIIPZsDspb-2\"><label class=\"evf-field-label evf-label-hide\" for=\"evf-1035-field_mIIPZsDspb-2\"><span class=\"evf-label\">\u7535\u90ae<\/span> <abbr class=\"required\" title=\"Required\">*<\/abbr><\/label><input type=\"email\" id=\"evf-1035-field_mIIPZsDspb-2\" class=\"input-text\" name=\"everest_forms[form_fields][mIIPZsDspb-2]\" placeholder=\"Email:\" required ><\/div><\/div><\/div><div class=\"evf-frontend-row\" data-row=\"row_2\"><div class=\"evf-frontend-grid evf-grid-2\" data-grid=\"grid_1\"><div id=\"evf-1035-field_TRTyEMWnlk-3-container\" class=\"evf-field evf-field-number form-row\" data-field-id=\"TRTyEMWnlk-3\"><label class=\"evf-field-label evf-label-hide\" for=\"evf-1035-field_TRTyEMWnlk-3\"><span class=\"evf-label\">\u6570\u5b57<\/span> <\/label><input type=\"number\" id=\"evf-1035-field_TRTyEMWnlk-3\" class=\"input-text\" name=\"everest_forms[form_fields][TRTyEMWnlk-3]\" placeholder=\"Tel:\" \/><\/div><\/div><div class=\"evf-frontend-grid evf-grid-2\" data-grid=\"grid_2\"><div id=\"evf-1035-field_UHk9gX9XvG-4-container\" class=\"evf-field evf-field-text form-row\" data-field-id=\"UHk9gX9XvG-4\"><label class=\"evf-field-label evf-label-hide\" for=\"evf-1035-field_UHk9gX9XvG-4\"><span class=\"evf-label\">\u5355\u884c\u6587\u5b57<\/span> <\/label><input type=\"text\" id=\"evf-1035-field_UHk9gX9XvG-4\" class=\"input-text\" name=\"everest_forms[form_fields][UHk9gX9XvG-4]\" placeholder=\"Country:\" ><\/div><\/div><\/div><div class=\"evf-frontend-row\" data-row=\"row_3\"><div class=\"evf-frontend-grid evf-grid-1\" data-grid=\"grid_1\"><div id=\"evf-1035-field_rl40MminJe-6-container\" class=\"evf-field evf-field-textarea form-row\" data-field-id=\"rl40MminJe-6\"><label class=\"evf-field-label evf-label-hide\" for=\"evf-1035-field_rl40MminJe-6\"><span class=\"evf-label\">\u6bb5\u843d\u6587\u672c<\/span> <\/label><textarea id=\"evf-1035-field_rl40MminJe-6\" class=\"input-text\" name=\"everest_forms[form_fields][rl40MminJe-6]\" placeholder=\"Leave your message: Such as your product description, bag size\u2026\"  ><\/textarea><\/div><\/div><\/div><\/div><div class=\"evf-honeypot-container evf-field-hp\"><label for=\"evf-1035-field-hp\" class=\"evf-field-label\">Comment<\/label><input type=\"text\" name=\"everest_forms[hp]\" id=\"evf-1035-field-hp\" class=\"input-text\"><\/div><div class=\"evf-submit-container \" ><input type=\"hidden\" name=\"everest_forms[id]\" value=\"1035\"><input type=\"hidden\" name=\"everest_forms[author]\" value=\"1\"><button type='submit' name='everest_forms[submit]' class='everest-forms-submit-button button evf-submit ' id='evf-submit-1035' value='evf-submit' data-process-text=\"sending\u2026\" conditional_rules='&quot;&quot;' conditional_id='evf-submit-1035'  id=\"evf-submit-1035\" aria-live=\"assertive\">SEND<\/button><\/div><\/form><\/div><!-- .evf-container --><\/div>\n","protected":false},"excerpt":{"rendered":"<ol>\n<li>Roestvrijstalen frameconstructie, hygi\u00ebnisch en compact ontwerp<\/li>\n<li>Elke zaktoevoerlijn is uitgerust met een onafhankelijke cilinderaandrijving<\/li>\n<li>Automatisch CIP-reinigingssysteem voor de product- en fruitvleestank<\/li>\n<li>Volledig geautomatiseerde bediening garandeert een hoge mate van hygi\u00ebne<\/li>\n<li>In-line zakdetectie, geen vulling zonder zak<\/li>\n<li>Het vulsysteem voert vacu\u00fcmtrekken, vloeistofvulling en stikstofspoeling in \u00e9\u00e9n keer uit, wat luchtbellen in de zak voorkomt<\/li>\n<\/ol>","protected":false},"featured_media":1422,"comment_status":"open","ping_status":"closed","template":"","meta":[],"product_cat":[97],"product_tag":[],"class_list":["post-1427","product","type-product","status-publish","has-post-thumbnail","hentry","product_cat-liquid-packing-machine-cn"],"featured_image_urls":{"full":["https:\/\/www.autofoodpack.com\/wp-content\/uploads\/2022\/08\/1-9.jpg",800,800,false],"thumbnail":["https:\/\/www.autofoodpack.com\/wp-content\/uploads\/2022\/08\/1-9.jpg",96,96,false],"medium":["https:\/\/www.autofoodpack.com\/wp-content\/uploads\/2022\/08\/1-9.jpg",800,800,false],"medium_large":["https:\/\/www.autofoodpack.com\/wp-content\/uploads\/2022\/08\/1-9-768x768.jpg",768,768,true],"large":["https:\/\/www.autofoodpack.com\/wp-content\/uploads\/2022\/08\/1-9.jpg",800,800,false],"1536x1536":["https:\/\/www.autofoodpack.com\/wp-content\/uploads\/2022\/08\/1-9.jpg",800,800,false],"2048x2048":["https:\/\/www.autofoodpack.com\/wp-content\/uploads\/2022\/08\/1-9.jpg",800,800,false],"trp-custom-language-flag":["https:\/\/www.autofoodpack.com\/wp-content\/uploads\/2022\/08\/1-9.jpg",12,12,false],"woocommerce_thumbnail":["https:\/\/www.autofoodpack.com\/wp-content\/uploads\/2022\/08\/1-9-300x300.jpg",300,300,true],"woocommerce_single":["https:\/\/www.autofoodpack.com\/wp-content\/uploads\/2022\/08\/1-9-600x600.jpg",600,600,true],"woocommerce_gallery_thumbnail":["https:\/\/www.autofoodpack.com\/wp-content\/uploads\/2022\/08\/1-9-100x100.jpg",100,100,true],"shop_catalog":["https:\/\/www.autofoodpack.com\/wp-content\/uploads\/2022\/08\/1-9-300x300.jpg",300,300,true],"shop_single":["https:\/\/www.autofoodpack.com\/wp-content\/uploads\/2022\/08\/1-9-600x600.jpg",600,600,true],"shop_thumbnail":["https:\/\/www.autofoodpack.com\/wp-content\/uploads\/2022\/08\/1-9-100x100.jpg",100,100,true]},"post_excerpt_stackable":"<ol>\n<li>\u4e0d\u9508\u94a2\u673a\u67b6\u7ed3\u6784\uff0c\u536b\u751f\uff0c\u8bbe\u8ba1\u7d27\u51d1<\/li>\n<li>\u6bcf\u6761\u9001\u888b\u7ebf\u914d\u5907\u72ec\u7acb\u6c14\u7f38\u9a71\u52a8<\/li>\n<li>\u6599\u6876\u679c\u8089\u6876CIP\u81ea\u52a8\u6e05\u6d17<\/li>\n<li>\u5168\u81ea\u52a8\u5316\u64cd\u4f5c\u786e\u4fdd\u9ad8\u5ea6\u536b\u751f<\/li>\n<li>\u7ebf\u4e0a\u888b\u5b50\u68c0\u6d4b\uff0c\u65e0\u888b\u4e0d\u5145\u586b<\/li>\n<li>\u5145\u586b\u7cfb\u7edf\u62bd\u771f\u7a7a-\u704c\u88c5\u6db2\u4f53-\u5145\u6c2e\u6c14\u4e00\u6b21\u5b8c\u6210\uff0c\u89e3\u51b3\u888b\u5185\u7269\u6599\u6c14\u6ce1\u95ee\u9898<\/li>\n<\/ol>\n","category_list":"","author_info":{"name":"","url":""},"comments_num":"0 comments","_links":{"self":[{"href":"https:\/\/www.autofoodpack.com\/nl\/wp-json\/wp\/v2\/product\/1427","targetHints":{"allow":["GET"]}}],"collection":[{"href":"https:\/\/www.autofoodpack.com\/nl\/wp-json\/wp\/v2\/product"}],"about":[{"href":"https:\/\/www.autofoodpack.com\/nl\/wp-json\/wp\/v2\/types\/product"}],"replies":[{"embeddable":true,"href":"https:\/\/www.autofoodpack.com\/nl\/wp-json\/wp\/v2\/comments?post=1427"}],"wp:featuredmedia":[{"embeddable":true,"href":"https:\/\/www.autofoodpack.com\/nl\/wp-json\/wp\/v2\/media\/1422"}],"wp:attachment":[{"href":"https:\/\/www.autofoodpack.com\/nl\/wp-json\/wp\/v2\/media?parent=1427"}],"wp:term":[{"taxonomy":"product_cat","embeddable":true,"href":"https:\/\/www.autofoodpack.com\/nl\/wp-json\/wp\/v2\/product_cat?post=1427"},{"taxonomy":"product_tag","embeddable":true,"href":"https:\/\/www.autofoodpack.com\/nl\/wp-json\/wp\/v2\/product_tag?post=1427"}],"curies":[{"name":"werkplek","href":"https:\/\/api.w.org\/{rel}","templated":true}]}}