{"id":1343,"date":"2022-07-02T11:38:02","date_gmt":"2022-07-02T03:38:02","guid":{"rendered":"https:\/\/www.autofoodpack.com\/?post_type=product&#038;p=1343"},"modified":"2022-08-06T16:11:47","modified_gmt":"2022-08-06T08:11:47","slug":"white-granulated-sugar-coffee-small-granule-packaging-machine-milk-powder-medicine-powder-flavoring-powder-packaging-machine","status":"publish","type":"product","link":"https:\/\/www.autofoodpack.com\/pt\/product\/white-granulated-sugar-coffee-small-granule-packaging-machine-milk-powder-medicine-powder-flavoring-powder-packaging-machine\/","title":{"rendered":"M\u00e1quina de embalagem de a\u00e7\u00facar granulado branco, caf\u00e9, pequenos gr\u00e2nulos, leite em p\u00f3, p\u00f3 medicinal, p\u00f3 de tempero"},"content":{"rendered":"<p><strong>Application<\/strong><\/p>\n<p><strong>Granules:<\/strong> Granulated sugar, soft white sugar, chicken essence;;<\/p>\n<p><strong>Powder:<\/strong> Seasoning powder, milk powder, grape sugar powder, coffee powder;<\/p>\n<p><strong>Packing Exambers<\/strong><\/p>\n<p><img loading=\"lazy\" decoding=\"async\" class=\"alignnone size-full wp-image-1348\" src=\"https:\/\/www.autofoodpack.com\/wp-content\/uploads\/2022\/07\/5.jpg\" alt=\"\" width=\"750\" height=\"544\" srcset=\"https:\/\/www.autofoodpack.com\/wp-content\/uploads\/2022\/07\/5.jpg 750w, https:\/\/www.autofoodpack.com\/wp-content\/uploads\/2022\/07\/5-300x218.jpg 300w, https:\/\/www.autofoodpack.com\/wp-content\/uploads\/2022\/07\/5-600x435.jpg 600w\" sizes=\"auto, (max-width: 750px) 100vw, 750px\" \/><\/p>\n<p><strong>Kindly Reminder:<\/strong><\/p>\n<p>We have experienced team of R &amp; D engineers who can customize packaging solutions according to your product characteristics.<\/p>\n<p>24 hours online.<\/p>\n<p><strong>After receiving your inquiry,We will send you the quotation as soon as possible.<\/strong><\/p>\n<div class=\"everest-forms\"><div class=\"evf-container default\" id=\"evf-1035\"><form id=\"evf-form-1035\" class=\"everest-form\" data-formid=\"1035\" data-ajax_submission=\"0\" method=\"post\" enctype=\"multipart\/form-data\" action=\"\/pt\/wp-json\/wp\/v2\/product\/1343\"><div class=\"evf-field-container\"><input type=\"hidden\" id=\"_wpnonce1035\" name=\"_wpnonce1035\" value=\"a967a67b75\" \/><input type=\"hidden\" name=\"_wp_http_referer\" value=\"\/pt\/wp-json\/wp\/v2\/product\/1343\" \/><div class=\"evf-frontend-row\" data-row=\"row_1\"><div class=\"evf-frontend-grid evf-grid-2\" data-grid=\"grid_1\"><div id=\"evf-1035-field_lsR7VZ1zA7-1-container\" class=\"evf-field evf-field-last-name form-row\" data-field-id=\"lsR7VZ1zA7-1\"><label class=\"evf-field-label evf-label-hide\" for=\"evf-1035-field_lsR7VZ1zA7-1\"><span class=\"evf-label\">\u540d<\/span> <\/label><input type=\"text\" id=\"evf-1035-field_lsR7VZ1zA7-1\" class=\"input-text\" name=\"everest_forms[form_fields][lsR7VZ1zA7-1]\" placeholder=\"Name:\" ><\/div><\/div><div class=\"evf-frontend-grid evf-grid-2\" data-grid=\"grid_2\"><div id=\"evf-1035-field_mIIPZsDspb-2-container\" class=\"evf-field evf-field-email form-row validate-required validate-email\" data-required-field-message=\"\u8bf7\u8f93\u5165\u6b63\u786e\u7684\u7535\u5b50\u90ae\u4ef6\u5730\u5740\u3002\" data-field-id=\"mIIPZsDspb-2\"><label class=\"evf-field-label evf-label-hide\" for=\"evf-1035-field_mIIPZsDspb-2\"><span class=\"evf-label\">\u7535\u90ae<\/span> <abbr class=\"required\" title=\"Required\">*<\/abbr><\/label><input type=\"email\" id=\"evf-1035-field_mIIPZsDspb-2\" class=\"input-text\" name=\"everest_forms[form_fields][mIIPZsDspb-2]\" placeholder=\"Email:\" required ><\/div><\/div><\/div><div class=\"evf-frontend-row\" data-row=\"row_2\"><div class=\"evf-frontend-grid evf-grid-2\" data-grid=\"grid_1\"><div id=\"evf-1035-field_TRTyEMWnlk-3-container\" class=\"evf-field evf-field-number form-row\" data-field-id=\"TRTyEMWnlk-3\"><label class=\"evf-field-label evf-label-hide\" for=\"evf-1035-field_TRTyEMWnlk-3\"><span class=\"evf-label\">\u6570\u5b57<\/span> <\/label><input type=\"number\" id=\"evf-1035-field_TRTyEMWnlk-3\" class=\"input-text\" name=\"everest_forms[form_fields][TRTyEMWnlk-3]\" placeholder=\"Tel:\" \/><\/div><\/div><div class=\"evf-frontend-grid evf-grid-2\" data-grid=\"grid_2\"><div id=\"evf-1035-field_UHk9gX9XvG-4-container\" class=\"evf-field evf-field-text form-row\" data-field-id=\"UHk9gX9XvG-4\"><label class=\"evf-field-label evf-label-hide\" for=\"evf-1035-field_UHk9gX9XvG-4\"><span class=\"evf-label\">\u5355\u884c\u6587\u5b57<\/span> <\/label><input type=\"text\" id=\"evf-1035-field_UHk9gX9XvG-4\" class=\"input-text\" name=\"everest_forms[form_fields][UHk9gX9XvG-4]\" placeholder=\"Country:\" ><\/div><\/div><\/div><div class=\"evf-frontend-row\" data-row=\"row_3\"><div class=\"evf-frontend-grid evf-grid-1\" data-grid=\"grid_1\"><div id=\"evf-1035-field_rl40MminJe-6-container\" class=\"evf-field evf-field-textarea form-row\" data-field-id=\"rl40MminJe-6\"><label class=\"evf-field-label evf-label-hide\" for=\"evf-1035-field_rl40MminJe-6\"><span class=\"evf-label\">\u6bb5\u843d\u6587\u672c<\/span> <\/label><textarea id=\"evf-1035-field_rl40MminJe-6\" class=\"input-text\" name=\"everest_forms[form_fields][rl40MminJe-6]\" placeholder=\"Leave your message: Such as your product description, bag size\u2026\"  ><\/textarea><\/div><\/div><\/div><\/div><div class=\"evf-honeypot-container evf-field-hp\"><label for=\"evf-1035-field-hp\" class=\"evf-field-label\">Name<\/label><input type=\"text\" name=\"everest_forms[hp]\" id=\"evf-1035-field-hp\" class=\"input-text\"><\/div><div class=\"evf-submit-container \" ><input type=\"hidden\" name=\"everest_forms[id]\" value=\"1035\"><input type=\"hidden\" name=\"everest_forms[author]\" value=\"1\"><button type='submit' name='everest_forms[submit]' class='everest-forms-submit-button button evf-submit ' id='evf-submit-1035' value='evf-submit' data-process-text=\"sending\u2026\" conditional_rules='&quot;&quot;' conditional_id='evf-submit-1035'  id=\"evf-submit-1035\" aria-live=\"assertive\">SEND<\/button><\/div><\/form><\/div><!-- .evf-container --><\/div>\n","protected":false},"excerpt":{"rendered":"<ol>\n<li>A\u00e7o inoxid\u00e1vel 304 (em contato com alimentos)<\/li>\n<li>Controle de prote\u00e7\u00e3o inteligente a cores, sistema operacional em chin\u00eas e ingl\u00eas, v\u00e1rios idiomas podem ser personalizados<\/li>\n<li>O dispositivo de rolagem de filme n\u00e3o trava o filme, economiza m\u00e3o de obra e melhora a efici\u00eancia<\/li>\n<li>Embalagem por forma\u00e7\u00e3o de filme em rolo e per\u00edodo de codifica\u00e7\u00e3o autom\u00e1tica (opcional)<\/li>\n<li>Aplic\u00e1vel a uma ampla gama de materiais (part\u00edculas, p\u00f3s, etc.)<\/li>\n<\/ol>","protected":false},"featured_media":1347,"comment_status":"open","ping_status":"closed","template":"","meta":[],"product_cat":[27,29],"product_tag":[170,168,166],"class_list":["post-1343","product","type-product","status-publish","has-post-thumbnail","hentry","product_cat-granular-packing-machine","product_cat-powder-packing-machine","product_tag-flavoring-powder-packaging-machine","product_tag-medicine-powder-packaging-machine","product_tag-milk-powder-packaging-machine"],"featured_image_urls":{"full":["https:\/\/www.autofoodpack.com\/wp-content\/uploads\/2022\/07\/\u5939\u62c9\u5305\u88c5\u673a.jpg",800,800,false],"thumbnail":["https:\/\/www.autofoodpack.com\/wp-content\/uploads\/2022\/07\/\u5939\u62c9\u5305\u88c5\u673a.jpg",96,96,false],"medium":["https:\/\/www.autofoodpack.com\/wp-content\/uploads\/2022\/07\/\u5939\u62c9\u5305\u88c5\u673a.jpg",800,800,false],"medium_large":["https:\/\/www.autofoodpack.com\/wp-content\/uploads\/2022\/07\/\u5939\u62c9\u5305\u88c5\u673a-768x768.jpg",768,768,true],"large":["https:\/\/www.autofoodpack.com\/wp-content\/uploads\/2022\/07\/\u5939\u62c9\u5305\u88c5\u673a.jpg",800,800,false],"1536x1536":["https:\/\/www.autofoodpack.com\/wp-content\/uploads\/2022\/07\/\u5939\u62c9\u5305\u88c5\u673a.jpg",800,800,false],"2048x2048":["https:\/\/www.autofoodpack.com\/wp-content\/uploads\/2022\/07\/\u5939\u62c9\u5305\u88c5\u673a.jpg",800,800,false],"trp-custom-language-flag":["https:\/\/www.autofoodpack.com\/wp-content\/uploads\/2022\/07\/\u5939\u62c9\u5305\u88c5\u673a.jpg",12,12,false],"woocommerce_thumbnail":["https:\/\/www.autofoodpack.com\/wp-content\/uploads\/2022\/07\/\u5939\u62c9\u5305\u88c5\u673a-300x300.jpg",300,300,true],"woocommerce_single":["https:\/\/www.autofoodpack.com\/wp-content\/uploads\/2022\/07\/\u5939\u62c9\u5305\u88c5\u673a-600x600.jpg",600,600,true],"woocommerce_gallery_thumbnail":["https:\/\/www.autofoodpack.com\/wp-content\/uploads\/2022\/07\/\u5939\u62c9\u5305\u88c5\u673a-100x100.jpg",100,100,true],"shop_catalog":["https:\/\/www.autofoodpack.com\/wp-content\/uploads\/2022\/07\/\u5939\u62c9\u5305\u88c5\u673a-300x300.jpg",300,300,true],"shop_single":["https:\/\/www.autofoodpack.com\/wp-content\/uploads\/2022\/07\/\u5939\u62c9\u5305\u88c5\u673a-600x600.jpg",600,600,true],"shop_thumbnail":["https:\/\/www.autofoodpack.com\/wp-content\/uploads\/2022\/07\/\u5939\u62c9\u5305\u88c5\u673a-100x100.jpg",100,100,true]},"post_excerpt_stackable":"<ol>\n<li>304 stainless steel (in contact with food)<\/li>\n<li>Color intelligent shielding control, Chinese and English operating system, various languages can be customized<\/li>\n<li>The film rolling device does not jam the film, saves manpower and improves efficiency<\/li>\n<li>Roll film forming packaging and automatic coding period (optional)<\/li>\n<li>Applicable to a wide range of materials (particles, powders, etc.)<\/li>\n<\/ol>\n","category_list":"","author_info":{"name":"","url":""},"comments_num":"0 comments","_links":{"self":[{"href":"https:\/\/www.autofoodpack.com\/pt\/wp-json\/wp\/v2\/product\/1343","targetHints":{"allow":["GET"]}}],"collection":[{"href":"https:\/\/www.autofoodpack.com\/pt\/wp-json\/wp\/v2\/product"}],"about":[{"href":"https:\/\/www.autofoodpack.com\/pt\/wp-json\/wp\/v2\/types\/product"}],"replies":[{"embeddable":true,"href":"https:\/\/www.autofoodpack.com\/pt\/wp-json\/wp\/v2\/comments?post=1343"}],"wp:featuredmedia":[{"embeddable":true,"href":"https:\/\/www.autofoodpack.com\/pt\/wp-json\/wp\/v2\/media\/1347"}],"wp:attachment":[{"href":"https:\/\/www.autofoodpack.com\/pt\/wp-json\/wp\/v2\/media?parent=1343"}],"wp:term":[{"taxonomy":"product_cat","embeddable":true,"href":"https:\/\/www.autofoodpack.com\/pt\/wp-json\/wp\/v2\/product_cat?post=1343"},{"taxonomy":"product_tag","embeddable":true,"href":"https:\/\/www.autofoodpack.com\/pt\/wp-json\/wp\/v2\/product_tag?post=1343"}],"curies":[{"name":"wp","href":"https:\/\/api.w.org\/{rel}","templated":true}]}}