{"id":1439,"date":"2022-08-05T11:39:49","date_gmt":"2022-08-05T03:39:49","guid":{"rendered":"https:\/\/www.autofoodpack.com\/?post_type=product&#038;p=1439"},"modified":"2024-08-27T09:14:35","modified_gmt":"2024-08-27T01:14:35","slug":"mkh-1200","status":"publish","type":"product","link":"https:\/\/www.autofoodpack.com\/pt\/product\/mkh-1200\/","title":{"rendered":"\u9ad8\u901f\u5367\u5f0f\u5305\u88c5\u5de7\u514b\u529b\u68c9\u82b1\u7cd6\u5851\u6599\u888b\u98df\u54c1\u7cd6\u679c\u5305\u88c5\u673a"},"content":{"rendered":"<p><strong>\u00c2mbito de aplica\u00e7\u00e3o<\/strong><\/p>\n<p>Adequada para embalagem granulada de doces e itens s\u00f3lidos com formas regulares, como balas de frutas, gomas, balas duras, cubos de a\u00e7\u00facar, balas de coco, comprimidos, barras, p\u00edlulas, pirulitos, etc.<\/p>\n<p><strong>\u5305\u88c5\u5b9e\u4f8b<\/strong><\/p>\n<p><img loading=\"lazy\" decoding=\"async\" class=\"size-full wp-image-1444 aligncenter\" src=\"https:\/\/www.autofoodpack.com\/wp-content\/uploads\/2022\/08\/\u63cf\u8ff0\u56fe-5.jpg\" alt=\"\" width=\"750\" height=\"1454\" srcset=\"https:\/\/www.autofoodpack.com\/wp-content\/uploads\/2022\/08\/\u63cf\u8ff0\u56fe-5.jpg 750w, https:\/\/www.autofoodpack.com\/wp-content\/uploads\/2022\/08\/\u63cf\u8ff0\u56fe-5-300x582.jpg 300w, https:\/\/www.autofoodpack.com\/wp-content\/uploads\/2022\/08\/\u63cf\u8ff0\u56fe-5-600x1163.jpg 600w\" sizes=\"auto, (max-width: 750px) 100vw, 750px\" \/><\/p>\n<p><strong>\u6e29\u99a8\u63d0\u9192\uff1a<\/strong><\/p>\n<p>Contamos com uma equipa experiente de engenheiros de I&amp;D que podem personalizar solu\u00e7\u00f5es de embalamento de acordo com as caracter\u00edsticas do seu produto.<\/p>\n<p>24\u5c0f\u65f6\u5728\u7ebf\u3002<\/p>\n<p><strong>Ap\u00f3s recebermos o seu pedido de or\u00e7amento, enviar-lhe-emos a cota\u00e7\u00e3o o mais breve poss\u00edvel.<\/strong><\/p>","protected":false},"excerpt":{"rendered":"<ol>\n<li>At\u00e9 72.000 pacotes\/hora, velocidade de embalagem extremamente r\u00e1pida<\/li>\n<li>Suporte de filme duplo, emenda autom\u00e1tica de filme, aumenta a efici\u00eancia de produ\u00e7\u00e3o<\/li>\n<li>Transportador com 3 servomotores, opera\u00e7\u00e3o est\u00e1vel<\/li>\n<li>Sensor fotoel\u00e9trico, embalagem mais est\u00e1vel<\/li>\n<li>304\u4e0d\u9508\u94a2\uff08\u4e0e\u98df\u54c1\u63a5\u89e6\u90e8\u5206\uff09<\/li>\n<li>Controle inteligente, sistema operacional em chin\u00eas e ingl\u00eas, idioma personaliz\u00e1vel<\/li>\n<\/ol>","protected":false},"featured_media":1434,"comment_status":"open","ping_status":"closed","template":"","meta":[],"product_cat":[95,93],"product_tag":[223,225,189,221],"class_list":["post-1439","product","type-product","status-publish","has-post-thumbnail","hentry","product_cat-hot-product-cn","product_cat-granular-packing-machine-cn","product_tag-223","product_tag-225","product_tag-189","product_tag-221"],"featured_image_urls":{"full":["https:\/\/www.autofoodpack.com\/wp-content\/uploads\/2022\/08\/1-11.jpg",800,800,false],"thumbnail":["https:\/\/www.autofoodpack.com\/wp-content\/uploads\/2022\/08\/1-11.jpg",96,96,false],"medium":["https:\/\/www.autofoodpack.com\/wp-content\/uploads\/2022\/08\/1-11.jpg",800,800,false],"medium_large":["https:\/\/www.autofoodpack.com\/wp-content\/uploads\/2022\/08\/1-11-768x768.jpg",768,768,true],"large":["https:\/\/www.autofoodpack.com\/wp-content\/uploads\/2022\/08\/1-11.jpg",800,800,false],"1536x1536":["https:\/\/www.autofoodpack.com\/wp-content\/uploads\/2022\/08\/1-11.jpg",800,800,false],"2048x2048":["https:\/\/www.autofoodpack.com\/wp-content\/uploads\/2022\/08\/1-11.jpg",800,800,false],"trp-custom-language-flag":["https:\/\/www.autofoodpack.com\/wp-content\/uploads\/2022\/08\/1-11.jpg",12,12,false],"woocommerce_thumbnail":["https:\/\/www.autofoodpack.com\/wp-content\/uploads\/2022\/08\/1-11-300x300.jpg",300,300,true],"woocommerce_single":["https:\/\/www.autofoodpack.com\/wp-content\/uploads\/2022\/08\/1-11-600x600.jpg",600,600,true],"woocommerce_gallery_thumbnail":["https:\/\/www.autofoodpack.com\/wp-content\/uploads\/2022\/08\/1-11-100x100.jpg",100,100,true],"shop_catalog":["https:\/\/www.autofoodpack.com\/wp-content\/uploads\/2022\/08\/1-11-300x300.jpg",300,300,true],"shop_single":["https:\/\/www.autofoodpack.com\/wp-content\/uploads\/2022\/08\/1-11-600x600.jpg",600,600,true],"shop_thumbnail":["https:\/\/www.autofoodpack.com\/wp-content\/uploads\/2022\/08\/1-11-100x100.jpg",100,100,true]},"post_excerpt_stackable":"<ol>\n<li>\u6700\u9ad8\u53ef\u8fbe72000\u5305\/\u5c0f\u65f6\uff0c\u5305\u88c5\u901f\u5ea6\u6781\u5feb<\/li>\n<li>\u53cc\u819c\u67b6\uff0c\u81ea\u52a8\u63a5\u819c\uff0c\u589e\u52a0\u751f\u4ea7\u6548\u7387<\/li>\n<li>3\u4e2a\u4f3a\u670d\u7535\u673a\u4f20\u9001\u5e26\uff0c\u64cd\u4f5c\u7a33\u5b9a<\/li>\n<li>\u5149\u7535\u773c\u611f\u5e94\uff0c\u5305\u88c5\u66f4\u7a33\u5b9a<\/li>\n<li>304\u4e0d\u9508\u94a2\uff08\u4e0e\u98df\u54c1\u63a5\u89e6\u90e8\u5206\uff09<\/li>\n<li>\u667a\u80fd\u5c4f\u853d\u64cd\u63a7\uff0c\u4e2d\u82f1\u6587\u64cd\u4f5c\u7cfb\u7edf\uff0c\u53ef\u4ee5\u5b9a\u5236\u8bed\u8a00<\/li>\n<\/ol>\n","category_list":"","author_info":{"name":"","url":""},"comments_num":"1 comment","_links":{"self":[{"href":"https:\/\/www.autofoodpack.com\/pt\/wp-json\/wp\/v2\/product\/1439","targetHints":{"allow":["GET"]}}],"collection":[{"href":"https:\/\/www.autofoodpack.com\/pt\/wp-json\/wp\/v2\/product"}],"about":[{"href":"https:\/\/www.autofoodpack.com\/pt\/wp-json\/wp\/v2\/types\/product"}],"replies":[{"embeddable":true,"href":"https:\/\/www.autofoodpack.com\/pt\/wp-json\/wp\/v2\/comments?post=1439"}],"wp:featuredmedia":[{"embeddable":true,"href":"https:\/\/www.autofoodpack.com\/pt\/wp-json\/wp\/v2\/media\/1434"}],"wp:attachment":[{"href":"https:\/\/www.autofoodpack.com\/pt\/wp-json\/wp\/v2\/media?parent=1439"}],"wp:term":[{"taxonomy":"product_cat","embeddable":true,"href":"https:\/\/www.autofoodpack.com\/pt\/wp-json\/wp\/v2\/product_cat?post=1439"},{"taxonomy":"product_tag","embeddable":true,"href":"https:\/\/www.autofoodpack.com\/pt\/wp-json\/wp\/v2\/product_tag?post=1439"}],"curies":[{"name":"wp","href":"https:\/\/api.w.org\/{rel}","templated":true}]}}