{"id":1665,"date":"2022-10-12T14:46:14","date_gmt":"2022-10-12T06:46:14","guid":{"rendered":"https:\/\/www.autofoodpack.com\/?post_type=product&#038;p=1665"},"modified":"2022-10-12T15:14:40","modified_gmt":"2022-10-12T07:14:40","slug":"automatic-doypack-liquid-filling-packing-machine-tomato-juice-ketchup-sachetpaste-packing-plastic-pouch-packaging%ef%bf%bc","status":"publish","type":"product","link":"https:\/\/www.autofoodpack.com\/pt\/product\/automatic-doypack-liquid-filling-packing-machine-tomato-juice-ketchup-sachetpaste-packing-plastic-pouch-packaging%ef%bf%bc\/","title":{"rendered":"M\u00e1quina autom\u00e1tica de envase e embalagem de l\u00edquidos Doypack para suco de tomate, ketchup, sach\u00eas de pasta, embalagem em bolsa pl\u00e1stica"},"content":{"rendered":"<h3 class=\"wp-block-heading\"><span style=\"color: var(--paletteColor8, #ffffff);background-color: #f34957\" class=\"stk-highlight\">Introdu\u00e7\u00e3o \u00e0 M\u00e1quina<\/span><\/h3>\n\n\n\n<p>A Mingkai MKV-8-230C \u00e9 aplic\u00e1vel \u00e0 m\u00e1quina de embalagem autom\u00e1tica para materiais em p\u00f3 e \u00e0 m\u00e1quina de embalagem com formatos de saco diversificados.<br>Sacos adequados: Saco de formato especial, bolsa vertical (stand-up), sacos com z\u00edper, saco moldado, sacos de selagem nos quatro lados, sacos de selagem nos tr\u00eas lados, sacos tipo M, sacos de selagem nos oito lados, etc.<\/p>\n\n\n\n<h5 class=\"wp-block-heading\">Configura\u00e7\u00e3o do tipo de part\u00edcula de embalagem<\/h5>\n\n\n\n<p>L\u00edquido: molho, suco de frutas, geleia, bebida, detergente, molho de pimenta, pasta de feij\u00e3o, etc.;<\/p>\n\n\n\n<figure class=\"wp-block-image size-full\"><img loading=\"lazy\" decoding=\"async\" width=\"750\" height=\"645\" src=\"https:\/\/www.autofoodpack.com\/wp-content\/uploads\/2022\/09\/\u4ea7\u54c1_03.jpg\" alt=\"\" class=\"wp-image-1645\" srcset=\"https:\/\/www.autofoodpack.com\/wp-content\/uploads\/2022\/09\/\u4ea7\u54c1_03.jpg 750w, https:\/\/www.autofoodpack.com\/wp-content\/uploads\/2022\/09\/\u4ea7\u54c1_03-300x258.jpg 300w, https:\/\/www.autofoodpack.com\/wp-content\/uploads\/2022\/09\/\u4ea7\u54c1_03-600x516.jpg 600w\" sizes=\"auto, (max-width: 750px) 100vw, 750px\" \/><\/figure>\n\n\n\n<h3 class=\"wp-block-heading\"><span style=\"color: var(--paletteColor8, #ffffff);background-color: #f34957\" class=\"stk-highlight\">Par\u00e2metros da M\u00e1quina<\/span><\/h3>\n\n\n\n<figure class=\"wp-block-table\"><table><tbody><tr><td><strong>N\u00ba do Modelo.<\/strong><\/td><td>MK-8-230C\/300C\/380C<\/td><\/tr><tr><td><strong>Formato do Saco<\/strong><\/td><td>Saco stand-up, sacos com z\u00edper, saco moldado, sacos com veda\u00e7\u00e3o de quatro lados, sacos com veda\u00e7\u00e3o de tr\u00eas lados, sacos tipo M, sacos com veda\u00e7\u00e3o de oito lados, etc.<\/td><\/tr><tr><td><strong>Velocidade de Embalagem<\/strong><\/td><td>15-50 sacos\/min<\/td><\/tr><tr><td><strong>Comprimento do saco<\/strong><\/td><td>100-350mm<\/td><\/tr><tr><td><strong>Largura do saco<\/strong><\/td><td>80-350mm<\/td><\/tr><tr><td><strong>Tamanho da m\u00e1quina<\/strong><\/td><td>C) 2300<em>L) 1560<\/em>A) 2430 mm<\/td><\/tr><tr><td><strong>Pot\u00eancia<\/strong><\/td><td>Trif\u00e1sico 380V 50\/60Hz, 2,3-7,5KW<\/td><\/tr><tr><td><strong>Peso da m\u00e1quina<\/strong><\/td><td>\u22481800 kg<\/td><\/tr><tr><td><strong>Adequado para<\/strong><\/td><td>L\u00edquido, Molho, Pasta<\/td><\/tr><tr><td><strong>Fluxo de trabalho de oito esta\u00e7\u00f5es<\/strong><\/td><td>1. Alimenta\u00e7\u00e3o de sacos <br>2. Codifica\u00e7\u00e3o <br>3. Abertura do saco <br>4. Enchimento A<br>5. Enchimento B <br>6. Selagem t\u00e9rmica A <br>7.Selagem T\u00e9rmica B <br>8.Forma\u00e7\u00e3o e sa\u00edda <\/td><\/tr><\/tbody><\/table><\/figure>\n\n\n\n<figure class=\"wp-block-image size-full\"><img loading=\"lazy\" decoding=\"async\" width=\"750\" height=\"398\" src=\"https:\/\/www.autofoodpack.com\/wp-content\/uploads\/2022\/09\/8\u5de5\u4f4d.jpg\" alt=\"\" class=\"wp-image-1642\" srcset=\"https:\/\/www.autofoodpack.com\/wp-content\/uploads\/2022\/09\/8\u5de5\u4f4d.jpg 750w, https:\/\/www.autofoodpack.com\/wp-content\/uploads\/2022\/09\/8\u5de5\u4f4d-300x159.jpg 300w, https:\/\/www.autofoodpack.com\/wp-content\/uploads\/2022\/09\/8\u5de5\u4f4d-600x318.jpg 600w\" sizes=\"auto, (max-width: 750px) 100vw, 750px\" \/><\/figure>\n\n\n\n<h3 class=\"wp-block-heading\"><span style=\"color: var(--paletteColor8, #ffffff);background-color: #f34957\" class=\"stk-highlight\">Caracter\u00edsticas da M\u00e1quina<\/span><\/h3>\n\n\n\n<p>1. Uma pessoa pode operar a m\u00e1quina, economizando muitos custos de m\u00e3o de obra.<br>2.A se\u00e7\u00e3o de contato com o material \u00e9 feita de a\u00e7o inoxid\u00e1vel; o corpo da m\u00e1quina pode ser opcionalmente fabricado em a\u00e7o inoxid\u00e1vel total ou parcial, e todos os equipamentos externos foram aprovados no padr\u00e3o CE.<br>3.O rastreamento fotoel\u00e9trico de alta sensibilidade e a entrada digital da posi\u00e7\u00e3o de corte proporcionam maior precis\u00e3o.<br>4.Para um desempenho est\u00e1vel: controlador de inversor duplo, sistema PLC atualiz\u00e1vel, autodiagn\u00f3stico de falhas e codificador duplo.<br>5.Para f\u00e1cil opera\u00e7\u00e3o: monitor de tela sens\u00edvel ao toque, controlador PID de temperatura independente,<br>6.Para adaptabilidade: um conjunto de m\u00e1quina pode ser aplicado a diferentes tipos de produtos por meio de dispositivos opcionais, como dispositivo de enchimento de ar, linha de alimenta\u00e7\u00e3o, etc.<\/p>\n\n\n\n<h3 class=\"wp-block-heading\"><span style=\"color: var(--paletteColor8, #ffffff);background-color: #f34957\" class=\"stk-highlight\">Detalhes da M\u00e1quina<\/span><\/h3>\n\n\n\n<h5 class=\"wp-block-heading\">Sistema de Controle PLC Siemens<\/h5>\n\n\n\n<p>Interface interativa da m\u00e1quina. F\u00e1cil de controlar e ajustar.<br>O idioma \u00e9 personalizado de acordo com as necessidades espec\u00edficas do cliente.<br>Sistema de controle inteligente: A largura de todos os grampos pode ser ajustada via sistema PLC, o que \u00e9 muito conveniente.<\/p>\n\n\n\n<figure class=\"wp-block-image size-full\"><img loading=\"lazy\" decoding=\"async\" width=\"750\" height=\"600\" src=\"https:\/\/www.autofoodpack.com\/wp-content\/uploads\/2022\/09\/\u673a\u5668\u7ec6\u8282\u63cf\u8ff0-1-1.jpg\" alt=\"\" class=\"wp-image-1646\" srcset=\"https:\/\/www.autofoodpack.com\/wp-content\/uploads\/2022\/09\/\u673a\u5668\u7ec6\u8282\u63cf\u8ff0-1-1.jpg 750w, https:\/\/www.autofoodpack.com\/wp-content\/uploads\/2022\/09\/\u673a\u5668\u7ec6\u8282\u63cf\u8ff0-1-1-300x240.jpg 300w, https:\/\/www.autofoodpack.com\/wp-content\/uploads\/2022\/09\/\u673a\u5668\u7ec6\u8282\u63cf\u8ff0-1-1-600x480.jpg 600w\" sizes=\"auto, (max-width: 750px) 100vw, 750px\" \/><\/figure>\n\n\n\n<h5 class=\"wp-block-heading\">Ajuste autom\u00e1tico da largura do saco com um bot\u00e3o<\/h5>\n\n\n\n<p>Oito esta\u00e7\u00f5es s\u00e3o ajustadas ao mesmo tempo, e a troca de saco pode ser feita com uma \u00fanica tecla<\/p>\n\n\n\n<figure class=\"wp-block-image size-full\"><img loading=\"lazy\" decoding=\"async\" width=\"750\" height=\"600\" src=\"https:\/\/www.autofoodpack.com\/wp-content\/uploads\/2022\/09\/\u673a\u5668\u7ec6\u8282\u63cf\u8ff0-2-1.jpg\" alt=\"\" class=\"wp-image-1647\" srcset=\"https:\/\/www.autofoodpack.com\/wp-content\/uploads\/2022\/09\/\u673a\u5668\u7ec6\u8282\u63cf\u8ff0-2-1.jpg 750w, https:\/\/www.autofoodpack.com\/wp-content\/uploads\/2022\/09\/\u673a\u5668\u7ec6\u8282\u63cf\u8ff0-2-1-300x240.jpg 300w, https:\/\/www.autofoodpack.com\/wp-content\/uploads\/2022\/09\/\u673a\u5668\u7ec6\u8282\u63cf\u8ff0-2-1-600x480.jpg 600w\" sizes=\"auto, (max-width: 750px) 100vw, 750px\" \/><\/figure>\n\n\n\n<h5 class=\"wp-block-heading\">Dosagem por corpo de bomba<\/h5>\n\n\n\n<p>Design anti-gotejamento, ajuste por cilindro, opera\u00e7\u00e3o f\u00e1cil, medi\u00e7\u00e3o precisa. .<\/p>\n\n\n\n<figure class=\"wp-block-image size-full\"><img loading=\"lazy\" decoding=\"async\" width=\"750\" height=\"600\" src=\"https:\/\/www.autofoodpack.com\/wp-content\/uploads\/2022\/10\/\u4e0b\u6599\u5668-1.jpg\" alt=\"\" class=\"wp-image-1668\" srcset=\"https:\/\/www.autofoodpack.com\/wp-content\/uploads\/2022\/10\/\u4e0b\u6599\u5668-1.jpg 750w, https:\/\/www.autofoodpack.com\/wp-content\/uploads\/2022\/10\/\u4e0b\u6599\u5668-1-300x240.jpg 300w, https:\/\/www.autofoodpack.com\/wp-content\/uploads\/2022\/10\/\u4e0b\u6599\u5668-1-600x480.jpg 600w\" sizes=\"auto, (max-width: 750px) 100vw, 750px\" \/><\/figure>\n\n\n\n<h5 class=\"wp-block-heading\">Full automatic microcomputer combined scale<\/h5>\n\n\n\n<p>The speed is fast, the weight is stable, and the error rate is less than \u00b1 1%. (depending on the material)<\/p>\n\n\n\n<figure class=\"wp-block-image size-full\"><img loading=\"lazy\" decoding=\"async\" width=\"750\" height=\"600\" src=\"https:\/\/www.autofoodpack.com\/wp-content\/uploads\/2022\/09\/\u673a\u5668\u7ec6\u8282\u63cf\u8ff0-3-1.jpg\" alt=\"\" class=\"wp-image-1648\" srcset=\"https:\/\/www.autofoodpack.com\/wp-content\/uploads\/2022\/09\/\u673a\u5668\u7ec6\u8282\u63cf\u8ff0-3-1.jpg 750w, https:\/\/www.autofoodpack.com\/wp-content\/uploads\/2022\/09\/\u673a\u5668\u7ec6\u8282\u63cf\u8ff0-3-1-300x240.jpg 300w, https:\/\/www.autofoodpack.com\/wp-content\/uploads\/2022\/09\/\u673a\u5668\u7ec6\u8282\u63cf\u8ff0-3-1-600x480.jpg 600w\" sizes=\"auto, (max-width: 750px) 100vw, 750px\" \/><\/figure>\n\n\n\n<h5 class=\"wp-block-heading\">Zipper opening device<\/h5>\n\n\n\n<p>For the packaging bag type with zipper, this device can be added to open the bag intelligently<\/p>\n\n\n\n<figure class=\"wp-block-image size-full\"><img loading=\"lazy\" decoding=\"async\" width=\"750\" height=\"600\" src=\"https:\/\/www.autofoodpack.com\/wp-content\/uploads\/2022\/09\/\u673a\u5668\u7ec6\u8282\u63cf\u8ff0-4-1.jpg\" alt=\"\" class=\"wp-image-1649\" srcset=\"https:\/\/www.autofoodpack.com\/wp-content\/uploads\/2022\/09\/\u673a\u5668\u7ec6\u8282\u63cf\u8ff0-4-1.jpg 750w, https:\/\/www.autofoodpack.com\/wp-content\/uploads\/2022\/09\/\u673a\u5668\u7ec6\u8282\u63cf\u8ff0-4-1-300x240.jpg 300w, https:\/\/www.autofoodpack.com\/wp-content\/uploads\/2022\/09\/\u673a\u5668\u7ec6\u8282\u63cf\u8ff0-4-1-600x480.jpg 600w\" sizes=\"auto, (max-width: 750px) 100vw, 750px\" \/><\/figure>\n\n\n\n<h5 class=\"wp-block-heading\">Easy to install and operate<\/h5>\n\n\n\n<p>Fully-auto coding , filling and sealing functions.<\/p>\n\n\n\n<figure class=\"wp-block-image size-full\"><img loading=\"lazy\" decoding=\"async\" width=\"750\" height=\"600\" src=\"https:\/\/www.autofoodpack.com\/wp-content\/uploads\/2022\/09\/\u673a\u5668\u7ec6\u8282\u63cf\u8ff0-5-1.jpg\" alt=\"\" class=\"wp-image-1650\" srcset=\"https:\/\/www.autofoodpack.com\/wp-content\/uploads\/2022\/09\/\u673a\u5668\u7ec6\u8282\u63cf\u8ff0-5-1.jpg 750w, https:\/\/www.autofoodpack.com\/wp-content\/uploads\/2022\/09\/\u673a\u5668\u7ec6\u8282\u63cf\u8ff0-5-1-300x240.jpg 300w, https:\/\/www.autofoodpack.com\/wp-content\/uploads\/2022\/09\/\u673a\u5668\u7ec6\u8282\u63cf\u8ff0-5-1-600x480.jpg 600w\" sizes=\"auto, (max-width: 750px) 100vw, 750px\" \/><\/figure>\n\n\n\n<h3 class=\"wp-block-heading\"><span style=\"color: var(--paletteColor8, #ffffff);background-color: #f34957\" class=\"stk-highlight\">Why Choose Us<\/span><\/h3>\n\n\n\n<figure class=\"wp-block-image size-full\"><img loading=\"lazy\" decoding=\"async\" width=\"750\" height=\"490\" src=\"https:\/\/www.autofoodpack.com\/wp-content\/uploads\/2022\/09\/\u516c\u53f8\u4ecb\u7ecd-1.jpg\" alt=\"\" class=\"wp-image-1636\" srcset=\"https:\/\/www.autofoodpack.com\/wp-content\/uploads\/2022\/09\/\u516c\u53f8\u4ecb\u7ecd-1.jpg 750w, https:\/\/www.autofoodpack.com\/wp-content\/uploads\/2022\/09\/\u516c\u53f8\u4ecb\u7ecd-1-300x196.jpg 300w, https:\/\/www.autofoodpack.com\/wp-content\/uploads\/2022\/09\/\u516c\u53f8\u4ecb\u7ecd-1-600x392.jpg 600w\" sizes=\"auto, (max-width: 750px) 100vw, 750px\" \/><\/figure>\n\n\n\n<h5 class=\"wp-block-heading\">Company Profile<\/h5>\n\n\n\n<p>Mingkai a leading manufacturer of Packaging machine and supporting facilities, which has successfully developed more than 80 kinds of packaging machines. Mingkai Packaging Machine has widely applied for different fields throughout the world, such as food\/ industrial food, medicines, hotel supplies, disposable goods, rubber goods, daily appliances, hardware fittings, sporting goods, toys etc.<\/p>\n\n\n\n<figure class=\"wp-block-image size-full\"><img loading=\"lazy\" decoding=\"async\" width=\"750\" height=\"979\" src=\"https:\/\/www.autofoodpack.com\/wp-content\/uploads\/2022\/09\/\u516c\u53f8\u7b80\u4ecb.jpg\" alt=\"\" class=\"wp-image-1615\" srcset=\"https:\/\/www.autofoodpack.com\/wp-content\/uploads\/2022\/09\/\u516c\u53f8\u7b80\u4ecb.jpg 750w, https:\/\/www.autofoodpack.com\/wp-content\/uploads\/2022\/09\/\u516c\u53f8\u7b80\u4ecb-300x392.jpg 300w, https:\/\/www.autofoodpack.com\/wp-content\/uploads\/2022\/09\/\u516c\u53f8\u7b80\u4ecb-600x783.jpg 600w\" sizes=\"auto, (max-width: 750px) 100vw, 750px\" \/><\/figure>\n\n\n\n<figure class=\"wp-block-image size-full\"><img loading=\"lazy\" decoding=\"async\" width=\"750\" height=\"325\" src=\"https:\/\/www.autofoodpack.com\/wp-content\/uploads\/2022\/09\/\u8bc1\u4e66.jpg\" alt=\"\" class=\"wp-image-1634\" srcset=\"https:\/\/www.autofoodpack.com\/wp-content\/uploads\/2022\/09\/\u8bc1\u4e66.jpg 750w, https:\/\/www.autofoodpack.com\/wp-content\/uploads\/2022\/09\/\u8bc1\u4e66-300x130.jpg 300w, https:\/\/www.autofoodpack.com\/wp-content\/uploads\/2022\/09\/\u8bc1\u4e66-600x260.jpg 600w\" sizes=\"auto, (max-width: 750px) 100vw, 750px\" \/><\/figure>\n\n\n\n<h5 class=\"wp-block-heading\">Professional and Strong Team<\/h5>\n\n\n\n<p>Mingkai has a professional team that can provide customers with various packaging solutions. After fully understanding the customer\u2019s needs, we provide the most suitable packaging solution to the customer.<br>Then start the production of the machine. We have a strong production and processing capacity, from the customized processing of accessories to the assembly and debugging of<br>the machine. Finally, it is packaged and shipped, and it only takes a week to complete.<\/p>\n\n\n\n<figure class=\"wp-block-image size-full\"><img loading=\"lazy\" decoding=\"async\" width=\"750\" height=\"621\" src=\"https:\/\/www.autofoodpack.com\/wp-content\/uploads\/2022\/09\/\u4e13\u4e1a\u548c\u5f3a\u5927\u7684\u56e2\u961f.jpg\" alt=\"\" class=\"wp-image-1623\" srcset=\"https:\/\/www.autofoodpack.com\/wp-content\/uploads\/2022\/09\/\u4e13\u4e1a\u548c\u5f3a\u5927\u7684\u56e2\u961f.jpg 750w, https:\/\/www.autofoodpack.com\/wp-content\/uploads\/2022\/09\/\u4e13\u4e1a\u548c\u5f3a\u5927\u7684\u56e2\u961f-300x248.jpg 300w, https:\/\/www.autofoodpack.com\/wp-content\/uploads\/2022\/09\/\u4e13\u4e1a\u548c\u5f3a\u5927\u7684\u56e2\u961f-600x497.jpg 600w\" sizes=\"auto, (max-width: 750px) 100vw, 750px\" \/><\/figure>\n\n\n\n<h5 class=\"wp-block-heading\">Servi\u00e7o p\u00f3s-venda oportuno e eficaz<\/h5>\n\n\n\n<p>Ao nos escolher, voc\u00ea n\u00e3o est\u00e1 apenas comprando uma m\u00e1quina, mas tamb\u00e9m adquirindo nosso servi\u00e7o profissional e \u00e1gil.<\/p>\n\n\n\n<ol class=\"wp-block-list\"><li>Quando a m\u00e1quina for entregue, anexaremos um v\u00eddeo de instala\u00e7\u00e3o e opera\u00e7\u00e3o do equipamento para que voc\u00ea possa utiliz\u00e1-lo rapidamente.<\/li><li>Algumas de nossas m\u00e1quinas possuem garantia de um ano e realizaremos a substitui\u00e7\u00e3o caso apresentem falhas.<\/li><li>Quando sua m\u00e1quina apresentar problemas, teremos engenheiros profissionais para fornecer suporte p\u00f3s-venda online especializado para ajud\u00e1-lo a solucionar a quest\u00e3o.<\/li><li>Se o problema n\u00e3o puder ser resolvido online, providenciaremos um engenheiro para realizar o reparo no local dentro de uma semana.<\/li><\/ol>\n\n\n\n<h5 class=\"wp-block-heading\">Feedback do Comprador<\/h5>\n\n\n\n<p>Temos 10 anos de experi\u00eancia em com\u00e9rcio exterior e exporta\u00e7\u00e3o, e hoje nossos clientes est\u00e3o espalhados por 90 pa\u00edses em todo o mundo.<br>Com nossas m\u00e1quinas de alta qualidade e servi\u00e7os profissionais, conquistamos o elogio un\u00e2nime de nossos clientes.<\/p>\n\n\n\n<h3 class=\"wp-block-heading\"><span style=\"color: var(--paletteColor8, #ffffff);background-color: #f34957\" class=\"stk-highlight\">Perguntas Frequentes<\/span><\/h3>\n\n\n\n<p><strong><span style=\"color: #222222;background-color: var(--paletteColor5, #eaeaec)\" class=\"stk-highlight\">Q1: Voc\u00eas possuem manual ou v\u00eddeo de opera\u00e7\u00e3o para que possamos conhecer melhor a m\u00e1quina?<\/span><\/strong><br>Sim, al\u00e9m do manual ou v\u00eddeo de opera\u00e7\u00e3o, desenhos 3D tamb\u00e9m est\u00e3o dispon\u00edveis para cria\u00e7\u00e3o conforme seu projeto. Tamb\u00e9m podemos produzir v\u00eddeos testando o material em nossa m\u00e1quina de embalagem, caso seja mais f\u00e1cil para n\u00f3s encontrarmos os produtos de embalagem no nosso mercado local.<br><strong><span style=\"color: #222222;background-color: var(--paletteColor5, #eaeaec)\" class=\"stk-highlight\">Q2: Como posso confiar em voc\u00eas para uma primeira transa\u00e7\u00e3o comercial?<\/span><\/strong><br>Por favor, verifique nossa licen\u00e7a comercial e certificado acima. Se n\u00e3o confia em n\u00f3s, voc\u00ea pode visitar nossa empresa para conhecer nossa cultura corporativa e outros aspectos, garantindo assim a entrega pontual e a qualidade de suas m\u00e1quinas.<br><strong><span style=\"color: #222222;background-color: var(--paletteColor5, #eaeaec)\" class=\"stk-highlight\">Q3: Como escolher uma m\u00e1quina?<\/span><\/strong><br>Entre em contato com Kathy pelo +86 13715725813 ou pelo e-mail Kathy@autofoodpack.com. Informe o tipo de produto (part\u00edcula, l\u00edquido, p\u00f3), tamanho do produto, formato da embalagem (filme bobina, saco pr\u00e9-fabricado) e peso do produto (5g-5kg), e n\u00f3s recomendaremos o modelo ideal para voc\u00ea.<br><strong><span style=\"color: #222222;background-color: var(--paletteColor5, #eaeaec)\" class=\"stk-highlight\">Q4: Como podemos ter certeza da qualidade da m\u00e1quina ap\u00f3s fazermos o pedido?<\/span><\/strong><br>Antes da entrega, enviaremos fotos e v\u00eddeos para que voc\u00ea verifique a qualidade. Al\u00e9m disso, voc\u00ea pode organizar uma verifica\u00e7\u00e3o de qualidade por conta pr\u00f3pria ou por meio de seus contatos na China.<br><strong><span style=\"color: #222222;background-color: var(--paletteColor5, #eaeaec)\" class=\"stk-highlight\">Q5: Se tivermos amostras de novos produtos, voc\u00eas podem ajudar a analisar e projetar a m\u00e1quina?<\/span><\/strong><br>Sim, nosso departamento t\u00e9cnico pode ajudar a analisar, projetar e testar os novos produtos que voc\u00ea fornecer.<\/p>\n\n\n\n<p><\/p>","protected":false},"excerpt":{"rendered":"<p>1. Uma pessoa pode operar a m\u00e1quina, economizando muitos custos de m\u00e3o de obra.<br \/>2.A se\u00e7\u00e3o de contato com o material \u00e9 feita de a\u00e7o inoxid\u00e1vel; o corpo da m\u00e1quina pode ser opcionalmente fabricado em a\u00e7o inoxid\u00e1vel total ou parcial, e todos os equipamentos externos foram aprovados no padr\u00e3o CE.<br \/>3.O rastreamento fotoel\u00e9trico de alta sensibilidade e a entrada digital da posi\u00e7\u00e3o de corte proporcionam maior precis\u00e3o.<br \/>4.Para um desempenho est\u00e1vel: controlador de inversor duplo, sistema PLC atualiz\u00e1vel, autodiagn\u00f3stico de falhas e codificador duplo.<br \/>5.Para f\u00e1cil opera\u00e7\u00e3o: monitor de tela sens\u00edvel ao toque, controlador PID de temperatura independente,<br \/>6.Para adaptabilidade: um conjunto de m\u00e1quina pode ser aplicado a diferentes tipos de produtos por meio de dispositivos opcionais, como dispositivo de enchimento de ar, linha de alimenta\u00e7\u00e3o, etc.<\/p>","protected":false},"featured_media":1666,"comment_status":"open","ping_status":"closed","template":"","meta":[],"product_cat":[26,25,29],"product_tag":[183],"class_list":["post-1665","product","type-product","status-publish","has-post-thumbnail","hentry","product_cat-doypack-machine","product_cat-hot-product","product_cat-powder-packing-machine","product_tag-granule-packing-mahchine"],"featured_image_urls":{"full":["https:\/\/www.autofoodpack.com\/wp-content\/uploads\/2022\/10\/230C.jpg",800,800,false],"thumbnail":["https:\/\/www.autofoodpack.com\/wp-content\/uploads\/2022\/10\/230C.jpg",96,96,false],"medium":["https:\/\/www.autofoodpack.com\/wp-content\/uploads\/2022\/10\/230C.jpg",800,800,false],"medium_large":["https:\/\/www.autofoodpack.com\/wp-content\/uploads\/2022\/10\/230C-768x768.jpg",768,768,true],"large":["https:\/\/www.autofoodpack.com\/wp-content\/uploads\/2022\/10\/230C.jpg",800,800,false],"1536x1536":["https:\/\/www.autofoodpack.com\/wp-content\/uploads\/2022\/10\/230C.jpg",800,800,false],"2048x2048":["https:\/\/www.autofoodpack.com\/wp-content\/uploads\/2022\/10\/230C.jpg",800,800,false],"trp-custom-language-flag":["https:\/\/www.autofoodpack.com\/wp-content\/uploads\/2022\/10\/230C.jpg",12,12,false],"woocommerce_thumbnail":["https:\/\/www.autofoodpack.com\/wp-content\/uploads\/2022\/10\/230C-300x300.jpg",300,300,true],"woocommerce_single":["https:\/\/www.autofoodpack.com\/wp-content\/uploads\/2022\/10\/230C-600x600.jpg",600,600,true],"woocommerce_gallery_thumbnail":["https:\/\/www.autofoodpack.com\/wp-content\/uploads\/2022\/10\/230C-100x100.jpg",100,100,true],"shop_catalog":["https:\/\/www.autofoodpack.com\/wp-content\/uploads\/2022\/10\/230C-300x300.jpg",300,300,true],"shop_single":["https:\/\/www.autofoodpack.com\/wp-content\/uploads\/2022\/10\/230C-600x600.jpg",600,600,true],"shop_thumbnail":["https:\/\/www.autofoodpack.com\/wp-content\/uploads\/2022\/10\/230C-100x100.jpg",100,100,true]},"post_excerpt_stackable":"<p>1.One person can operate a machine, saving a lot of labor costs.<br \/>2.The section where the material contact is stainless steel as the body of machine is optional for complete orpartial stainless steel and all out equipments have passed the CE Standard.<br \/>3.High-sensitivity photoelectric color tracing and digital input of cutting position get more accuracy.<br \/>4.For Stable Performance: Dual inverters controller, upgradable PLC system, self-failure diagnosis, double encoder.<br \/>5.For Easy Operation: Touch screen monitor, independent temperature PID controller,<br \/>6.For adaptability: one set of machine can be applicated to different kind of product via optional devices, such as air-filling device, feeding line, etc.<\/p>\n","category_list":"","author_info":{"name":"","url":""},"comments_num":"0 comments","_links":{"self":[{"href":"https:\/\/www.autofoodpack.com\/pt\/wp-json\/wp\/v2\/product\/1665","targetHints":{"allow":["GET"]}}],"collection":[{"href":"https:\/\/www.autofoodpack.com\/pt\/wp-json\/wp\/v2\/product"}],"about":[{"href":"https:\/\/www.autofoodpack.com\/pt\/wp-json\/wp\/v2\/types\/product"}],"replies":[{"embeddable":true,"href":"https:\/\/www.autofoodpack.com\/pt\/wp-json\/wp\/v2\/comments?post=1665"}],"wp:featuredmedia":[{"embeddable":true,"href":"https:\/\/www.autofoodpack.com\/pt\/wp-json\/wp\/v2\/media\/1666"}],"wp:attachment":[{"href":"https:\/\/www.autofoodpack.com\/pt\/wp-json\/wp\/v2\/media?parent=1665"}],"wp:term":[{"taxonomy":"product_cat","embeddable":true,"href":"https:\/\/www.autofoodpack.com\/pt\/wp-json\/wp\/v2\/product_cat?post=1665"},{"taxonomy":"product_tag","embeddable":true,"href":"https:\/\/www.autofoodpack.com\/pt\/wp-json\/wp\/v2\/product_tag?post=1665"}],"curies":[{"name":"wp","href":"https:\/\/api.w.org\/{rel}","templated":true}]}}