{"id":1421,"date":"2022-08-05T10:18:58","date_gmt":"2022-08-05T02:18:58","guid":{"rendered":"https:\/\/www.autofoodpack.com\/?post_type=product&#038;p=1421"},"modified":"2025-08-30T22:00:43","modified_gmt":"2025-08-30T14:00:43","slug":"filling-capping-machine-baby-puree-food-yogurt-condensed-milk-packing-retort-stand-up-spout-squeeze-pouch-3000-9000bags-hour","status":"publish","type":"product","link":"https:\/\/www.autofoodpack.com\/vi\/product\/filling-capping-machine-baby-puree-food-yogurt-condensed-milk-packing-retort-stand-up-spout-squeeze-pouch-3000-9000bags-hour\/","title":{"rendered":"M\u00e1y chi\u1ebft r\u00f3t \u0111\u00f3ng n\u1eafp th\u1ee9c \u0103n d\u1eb7m cho b\u00e9, s\u1eefa chua, s\u1eefa \u0111\u1eb7c, \u0111\u00f3ng g\u00f3i t\u00fai \u0111\u1ee9ng c\u00f3 v\u00f2i, 3000-9000 t\u00fai\/gi\u1edd"},"content":{"rendered":"<p><strong>Application<\/strong><\/p>\n<p>It is suitable for filling and capping of self-supporting bags.<\/p>\n<p>Applicable materials: beverages, CC jelly, fruit juice, oil products, red wine, water, cleaning products, cosmetics and other liquids or creams.<\/p>\n<p><strong>Packing Exambers<\/strong><\/p>\n<p><img loading=\"lazy\" decoding=\"async\" class=\"size-full wp-image-1426 aligncenter\" src=\"https:\/\/www.autofoodpack.com\/wp-content\/uploads\/2022\/08\/\u63cf\u8ff0\u56fe-2.jpg\" alt=\"\" width=\"750\" height=\"824\" srcset=\"https:\/\/www.autofoodpack.com\/wp-content\/uploads\/2022\/08\/\u63cf\u8ff0\u56fe-2.jpg 750w, https:\/\/www.autofoodpack.com\/wp-content\/uploads\/2022\/08\/\u63cf\u8ff0\u56fe-2-300x330.jpg 300w, https:\/\/www.autofoodpack.com\/wp-content\/uploads\/2022\/08\/\u63cf\u8ff0\u56fe-2-600x659.jpg 600w\" sizes=\"auto, (max-width: 750px) 100vw, 750px\" \/><\/p>\n<p><strong>Kindly Reminder:<\/strong><\/p>\n<p>We have experienced team of R &amp; D engineers who can customize packaging solutions according to your product characteristics.<\/p>\n<p>24 hours online.<\/p>\n<p><strong>After receiving your inquiry,We will send you the quotation as soon as possible.<\/strong><\/p>\n<div class=\"everest-forms\"><div class=\"evf-container default\" id=\"evf-1035\"><form id=\"evf-form-1035\" class=\"everest-form\" data-formid=\"1035\" data-ajax_submission=\"0\" method=\"post\" enctype=\"multipart\/form-data\" action=\"\/vi\/wp-json\/wp\/v2\/product\/1421\"><div class=\"evf-field-container\"><input type=\"hidden\" id=\"_wpnonce1035\" name=\"_wpnonce1035\" value=\"4629ba11ac\" \/><input type=\"hidden\" name=\"_wp_http_referer\" value=\"\/vi\/wp-json\/wp\/v2\/product\/1421\" \/><div class=\"evf-frontend-row\" data-row=\"row_1\"><div class=\"evf-frontend-grid evf-grid-2\" data-grid=\"grid_1\"><div id=\"evf-1035-field_lsR7VZ1zA7-1-container\" class=\"evf-field evf-field-last-name form-row\" data-field-id=\"lsR7VZ1zA7-1\"><label class=\"evf-field-label evf-label-hide\" for=\"evf-1035-field_lsR7VZ1zA7-1\"><span class=\"evf-label\">\u540d<\/span> <\/label><input type=\"text\" id=\"evf-1035-field_lsR7VZ1zA7-1\" class=\"input-text\" name=\"everest_forms[form_fields][lsR7VZ1zA7-1]\" placeholder=\"Name:\" ><\/div><\/div><div class=\"evf-frontend-grid evf-grid-2\" data-grid=\"grid_2\"><div id=\"evf-1035-field_mIIPZsDspb-2-container\" class=\"evf-field evf-field-email form-row validate-required validate-email\" data-required-field-message=\"\u8bf7\u8f93\u5165\u6b63\u786e\u7684\u7535\u5b50\u90ae\u4ef6\u5730\u5740\u3002\" data-field-id=\"mIIPZsDspb-2\"><label class=\"evf-field-label evf-label-hide\" for=\"evf-1035-field_mIIPZsDspb-2\"><span class=\"evf-label\">\u7535\u90ae<\/span> <abbr class=\"required\" title=\"Required\">*<\/abbr><\/label><input type=\"email\" id=\"evf-1035-field_mIIPZsDspb-2\" class=\"input-text\" name=\"everest_forms[form_fields][mIIPZsDspb-2]\" placeholder=\"Email:\" required ><\/div><\/div><\/div><div class=\"evf-frontend-row\" data-row=\"row_2\"><div class=\"evf-frontend-grid evf-grid-2\" data-grid=\"grid_1\"><div id=\"evf-1035-field_TRTyEMWnlk-3-container\" class=\"evf-field evf-field-number form-row\" data-field-id=\"TRTyEMWnlk-3\"><label class=\"evf-field-label evf-label-hide\" for=\"evf-1035-field_TRTyEMWnlk-3\"><span class=\"evf-label\">\u6570\u5b57<\/span> <\/label><input type=\"number\" id=\"evf-1035-field_TRTyEMWnlk-3\" class=\"input-text\" name=\"everest_forms[form_fields][TRTyEMWnlk-3]\" placeholder=\"Tel:\" \/><\/div><\/div><div class=\"evf-frontend-grid evf-grid-2\" data-grid=\"grid_2\"><div id=\"evf-1035-field_UHk9gX9XvG-4-container\" class=\"evf-field evf-field-text form-row\" data-field-id=\"UHk9gX9XvG-4\"><label class=\"evf-field-label evf-label-hide\" for=\"evf-1035-field_UHk9gX9XvG-4\"><span class=\"evf-label\">\u5355\u884c\u6587\u5b57<\/span> <\/label><input type=\"text\" id=\"evf-1035-field_UHk9gX9XvG-4\" class=\"input-text\" name=\"everest_forms[form_fields][UHk9gX9XvG-4]\" placeholder=\"Country:\" ><\/div><\/div><\/div><div class=\"evf-frontend-row\" data-row=\"row_3\"><div class=\"evf-frontend-grid evf-grid-1\" data-grid=\"grid_1\"><div id=\"evf-1035-field_rl40MminJe-6-container\" class=\"evf-field evf-field-textarea form-row\" data-field-id=\"rl40MminJe-6\"><label class=\"evf-field-label evf-label-hide\" for=\"evf-1035-field_rl40MminJe-6\"><span class=\"evf-label\">\u6bb5\u843d\u6587\u672c<\/span> <\/label><textarea id=\"evf-1035-field_rl40MminJe-6\" class=\"input-text\" name=\"everest_forms[form_fields][rl40MminJe-6]\" placeholder=\"Leave your message: Such as your product description, bag size\u2026\"  ><\/textarea><\/div><\/div><\/div><\/div><div class=\"evf-honeypot-container evf-field-hp\"><label for=\"evf-1035-field-hp\" class=\"evf-field-label\">Comment<\/label><input type=\"text\" name=\"everest_forms[hp]\" id=\"evf-1035-field-hp\" class=\"input-text\"><\/div><div class=\"evf-submit-container \" ><input type=\"hidden\" name=\"everest_forms[id]\" value=\"1035\"><input type=\"hidden\" name=\"everest_forms[author]\" value=\"1\"><button type='submit' name='everest_forms[submit]' class='everest-forms-submit-button button evf-submit ' id='evf-submit-1035' value='evf-submit' data-process-text=\"sending\u2026\" conditional_rules='&quot;&quot;' conditional_id='evf-submit-1035'  id=\"evf-submit-1035\" aria-live=\"assertive\">SEND<\/button><\/div><\/form><\/div><!-- .evf-container --><\/div>\n","protected":false},"excerpt":{"rendered":"<ol>\n<li>K\u1ebft c\u1ea5u khung th\u00e9p kh\u00f4ng g\u1ec9, thi\u1ebft k\u1ebf v\u1ec7 sinh v\u00e0 nh\u1ecf g\u1ecdn<\/li>\n<li>M\u1ed7i d\u00e2y chuy\u1ec1n c\u1ea5p t\u00fai \u0111\u01b0\u1ee3c trang b\u1ecb b\u1ed9 truy\u1ec1n \u0111\u1ed9ng xi lanh ri\u00eang bi\u1ec7t<\/li>\n<li>H\u1ec7 th\u1ed1ng CIP t\u1ef1 \u0111\u1ed9ng l\u00e0m s\u1ea1ch th\u00f9ng ch\u1ee9a li\u1ec7u v\u00e0 th\u00f9ng b\u1ed9t gi\u1ea5y<\/li>\n<li>Ho\u1ea1t \u0111\u1ed9ng ho\u00e0n to\u00e0n t\u1ef1 \u0111\u1ed9ng \u0111\u1ea3m b\u1ea3o v\u1ec7 sinh cao<\/li>\n<li>Ph\u00e1t hi\u1ec7n t\u00fai tr\u00ean d\u00e2y chuy\u1ec1n, kh\u00f4ng c\u00f3 t\u00fai s\u1ebd kh\u00f4ng \u0111i\u1ec1n li\u1ec7u<\/li>\n<li>H\u1ec7 th\u1ed1ng chi\u1ebft r\u00f3t ch\u00e2n kh\u00f4ng. Chi\u1ebft r\u00f3t ch\u1ea5t l\u1ecfng. S\u1ea1c nit\u01a1 \u0111\u01b0\u1ee3c ho\u00e0n th\u00e0nh m\u1ed9t l\u1ea7n, c\u00f3 th\u1ec3 gi\u1ea3i quy\u1ebft r\u1ea5t t\u1ed1t v\u1ea5n \u0111\u1ec1 b\u1ecdt kh\u00ed trong t\u00fai nguy\u00ean li\u1ec7u.<\/li>\n<\/ol>","protected":false},"featured_media":1422,"comment_status":"open","ping_status":"closed","template":"","meta":[],"product_cat":[28],"product_tag":[211,185],"class_list":["post-1421","product","type-product","status-publish","has-post-thumbnail","hentry","product_cat-liquid-packing-machine","product_tag-filling-capping-machine","product_tag-liquid-packing-mahchine"],"featured_image_urls":{"full":["https:\/\/www.autofoodpack.com\/wp-content\/uploads\/2022\/08\/1-9.jpg",800,800,false],"thumbnail":["https:\/\/www.autofoodpack.com\/wp-content\/uploads\/2022\/08\/1-9.jpg",96,96,false],"medium":["https:\/\/www.autofoodpack.com\/wp-content\/uploads\/2022\/08\/1-9.jpg",800,800,false],"medium_large":["https:\/\/www.autofoodpack.com\/wp-content\/uploads\/2022\/08\/1-9-768x768.jpg",768,768,true],"large":["https:\/\/www.autofoodpack.com\/wp-content\/uploads\/2022\/08\/1-9.jpg",800,800,false],"1536x1536":["https:\/\/www.autofoodpack.com\/wp-content\/uploads\/2022\/08\/1-9.jpg",800,800,false],"2048x2048":["https:\/\/www.autofoodpack.com\/wp-content\/uploads\/2022\/08\/1-9.jpg",800,800,false],"trp-custom-language-flag":["https:\/\/www.autofoodpack.com\/wp-content\/uploads\/2022\/08\/1-9.jpg",12,12,false],"woocommerce_thumbnail":["https:\/\/www.autofoodpack.com\/wp-content\/uploads\/2022\/08\/1-9-300x300.jpg",300,300,true],"woocommerce_single":["https:\/\/www.autofoodpack.com\/wp-content\/uploads\/2022\/08\/1-9-600x600.jpg",600,600,true],"woocommerce_gallery_thumbnail":["https:\/\/www.autofoodpack.com\/wp-content\/uploads\/2022\/08\/1-9-100x100.jpg",100,100,true],"shop_catalog":["https:\/\/www.autofoodpack.com\/wp-content\/uploads\/2022\/08\/1-9-300x300.jpg",300,300,true],"shop_single":["https:\/\/www.autofoodpack.com\/wp-content\/uploads\/2022\/08\/1-9-600x600.jpg",600,600,true],"shop_thumbnail":["https:\/\/www.autofoodpack.com\/wp-content\/uploads\/2022\/08\/1-9-100x100.jpg",100,100,true]},"post_excerpt_stackable":"<ol>\n<li>Stainless steel frame structure, sanitary, and compact design<\/li>\n<li>Each bag delivery line is equipped with a separate cylinder drive<\/li>\n<li>CIP automatic cleaning of material barrel and pulp barrel<\/li>\n<li>Fully automated operation ensures high hygiene<\/li>\n<li>Line bag detection, no bags are not filling<\/li>\n<li>Vacuum of the filling system. Fill illing liquid. Nitrogen charge is completed once,\u00a0 Can very well solve the bag material bubble problem.<\/li>\n<\/ol>\n","category_list":"","author_info":{"name":"","url":""},"comments_num":"1 comment","_links":{"self":[{"href":"https:\/\/www.autofoodpack.com\/vi\/wp-json\/wp\/v2\/product\/1421","targetHints":{"allow":["GET"]}}],"collection":[{"href":"https:\/\/www.autofoodpack.com\/vi\/wp-json\/wp\/v2\/product"}],"about":[{"href":"https:\/\/www.autofoodpack.com\/vi\/wp-json\/wp\/v2\/types\/product"}],"replies":[{"embeddable":true,"href":"https:\/\/www.autofoodpack.com\/vi\/wp-json\/wp\/v2\/comments?post=1421"}],"wp:featuredmedia":[{"embeddable":true,"href":"https:\/\/www.autofoodpack.com\/vi\/wp-json\/wp\/v2\/media\/1422"}],"wp:attachment":[{"href":"https:\/\/www.autofoodpack.com\/vi\/wp-json\/wp\/v2\/media?parent=1421"}],"wp:term":[{"taxonomy":"product_cat","embeddable":true,"href":"https:\/\/www.autofoodpack.com\/vi\/wp-json\/wp\/v2\/product_cat?post=1421"},{"taxonomy":"product_tag","embeddable":true,"href":"https:\/\/www.autofoodpack.com\/vi\/wp-json\/wp\/v2\/product_tag?post=1421"}],"curies":[{"name":"WordPress","href":"https:\/\/api.w.org\/{rel}","templated":true}]}}