{"id":1439,"date":"2022-08-05T11:39:49","date_gmt":"2022-08-05T03:39:49","guid":{"rendered":"https:\/\/www.autofoodpack.com\/?post_type=product&#038;p=1439"},"modified":"2024-08-27T09:14:35","modified_gmt":"2024-08-27T01:14:35","slug":"mkh-1200","status":"publish","type":"product","link":"https:\/\/www.autofoodpack.com\/vi\/product\/mkh-1200\/","title":{"rendered":"M\u00e1y \u0111\u00f3ng g\u00f3i k\u1eb9o th\u1ef1c ph\u1ea9m t\u00fai nh\u1ef1a t\u1ed1c \u0111\u1ed9 cao n\u1eb1m ngang cho s\u00f4-c\u00f4-la v\u00e0 k\u1eb9o b\u00f4ng"},"content":{"rendered":"<p><strong>Ph\u1ea1m vi \u1ee9ng d\u1ee5ng<\/strong><\/p>\n<p>Ph\u00f9 h\u1ee3p cho vi\u1ec7c \u0111\u00f3ng g\u00f3i c\u00e1c lo\u1ea1i h\u1ea1t cho k\u1eb9o v\u00e0 c\u00e1c s\u1ea3n ph\u1ea9m r\u1eafn c\u00f3 h\u00ecnh d\u1ea1ng \u0111\u1ec1u \u0111\u1eb7n, ch\u1eb3ng h\u1ea1n nh\u01b0 k\u1eb9o tr\u00e1i c\u00e2y, k\u1eb9o d\u1ebbo, k\u1eb9o c\u1ee9ng, \u0111\u01b0\u1eddng vi\u00ean, k\u1eb9o d\u1eeba, k\u1eb9o n\u00e9n, k\u1eb9o thanh, vi\u00ean thu\u1ed1c, k\u1eb9o m\u00fat, v.v.<\/p>\n<p><strong>V\u00ed d\u1ee5 \u0111\u00f3ng g\u00f3i<\/strong><\/p>\n<p><img loading=\"lazy\" decoding=\"async\" class=\"size-full wp-image-1444 aligncenter\" src=\"https:\/\/www.autofoodpack.com\/wp-content\/uploads\/2022\/08\/\u63cf\u8ff0\u56fe-5.jpg\" alt=\"\" width=\"750\" height=\"1454\" srcset=\"https:\/\/www.autofoodpack.com\/wp-content\/uploads\/2022\/08\/\u63cf\u8ff0\u56fe-5.jpg 750w, https:\/\/www.autofoodpack.com\/wp-content\/uploads\/2022\/08\/\u63cf\u8ff0\u56fe-5-300x582.jpg 300w, https:\/\/www.autofoodpack.com\/wp-content\/uploads\/2022\/08\/\u63cf\u8ff0\u56fe-5-600x1163.jpg 600w\" sizes=\"auto, (max-width: 750px) 100vw, 750px\" \/><\/p>\n<p><strong>Nh\u1eafc nh\u1edf th\u00e2n thi\u1ec7n:<\/strong><\/p>\n<p>Ch\u00fang t\u00f4i s\u1edf h\u1eefu \u0111\u1ed9i ng\u0169 k\u1ef9 s\u01b0 R&amp;D gi\u00e0u kinh nghi\u1ec7m, h\u1ecd c\u00f3 th\u1ec3 t\u00f9y ch\u1ec9nh c\u00e1c gi\u1ea3i ph\u00e1p \u0111\u00f3ng g\u00f3i d\u1ef1a tr\u00ean \u0111\u1eb7c t\u00ednh s\u1ea3n ph\u1ea9m c\u1ee7a b\u1ea1n.<\/p>\n<p>Tr\u1ef1c tuy\u1ebfn 24\/24.<\/p>\n<p><strong>Sau khi nh\u1eadn \u0111\u01b0\u1ee3c y\u00eau c\u1ea7u c\u1ee7a b\u1ea1n, ch\u00fang t\u00f4i s\u1ebd g\u1eedi b\u00e1o gi\u00e1 s\u1edbm nh\u1ea5t c\u00f3 th\u1ec3.<\/strong><\/p>","protected":false},"excerpt":{"rendered":"<ol>\n<li>C\u00f4ng su\u1ea5t l\u00ean \u0111\u1ebfn 72.000 g\u00f3i\/gi\u1edd, t\u1ed1c \u0111\u1ed9 \u0111\u00f3ng g\u00f3i c\u1ef1c nhanh<\/li>\n<li>Gi\u00e1 \u0111\u1ee1 m\u00e0ng k\u00e9p, t\u1ef1 \u0111\u1ed9ng n\u1ed1i m\u00e0ng, t\u0103ng hi\u1ec7u qu\u1ea3 s\u1ea3n xu\u1ea5t<\/li>\n<li>B\u0103ng t\u1ea3i 3 \u0111\u1ed9ng c\u01a1 servo, v\u1eadn h\u00e0nh \u1ed5n \u0111\u1ecbnh<\/li>\n<li>C\u1ea3m bi\u1ebfn m\u1eaft quang \u0111i\u1ec7n, gi\u00fap qu\u00e1 tr\u00ecnh \u0111\u00f3ng g\u00f3i \u1ed5n \u0111\u1ecbnh h\u01a1n<\/li>\n<li>Th\u00e9p kh\u00f4ng g\u1ec9 304 (ph\u1ea7n ti\u1ebfp x\u00fac v\u1edbi th\u1ef1c ph\u1ea9m)<\/li>\n<li>\u0110i\u1ec1u khi\u1ec3n th\u00f4ng minh, h\u1ec7 \u0111i\u1ec1u h\u00e0nh h\u1ed7 tr\u1ee3 ti\u1ebfng Trung v\u00e0 ti\u1ebfng Anh, c\u00f3 th\u1ec3 t\u00f9y ch\u1ec9nh ng\u00f4n ng\u1eef<\/li>\n<\/ol>","protected":false},"featured_media":1434,"comment_status":"open","ping_status":"closed","template":"","meta":[],"product_cat":[95,93],"product_tag":[223,225,189,221],"class_list":["post-1439","product","type-product","status-publish","has-post-thumbnail","hentry","product_cat-hot-product-cn","product_cat-granular-packing-machine-cn","product_tag-223","product_tag-225","product_tag-189","product_tag-221"],"featured_image_urls":{"full":["https:\/\/www.autofoodpack.com\/wp-content\/uploads\/2022\/08\/1-11.jpg",800,800,false],"thumbnail":["https:\/\/www.autofoodpack.com\/wp-content\/uploads\/2022\/08\/1-11.jpg",96,96,false],"medium":["https:\/\/www.autofoodpack.com\/wp-content\/uploads\/2022\/08\/1-11.jpg",800,800,false],"medium_large":["https:\/\/www.autofoodpack.com\/wp-content\/uploads\/2022\/08\/1-11-768x768.jpg",768,768,true],"large":["https:\/\/www.autofoodpack.com\/wp-content\/uploads\/2022\/08\/1-11.jpg",800,800,false],"1536x1536":["https:\/\/www.autofoodpack.com\/wp-content\/uploads\/2022\/08\/1-11.jpg",800,800,false],"2048x2048":["https:\/\/www.autofoodpack.com\/wp-content\/uploads\/2022\/08\/1-11.jpg",800,800,false],"trp-custom-language-flag":["https:\/\/www.autofoodpack.com\/wp-content\/uploads\/2022\/08\/1-11.jpg",12,12,false],"woocommerce_thumbnail":["https:\/\/www.autofoodpack.com\/wp-content\/uploads\/2022\/08\/1-11-300x300.jpg",300,300,true],"woocommerce_single":["https:\/\/www.autofoodpack.com\/wp-content\/uploads\/2022\/08\/1-11-600x600.jpg",600,600,true],"woocommerce_gallery_thumbnail":["https:\/\/www.autofoodpack.com\/wp-content\/uploads\/2022\/08\/1-11-100x100.jpg",100,100,true],"shop_catalog":["https:\/\/www.autofoodpack.com\/wp-content\/uploads\/2022\/08\/1-11-300x300.jpg",300,300,true],"shop_single":["https:\/\/www.autofoodpack.com\/wp-content\/uploads\/2022\/08\/1-11-600x600.jpg",600,600,true],"shop_thumbnail":["https:\/\/www.autofoodpack.com\/wp-content\/uploads\/2022\/08\/1-11-100x100.jpg",100,100,true]},"post_excerpt_stackable":"<ol>\n<li>\u6700\u9ad8\u53ef\u8fbe72000\u5305\/\u5c0f\u65f6\uff0c\u5305\u88c5\u901f\u5ea6\u6781\u5feb<\/li>\n<li>\u53cc\u819c\u67b6\uff0c\u81ea\u52a8\u63a5\u819c\uff0c\u589e\u52a0\u751f\u4ea7\u6548\u7387<\/li>\n<li>3\u4e2a\u4f3a\u670d\u7535\u673a\u4f20\u9001\u5e26\uff0c\u64cd\u4f5c\u7a33\u5b9a<\/li>\n<li>\u5149\u7535\u773c\u611f\u5e94\uff0c\u5305\u88c5\u66f4\u7a33\u5b9a<\/li>\n<li>304\u4e0d\u9508\u94a2\uff08\u4e0e\u98df\u54c1\u63a5\u89e6\u90e8\u5206\uff09<\/li>\n<li>\u667a\u80fd\u5c4f\u853d\u64cd\u63a7\uff0c\u4e2d\u82f1\u6587\u64cd\u4f5c\u7cfb\u7edf\uff0c\u53ef\u4ee5\u5b9a\u5236\u8bed\u8a00<\/li>\n<\/ol>\n","category_list":"","author_info":{"name":"","url":""},"comments_num":"1 comment","_links":{"self":[{"href":"https:\/\/www.autofoodpack.com\/vi\/wp-json\/wp\/v2\/product\/1439","targetHints":{"allow":["GET"]}}],"collection":[{"href":"https:\/\/www.autofoodpack.com\/vi\/wp-json\/wp\/v2\/product"}],"about":[{"href":"https:\/\/www.autofoodpack.com\/vi\/wp-json\/wp\/v2\/types\/product"}],"replies":[{"embeddable":true,"href":"https:\/\/www.autofoodpack.com\/vi\/wp-json\/wp\/v2\/comments?post=1439"}],"wp:featuredmedia":[{"embeddable":true,"href":"https:\/\/www.autofoodpack.com\/vi\/wp-json\/wp\/v2\/media\/1434"}],"wp:attachment":[{"href":"https:\/\/www.autofoodpack.com\/vi\/wp-json\/wp\/v2\/media?parent=1439"}],"wp:term":[{"taxonomy":"product_cat","embeddable":true,"href":"https:\/\/www.autofoodpack.com\/vi\/wp-json\/wp\/v2\/product_cat?post=1439"},{"taxonomy":"product_tag","embeddable":true,"href":"https:\/\/www.autofoodpack.com\/vi\/wp-json\/wp\/v2\/product_tag?post=1439"}],"curies":[{"name":"WordPress","href":"https:\/\/api.w.org\/{rel}","templated":true}]}}