{"id":1469,"date":"2022-08-05T17:30:44","date_gmt":"2022-08-05T09:30:44","guid":{"rendered":"https:\/\/www.autofoodpack.com\/?post_type=product&#038;p=1469"},"modified":"2024-10-09T14:29:41","modified_gmt":"2024-10-09T06:29:41","slug":"full-set-automatic-sealingcut-shrinker-machine-900-1800-pags-hour","status":"publish","type":"product","link":"https:\/\/www.autofoodpack.com\/vi\/product\/full-set-automatic-sealingcut-shrinker-machine-900-1800-pags-hour\/","title":{"rendered":"B\u1ed9 m\u00e1y c\u1eaft v\u00e0 co m\u00e0ng t\u1ef1 \u0111\u1ed9ng ho\u00e0n to\u00e0n, 900-1800 t\u00fai\/gi\u1edd"},"content":{"rendered":"<p><strong>Application<\/strong><\/p>\n<p>It is widely used in food, daily necessities, toolbox, toys, disposable products, gift box packaging, spices, beverages, cosmetics, catering, electrical accessories, etc<\/p>\n<p><strong>Packing Exambers<\/strong><\/p>\n<p><img loading=\"lazy\" decoding=\"async\" class=\"size-full wp-image-1474 aligncenter\" src=\"https:\/\/www.autofoodpack.com\/wp-content\/uploads\/2022\/08\/05.jpg\" alt=\"\" width=\"719\" height=\"502\" srcset=\"https:\/\/www.autofoodpack.com\/wp-content\/uploads\/2022\/08\/05.jpg 719w, https:\/\/www.autofoodpack.com\/wp-content\/uploads\/2022\/08\/05-300x209.jpg 300w, https:\/\/www.autofoodpack.com\/wp-content\/uploads\/2022\/08\/05-600x419.jpg 600w\" sizes=\"auto, (max-width: 719px) 100vw, 719px\" \/><\/p>\n<p><strong>Kindly Reminder:<\/strong><\/p>\n<p>We have experienced team of R &amp; D engineers who can customize packaging solutions according to your product characteristics.<\/p>\n<p>24 hours online.<\/p>\n<p><strong>After receiving your inquiry,We will send you the quotation as soon as possible.<\/strong><\/p>\n<div class=\"everest-forms\"><div class=\"evf-container default\" id=\"evf-1035\"><form id=\"evf-form-1035\" class=\"everest-form\" data-formid=\"1035\" data-ajax_submission=\"0\" method=\"post\" enctype=\"multipart\/form-data\" action=\"\/vi\/wp-json\/wp\/v2\/product\/1469\"><div class=\"evf-field-container\"><input type=\"hidden\" id=\"_wpnonce1035\" name=\"_wpnonce1035\" value=\"4629ba11ac\" \/><input type=\"hidden\" name=\"_wp_http_referer\" value=\"\/vi\/wp-json\/wp\/v2\/product\/1469\" \/><div class=\"evf-frontend-row\" data-row=\"row_1\"><div class=\"evf-frontend-grid evf-grid-2\" data-grid=\"grid_1\"><div id=\"evf-1035-field_lsR7VZ1zA7-1-container\" class=\"evf-field evf-field-last-name form-row\" data-field-id=\"lsR7VZ1zA7-1\"><label class=\"evf-field-label evf-label-hide\" for=\"evf-1035-field_lsR7VZ1zA7-1\"><span class=\"evf-label\">\u540d<\/span> <\/label><input type=\"text\" id=\"evf-1035-field_lsR7VZ1zA7-1\" class=\"input-text\" name=\"everest_forms[form_fields][lsR7VZ1zA7-1]\" placeholder=\"Name:\" ><\/div><\/div><div class=\"evf-frontend-grid evf-grid-2\" data-grid=\"grid_2\"><div id=\"evf-1035-field_mIIPZsDspb-2-container\" class=\"evf-field evf-field-email form-row validate-required validate-email\" data-required-field-message=\"\u8bf7\u8f93\u5165\u6b63\u786e\u7684\u7535\u5b50\u90ae\u4ef6\u5730\u5740\u3002\" data-field-id=\"mIIPZsDspb-2\"><label class=\"evf-field-label evf-label-hide\" for=\"evf-1035-field_mIIPZsDspb-2\"><span class=\"evf-label\">\u7535\u90ae<\/span> <abbr class=\"required\" title=\"Required\">*<\/abbr><\/label><input type=\"email\" id=\"evf-1035-field_mIIPZsDspb-2\" class=\"input-text\" name=\"everest_forms[form_fields][mIIPZsDspb-2]\" placeholder=\"Email:\" required ><\/div><\/div><\/div><div class=\"evf-frontend-row\" data-row=\"row_2\"><div class=\"evf-frontend-grid evf-grid-2\" data-grid=\"grid_1\"><div id=\"evf-1035-field_TRTyEMWnlk-3-container\" class=\"evf-field evf-field-number form-row\" data-field-id=\"TRTyEMWnlk-3\"><label class=\"evf-field-label evf-label-hide\" for=\"evf-1035-field_TRTyEMWnlk-3\"><span class=\"evf-label\">\u6570\u5b57<\/span> <\/label><input type=\"number\" id=\"evf-1035-field_TRTyEMWnlk-3\" class=\"input-text\" name=\"everest_forms[form_fields][TRTyEMWnlk-3]\" placeholder=\"Tel:\" \/><\/div><\/div><div class=\"evf-frontend-grid evf-grid-2\" data-grid=\"grid_2\"><div id=\"evf-1035-field_UHk9gX9XvG-4-container\" class=\"evf-field evf-field-text form-row\" data-field-id=\"UHk9gX9XvG-4\"><label class=\"evf-field-label evf-label-hide\" for=\"evf-1035-field_UHk9gX9XvG-4\"><span class=\"evf-label\">\u5355\u884c\u6587\u5b57<\/span> <\/label><input type=\"text\" id=\"evf-1035-field_UHk9gX9XvG-4\" class=\"input-text\" name=\"everest_forms[form_fields][UHk9gX9XvG-4]\" placeholder=\"Country:\" ><\/div><\/div><\/div><div class=\"evf-frontend-row\" data-row=\"row_3\"><div class=\"evf-frontend-grid evf-grid-1\" data-grid=\"grid_1\"><div id=\"evf-1035-field_rl40MminJe-6-container\" class=\"evf-field evf-field-textarea form-row\" data-field-id=\"rl40MminJe-6\"><label class=\"evf-field-label evf-label-hide\" for=\"evf-1035-field_rl40MminJe-6\"><span class=\"evf-label\">\u6bb5\u843d\u6587\u672c<\/span> <\/label><textarea id=\"evf-1035-field_rl40MminJe-6\" class=\"input-text\" name=\"everest_forms[form_fields][rl40MminJe-6]\" placeholder=\"Leave your message: Such as your product description, bag size\u2026\"  ><\/textarea><\/div><\/div><\/div><\/div><div class=\"evf-honeypot-container evf-field-hp\"><label for=\"evf-1035-field-hp\" class=\"evf-field-label\">Website<\/label><input type=\"text\" name=\"everest_forms[hp]\" id=\"evf-1035-field-hp\" class=\"input-text\"><\/div><div class=\"evf-submit-container \" ><input type=\"hidden\" name=\"everest_forms[id]\" value=\"1035\"><input type=\"hidden\" name=\"everest_forms[author]\" value=\"1\"><button type='submit' name='everest_forms[submit]' class='everest-forms-submit-button button evf-submit ' id='evf-submit-1035' value='evf-submit' data-process-text=\"sending\u2026\" conditional_rules='&quot;&quot;' conditional_id='evf-submit-1035'  id=\"evf-submit-1035\" aria-live=\"assertive\">SEND<\/button><\/div><\/form><\/div><!-- .evf-container --><\/div>\n","protected":false},"excerpt":{"rendered":"<ol>\n<li>Ho\u1ea1t \u0111\u1ed9ng li\u00ean t\u1ee5c t\u1ef1 \u0111\u1ed9ng, \u0111\u00f3ng g\u00f3i v\u00e0 c\u1eaft t\u00fai, co m\u00e0ng nhi\u1ec7t, ho\u00e0n th\u00e0nh trong m\u1ed9t l\u1ea7n<\/li>\n<li>\u1ed0ng gia nhi\u1ec7t b\u1eb1ng th\u00e9p kh\u00f4ng g\u1ec9, l\u01b0\u1edbi b\u1ea3o v\u1ec7 b\u1eb1ng th\u00e9p kh\u00f4ng g\u1ec9<\/li>\n<li>H\u1ec7 th\u1ed1ng \u1ed1ng d\u1eabn kh\u00ed \u0111\u1eb7c bi\u1ec7t gi\u00fap co m\u00e0ng \u0111\u1ed3ng \u0111\u1ec1u h\u01a1n<\/li>\n<li>Con l\u0103n ch\u1eafc ch\u1eafn + \u1ed1ng silicon nh\u1eadp kh\u1ea9u, ch\u1ed1ng d\u00ednh t\u00fai<\/li>\n<li>B\u1ea3ng \u0111i\u1ec1u khi\u1ec3n m\u00e0n h\u00ecnh k\u1ef9 thu\u1eadt s\u1ed1, d\u1ec5 s\u1eed d\u1ee5ng<\/li>\n<li>Ch\u1ee9c n\u0103ng ch\u1ed1ng c\u1eaft sai, m\u1eaft c\u1ea3m \u1ee9ng t\u1ef1 \u0111\u1ed9ng, \u0111\u1ecbnh v\u1ecb ch\u00ednh x\u00e1c v\u1ecb tr\u00ed \u0111\u00f3ng g\u00f3i<\/li>\n<\/ol>","protected":false},"featured_media":1470,"comment_status":"open","ping_status":"closed","template":"","meta":[],"product_cat":[245],"product_tag":[249],"class_list":["post-1469","product","type-product","status-publish","has-post-thumbnail","hentry","product_cat-automatic-sealingcut-shrinker-machine","product_tag-full-set-automatic-sealingcut-shrinker-machine"],"featured_image_urls":{"full":["https:\/\/www.autofoodpack.com\/wp-content\/uploads\/2022\/08\/1-17.jpg",800,800,false],"thumbnail":["https:\/\/www.autofoodpack.com\/wp-content\/uploads\/2022\/08\/1-17.jpg",96,96,false],"medium":["https:\/\/www.autofoodpack.com\/wp-content\/uploads\/2022\/08\/1-17.jpg",800,800,false],"medium_large":["https:\/\/www.autofoodpack.com\/wp-content\/uploads\/2022\/08\/1-17-768x768.jpg",768,768,true],"large":["https:\/\/www.autofoodpack.com\/wp-content\/uploads\/2022\/08\/1-17.jpg",800,800,false],"1536x1536":["https:\/\/www.autofoodpack.com\/wp-content\/uploads\/2022\/08\/1-17.jpg",800,800,false],"2048x2048":["https:\/\/www.autofoodpack.com\/wp-content\/uploads\/2022\/08\/1-17.jpg",800,800,false],"trp-custom-language-flag":["https:\/\/www.autofoodpack.com\/wp-content\/uploads\/2022\/08\/1-17.jpg",12,12,false],"woocommerce_thumbnail":["https:\/\/www.autofoodpack.com\/wp-content\/uploads\/2022\/08\/1-17-300x300.jpg",300,300,true],"woocommerce_single":["https:\/\/www.autofoodpack.com\/wp-content\/uploads\/2022\/08\/1-17-600x600.jpg",600,600,true],"woocommerce_gallery_thumbnail":["https:\/\/www.autofoodpack.com\/wp-content\/uploads\/2022\/08\/1-17-100x100.jpg",100,100,true],"shop_catalog":["https:\/\/www.autofoodpack.com\/wp-content\/uploads\/2022\/08\/1-17-300x300.jpg",300,300,true],"shop_single":["https:\/\/www.autofoodpack.com\/wp-content\/uploads\/2022\/08\/1-17-600x600.jpg",600,600,true],"shop_thumbnail":["https:\/\/www.autofoodpack.com\/wp-content\/uploads\/2022\/08\/1-17-100x100.jpg",100,100,true]},"post_excerpt_stackable":"<ol>\n<li>Automatic continuous work, packaging and bag cutting heat shrinkage, completed at one time<\/li>\n<li>Stainless steel heating pipe, stainless steel protective net<\/li>\n<li>Special air duct system makes the contraction more uniform<\/li>\n<li>Solid idler + imported silicone hose, non stick bag<\/li>\n<li>Digital display operation panel, easy to use<\/li>\n<li>Anti false cutting function, automatic induction eye, accurate positioning of packaging position<\/li>\n<\/ol>\n","category_list":"","author_info":{"name":"","url":""},"comments_num":"0 comments","_links":{"self":[{"href":"https:\/\/www.autofoodpack.com\/vi\/wp-json\/wp\/v2\/product\/1469","targetHints":{"allow":["GET"]}}],"collection":[{"href":"https:\/\/www.autofoodpack.com\/vi\/wp-json\/wp\/v2\/product"}],"about":[{"href":"https:\/\/www.autofoodpack.com\/vi\/wp-json\/wp\/v2\/types\/product"}],"replies":[{"embeddable":true,"href":"https:\/\/www.autofoodpack.com\/vi\/wp-json\/wp\/v2\/comments?post=1469"}],"wp:featuredmedia":[{"embeddable":true,"href":"https:\/\/www.autofoodpack.com\/vi\/wp-json\/wp\/v2\/media\/1470"}],"wp:attachment":[{"href":"https:\/\/www.autofoodpack.com\/vi\/wp-json\/wp\/v2\/media?parent=1469"}],"wp:term":[{"taxonomy":"product_cat","embeddable":true,"href":"https:\/\/www.autofoodpack.com\/vi\/wp-json\/wp\/v2\/product_cat?post=1469"},{"taxonomy":"product_tag","embeddable":true,"href":"https:\/\/www.autofoodpack.com\/vi\/wp-json\/wp\/v2\/product_tag?post=1469"}],"curies":[{"name":"WordPress","href":"https:\/\/api.w.org\/{rel}","templated":true}]}}