{"id":1486,"date":"2022-08-06T12:01:09","date_gmt":"2022-08-06T04:01:09","guid":{"rendered":"https:\/\/www.autofoodpack.com\/?post_type=product&#038;p=1486"},"modified":"2022-08-08T13:57:18","modified_gmt":"2022-08-08T05:57:18","slug":"powder-packaging-machine-50g-100g-1kg-5kg-multi-material-packaging-particle-liquid-packaging-machine","status":"publish","type":"product","link":"https:\/\/www.autofoodpack.com\/vi\/product\/powder-packaging-machine-50g-100g-1kg-5kg-multi-material-packaging-particle-liquid-packaging-machine\/","title":{"rendered":"M\u00e1y \u0111\u00f3ng g\u00f3i b\u1ed9t, m\u00e1y \u0111\u00f3ng g\u00f3i v\u1eadt li\u1ec7u \u0111a d\u1ea1ng cho h\u1ea1t, ch\u1ea5t l\u1ecfng 50g 100g 1kg 5kg"},"content":{"rendered":"<p><strong>Application<\/strong><\/p>\n<p>Granules: potato chips, granulated sugar, soft white sugar, chicken essence, grains, candy, hardware, toys;<\/p>\n<p>Liquid: sauce, fruit juice, jam, beverage, detergent, chili sauce, bean paste, etc;<\/p>\n<p>Powder: seasoning powder, milk powder, grape sugar powder, coffee powder, chemical seasoning, pesticide and chemical fertilizer;<\/p>\n<p><strong>Packing Exambers<\/strong><\/p>\n<p><img loading=\"lazy\" decoding=\"async\" class=\"size-full wp-image-1491 aligncenter\" src=\"https:\/\/www.autofoodpack.com\/wp-content\/uploads\/2022\/08\/20220806112326.jpg\" alt=\"\" width=\"613\" height=\"484\" srcset=\"https:\/\/www.autofoodpack.com\/wp-content\/uploads\/2022\/08\/20220806112326.jpg 613w, https:\/\/www.autofoodpack.com\/wp-content\/uploads\/2022\/08\/20220806112326-300x237.jpg 300w, https:\/\/www.autofoodpack.com\/wp-content\/uploads\/2022\/08\/20220806112326-600x474.jpg 600w\" sizes=\"auto, (max-width: 613px) 100vw, 613px\" \/><\/p>\n<p><strong>Kindly Reminder:<\/strong><\/p>\n<p>We have experienced team of R &amp; D engineers who can customize packaging solutions according to your product characteristics.<\/p>\n<p>24 hours online.<\/p>\n<p><strong>After receiving your inquiry,We will send you the quotation as soon as possible.<\/strong><\/p>\n<div class=\"everest-forms\"><div class=\"evf-container default\" id=\"evf-1035\"><form id=\"evf-form-1035\" class=\"everest-form\" data-formid=\"1035\" data-ajax_submission=\"0\" method=\"post\" enctype=\"multipart\/form-data\" action=\"\/vi\/wp-json\/wp\/v2\/product\/1486\"><div class=\"evf-field-container\"><input type=\"hidden\" id=\"_wpnonce1035\" name=\"_wpnonce1035\" value=\"5499334215\" \/><input type=\"hidden\" name=\"_wp_http_referer\" value=\"\/vi\/wp-json\/wp\/v2\/product\/1486\" \/><div class=\"evf-frontend-row\" data-row=\"row_1\"><div class=\"evf-frontend-grid evf-grid-2\" data-grid=\"grid_1\"><div id=\"evf-1035-field_lsR7VZ1zA7-1-container\" class=\"evf-field evf-field-last-name form-row\" data-field-id=\"lsR7VZ1zA7-1\"><label class=\"evf-field-label evf-label-hide\" for=\"evf-1035-field_lsR7VZ1zA7-1\"><span class=\"evf-label\">\u540d<\/span> <\/label><input type=\"text\" id=\"evf-1035-field_lsR7VZ1zA7-1\" class=\"input-text\" name=\"everest_forms[form_fields][lsR7VZ1zA7-1]\" placeholder=\"Name:\" ><\/div><\/div><div class=\"evf-frontend-grid evf-grid-2\" data-grid=\"grid_2\"><div id=\"evf-1035-field_mIIPZsDspb-2-container\" class=\"evf-field evf-field-email form-row validate-required validate-email\" data-required-field-message=\"\u8bf7\u8f93\u5165\u6b63\u786e\u7684\u7535\u5b50\u90ae\u4ef6\u5730\u5740\u3002\" data-field-id=\"mIIPZsDspb-2\"><label class=\"evf-field-label evf-label-hide\" for=\"evf-1035-field_mIIPZsDspb-2\"><span class=\"evf-label\">\u7535\u90ae<\/span> <abbr class=\"required\" title=\"Required\">*<\/abbr><\/label><input type=\"email\" id=\"evf-1035-field_mIIPZsDspb-2\" class=\"input-text\" name=\"everest_forms[form_fields][mIIPZsDspb-2]\" placeholder=\"Email:\" required ><\/div><\/div><\/div><div class=\"evf-frontend-row\" data-row=\"row_2\"><div class=\"evf-frontend-grid evf-grid-2\" data-grid=\"grid_1\"><div id=\"evf-1035-field_TRTyEMWnlk-3-container\" class=\"evf-field evf-field-number form-row\" data-field-id=\"TRTyEMWnlk-3\"><label class=\"evf-field-label evf-label-hide\" for=\"evf-1035-field_TRTyEMWnlk-3\"><span class=\"evf-label\">\u6570\u5b57<\/span> <\/label><input type=\"number\" id=\"evf-1035-field_TRTyEMWnlk-3\" class=\"input-text\" name=\"everest_forms[form_fields][TRTyEMWnlk-3]\" placeholder=\"Tel:\" \/><\/div><\/div><div class=\"evf-frontend-grid evf-grid-2\" data-grid=\"grid_2\"><div id=\"evf-1035-field_UHk9gX9XvG-4-container\" class=\"evf-field evf-field-text form-row\" data-field-id=\"UHk9gX9XvG-4\"><label class=\"evf-field-label evf-label-hide\" for=\"evf-1035-field_UHk9gX9XvG-4\"><span class=\"evf-label\">\u5355\u884c\u6587\u5b57<\/span> <\/label><input type=\"text\" id=\"evf-1035-field_UHk9gX9XvG-4\" class=\"input-text\" name=\"everest_forms[form_fields][UHk9gX9XvG-4]\" placeholder=\"Country:\" ><\/div><\/div><\/div><div class=\"evf-frontend-row\" data-row=\"row_3\"><div class=\"evf-frontend-grid evf-grid-1\" data-grid=\"grid_1\"><div id=\"evf-1035-field_rl40MminJe-6-container\" class=\"evf-field evf-field-textarea form-row\" data-field-id=\"rl40MminJe-6\"><label class=\"evf-field-label evf-label-hide\" for=\"evf-1035-field_rl40MminJe-6\"><span class=\"evf-label\">\u6bb5\u843d\u6587\u672c<\/span> <\/label><textarea id=\"evf-1035-field_rl40MminJe-6\" class=\"input-text\" name=\"everest_forms[form_fields][rl40MminJe-6]\" placeholder=\"Leave your message: Such as your product description, bag size\u2026\"  ><\/textarea><\/div><\/div><\/div><\/div><div class=\"evf-honeypot-container evf-field-hp\"><label for=\"evf-1035-field-hp\" class=\"evf-field-label\">Website<\/label><input type=\"text\" name=\"everest_forms[hp]\" id=\"evf-1035-field-hp\" class=\"input-text\"><\/div><div class=\"evf-submit-container \" ><input type=\"hidden\" name=\"everest_forms[id]\" value=\"1035\"><input type=\"hidden\" name=\"everest_forms[author]\" value=\"1\"><button type='submit' name='everest_forms[submit]' class='everest-forms-submit-button button evf-submit ' id='evf-submit-1035' value='evf-submit' data-process-text=\"sending\u2026\" conditional_rules='&quot;&quot;' conditional_id='evf-submit-1035'  id=\"evf-submit-1035\" aria-live=\"assertive\">SEND<\/button><\/div><\/form><\/div><!-- .evf-container --><\/div>\n","protected":false},"excerpt":{"rendered":"<ol>\n<li>Inox 304 (b\u1ed9 ph\u1eadn ti\u1ebfp x\u00fac v\u1edbi th\u1ef1c ph\u1ea9m)<\/li>\n<li>K\u1ebft h\u1ee3p c\u00e2n \u0111i\u1ec7n t\u1eed, b\u01a1m ch\u1ea5t l\u1ecfng, v\u00edt t\u1ea3i, c\u1ed1c co nhi\u1ec7t, c\u1ea5p li\u1ec7u th\u1ee7 c\u00f4ng, v.v. (t\u00f9y ch\u1ecdn)<\/li>\n<li>\u00c1p d\u1ee5ng cho nhi\u1ec1u lo\u1ea1i v\u1eadt li\u1ec7u (h\u1ea1t, ch\u1ea5t l\u1ecfng, b\u1ed9t, v.v.)<\/li>\n<li>\u0110i\u1ec1u khi\u1ec3n che ch\u1eafn th\u00f4ng minh, h\u1ec7 \u0111i\u1ec1u h\u00e0nh ti\u1ebfng Trung v\u00e0 ti\u1ebfng Anh, c\u00f3 th\u1ec3 t\u00f9y ch\u1ec9nh nhi\u1ec1u ng\u00f4n ng\u1eef<\/li>\n<li>V\u1eadn h\u00e0nh \u1ed5n \u0111\u1ecbnh, hi\u1ec7u qu\u1ea3 l\u00e0m k\u00edn t\u1ed1t v\u00e0 kh\u00f4ng c\u00f3 n\u1ebfp nh\u0103n<\/li>\n<li>S\u1eed d\u1ee5ng m\u00f4-\u0111un \u0111i\u1ec7n t\u1eed nh\u1eadp kh\u1ea9u v\u00e0 \u0111i\u1ec1u khi\u1ec3n b\u1eb1ng vi m\u00e1y t\u00ednh \u0111\u1ec3 \u0111o l\u01b0\u1eddng ch\u00ednh x\u00e1c h\u01a1n<\/li>\n<\/ol>","protected":false},"featured_media":1487,"comment_status":"open","ping_status":"closed","template":"","meta":[],"product_cat":[27,25,28,29],"product_tag":[229,254,231],"class_list":["post-1486","product","type-product","status-publish","has-post-thumbnail","hentry","product_cat-granular-packing-machine","product_cat-hot-product","product_cat-liquid-packing-machine","product_cat-powder-packing-machine","product_tag-liquid-packaging-machine","product_tag-multi-material-packaging","product_tag-powder-packaging-machine"],"featured_image_urls":{"full":["https:\/\/www.autofoodpack.com\/wp-content\/uploads\/2022\/08\/1-19.jpg",800,800,false],"thumbnail":["https:\/\/www.autofoodpack.com\/wp-content\/uploads\/2022\/08\/1-19.jpg",96,96,false],"medium":["https:\/\/www.autofoodpack.com\/wp-content\/uploads\/2022\/08\/1-19.jpg",800,800,false],"medium_large":["https:\/\/www.autofoodpack.com\/wp-content\/uploads\/2022\/08\/1-19-768x768.jpg",768,768,true],"large":["https:\/\/www.autofoodpack.com\/wp-content\/uploads\/2022\/08\/1-19.jpg",800,800,false],"1536x1536":["https:\/\/www.autofoodpack.com\/wp-content\/uploads\/2022\/08\/1-19.jpg",800,800,false],"2048x2048":["https:\/\/www.autofoodpack.com\/wp-content\/uploads\/2022\/08\/1-19.jpg",800,800,false],"trp-custom-language-flag":["https:\/\/www.autofoodpack.com\/wp-content\/uploads\/2022\/08\/1-19.jpg",12,12,false],"woocommerce_thumbnail":["https:\/\/www.autofoodpack.com\/wp-content\/uploads\/2022\/08\/1-19-300x300.jpg",300,300,true],"woocommerce_single":["https:\/\/www.autofoodpack.com\/wp-content\/uploads\/2022\/08\/1-19-600x600.jpg",600,600,true],"woocommerce_gallery_thumbnail":["https:\/\/www.autofoodpack.com\/wp-content\/uploads\/2022\/08\/1-19-100x100.jpg",100,100,true],"shop_catalog":["https:\/\/www.autofoodpack.com\/wp-content\/uploads\/2022\/08\/1-19-300x300.jpg",300,300,true],"shop_single":["https:\/\/www.autofoodpack.com\/wp-content\/uploads\/2022\/08\/1-19-600x600.jpg",600,600,true],"shop_thumbnail":["https:\/\/www.autofoodpack.com\/wp-content\/uploads\/2022\/08\/1-19-100x100.jpg",100,100,true]},"post_excerpt_stackable":"<ol>\n<li>304 stainless steel (part in contact with food)<\/li>\n<li>Combined electronic scale, liquid pump, screw, shrinkage cup, manual feeding, etc. (optional)<\/li>\n<li>Applicable to a wide range of materials (particles, liquids, powders, etc.)<\/li>\n<li>Intelligent shielding control, Chinese and English operating system, various languages can be customized<\/li>\n<li>Stable operation, good sealing effect and no wrinkles<\/li>\n<li>Imported electronic module and microcomputer control are adopted for more accurate measurement<\/li>\n<\/ol>\n","category_list":"","author_info":{"name":"","url":""},"comments_num":"0 comments","_links":{"self":[{"href":"https:\/\/www.autofoodpack.com\/vi\/wp-json\/wp\/v2\/product\/1486","targetHints":{"allow":["GET"]}}],"collection":[{"href":"https:\/\/www.autofoodpack.com\/vi\/wp-json\/wp\/v2\/product"}],"about":[{"href":"https:\/\/www.autofoodpack.com\/vi\/wp-json\/wp\/v2\/types\/product"}],"replies":[{"embeddable":true,"href":"https:\/\/www.autofoodpack.com\/vi\/wp-json\/wp\/v2\/comments?post=1486"}],"wp:featuredmedia":[{"embeddable":true,"href":"https:\/\/www.autofoodpack.com\/vi\/wp-json\/wp\/v2\/media\/1487"}],"wp:attachment":[{"href":"https:\/\/www.autofoodpack.com\/vi\/wp-json\/wp\/v2\/media?parent=1486"}],"wp:term":[{"taxonomy":"product_cat","embeddable":true,"href":"https:\/\/www.autofoodpack.com\/vi\/wp-json\/wp\/v2\/product_cat?post=1486"},{"taxonomy":"product_tag","embeddable":true,"href":"https:\/\/www.autofoodpack.com\/vi\/wp-json\/wp\/v2\/product_tag?post=1486"}],"curies":[{"name":"WordPress","href":"https:\/\/api.w.org\/{rel}","templated":true}]}}