{"id":1612,"date":"2022-09-13T19:18:16","date_gmt":"2022-09-13T11:18:16","guid":{"rendered":"https:\/\/www.autofoodpack.com\/?post_type=product&#038;p=1612"},"modified":"2022-09-15T17:52:48","modified_gmt":"2022-09-15T09:52:48","slug":"granule-packaging-machine-nut-peanut-puffed-food-white-granulated-sugar-automatic-filling-vertical-packaging-machine-1800-4800bags-hour-1","status":"publish","type":"product","link":"https:\/\/www.autofoodpack.com\/vi\/product\/granule-packaging-machine-nut-peanut-puffed-food-white-granulated-sugar-automatic-filling-vertical-packaging-machine-1800-4800bags-hour-1\/","title":{"rendered":"M\u00e1y \u0111\u00f3ng g\u00f3i h\u1ea1t, \u0111\u1eadu ph\u1ed9ng, th\u1ef1c ph\u1ea9m ph\u1ed3ng t\u00f4m, \u0111\u01b0\u1eddng h\u1ea1t tr\u1eafng, m\u00e1y \u0111\u00f3ng g\u00f3i t\u1ef1 \u0111\u1ed9ng, 1800-4800 t\u00fai\/gi\u1edd"},"content":{"rendered":"<figure class=\"wp-block-embed is-type-video is-provider-youtube wp-block-embed-youtube wp-embed-aspect-16-9 wp-has-aspect-ratio\"><div class=\"wp-block-embed__wrapper\">\n<iframe loading=\"lazy\" title=\"M\u00e1y \u0111\u00f3ng g\u00f3i t\u1ef1 \u0111\u1ed9ng cho t\u00fai nh\u1ecf d\u1ea1ng \u0111\u1ee9ng, d\u00f9ng cho \u0111\u1ed3 \u0103n nh\u1eb9, h\u1ea1t \u0111i\u1ec1u, \u0111\u1eadu ph\u1ed9ng, m\u00e1y \u0111\u00f3ng g\u00f3i h\u1ea1t\" width=\"1290\" height=\"726\" src=\"https:\/\/www.youtube.com\/embed\/puBBhqKCMtc?feature=oembed\" frameborder=\"0\" allow=\"accelerometer; autoplay; clipboard-write; encrypted-media; gyroscope; picture-in-picture\" allowfullscreen><\/iframe>\n<\/div><\/figure>\n\n\n\n<h3 class=\"wp-block-heading\"><span style=\"color: var(--paletteColor8, #ffffff);background-color: #f34957\" class=\"stk-highlight\">Gi\u1edbi Thi\u1ec7u M\u00e1y<\/span><\/h3>\n\n\n\n<p>Mingkai MKV-CHG320 granular packaging machine is suitable for granular and small-scale packaging in food, chemical and other industries.<br>Such as: puffed granules, peanuts, popcorn,melon seeds, rice, pepper, sugar,salt, biscuits etc.<br>T\u00f9y theo nhu c\u1ea7u c\u1ee7a kh\u00e1ch h\u00e0ng, c\u00e1c lo\u1ea1i t\u00fai c\u00f3 th\u1ec3 thay \u0111\u1ed5i: ni\u00eam phong l\u01b0ng, ni\u00eam phong ba c\u1ea1nh, ni\u00eam phong b\u1ed1n c\u1ea1nh.<\/p>\n\n\n\n<figure class=\"wp-block-image size-full\"><img loading=\"lazy\" decoding=\"async\" width=\"750\" height=\"600\" src=\"https:\/\/www.autofoodpack.com\/wp-content\/uploads\/2022\/09\/\u4ea7\u54c1\u4ecb\u7ecd.jpg\" alt=\"\" class=\"wp-image-1613\" srcset=\"https:\/\/www.autofoodpack.com\/wp-content\/uploads\/2022\/09\/\u4ea7\u54c1\u4ecb\u7ecd.jpg 750w, https:\/\/www.autofoodpack.com\/wp-content\/uploads\/2022\/09\/\u4ea7\u54c1\u4ecb\u7ecd-300x240.jpg 300w, https:\/\/www.autofoodpack.com\/wp-content\/uploads\/2022\/09\/\u4ea7\u54c1\u4ecb\u7ecd-600x480.jpg 600w\" sizes=\"auto, (max-width: 750px) 100vw, 750px\" \/><\/figure>\n\n\n\n<figure class=\"wp-block-image size-full\"><img loading=\"lazy\" decoding=\"async\" width=\"742\" height=\"494\" src=\"https:\/\/www.autofoodpack.com\/wp-content\/uploads\/2022\/09\/\u53ef\u7528\u6750\u6599-1.jpg\" alt=\"\" class=\"wp-image-1633\" srcset=\"https:\/\/www.autofoodpack.com\/wp-content\/uploads\/2022\/09\/\u53ef\u7528\u6750\u6599-1.jpg 742w, https:\/\/www.autofoodpack.com\/wp-content\/uploads\/2022\/09\/\u53ef\u7528\u6750\u6599-1-300x200.jpg 300w, https:\/\/www.autofoodpack.com\/wp-content\/uploads\/2022\/09\/\u53ef\u7528\u6750\u6599-1-600x399.jpg 600w\" sizes=\"auto, (max-width: 742px) 100vw, 742px\" \/><\/figure>\n\n\n\n<h3 class=\"wp-block-heading\"><span style=\"color: var(--paletteColor8, #ffffff);background-color: #f34957\" class=\"stk-highlight\">Th\u00f4ng s\u1ed1 m\u00e1y<\/span><\/h3>\n\n\n\n<figure class=\"wp-block-table\"><table><tbody><tr><td><strong>\u0110\u1ecbnh l\u01b0\u1ee3ng<\/strong><\/td><td>Measuring cup<\/td><\/tr><tr><td><strong>H\u00ecnh d\u1ea1ng t\u00fai<\/strong><\/td><td>Ni\u00eam phong l\u01b0ng \/ Ni\u00eam phong 3 c\u1ea1nh \/ Ni\u00eam phong 4 c\u1ea1nh<\/td><\/tr><tr><td><strong>T\u1ed1c \u0111\u1ed9 \u0111\u00f3ng g\u00f3i<\/strong><\/td><td>10-120bags\/min<\/td><\/tr><tr><td><strong>Chi\u1ec1u r\u1ed9ng cu\u1ed9n<\/strong><\/td><td>T\u1ed1i \u0111a 320mm<\/td><\/tr><tr><td><strong>Chi\u1ec1u d\u00e0i t\u00fai<\/strong><\/td><td>50-200mm<\/td><\/tr><tr><td><strong>Chi\u1ec1u r\u1ed9ng t\u00fai<\/strong><\/td><td>25-140mm<\/td><\/tr><tr><td><strong>K\u00edch th\u01b0\u1edbc m\u00e1y<\/strong><\/td><td>L)1270<em>W)690<\/em>H)1670mm<\/td><\/tr><tr><td><strong>Tr\u1ecdng l\u01b0\u1ee3ng m\u00e1y<\/strong><\/td><td>\u2248200kg<\/td><\/tr><tr><td><strong>Ngu\u1ed3n \u0111i\u1ec7n<\/strong><\/td><td>220V, 50\/60HZ, 2.5KW<\/td><\/tr><tr><td><strong>Thi\u1ebft b\u1ecb t\u00f9y ch\u1ecdn<\/strong><\/td><td>Thi\u1ebft b\u1ecb b\u01a1m kh\u00ed, thi\u1ebft b\u1ecb \u0111\u1ee5c l\u1ed7, m\u00e1y in ng\u00e0y th\u00e1ng<\/td><\/tr><\/tbody><\/table><\/figure>\n\n\n\n<h3 class=\"wp-block-heading\"><span style=\"color: var(--paletteColor8, #ffffff);background-color: #f34957\" class=\"stk-highlight\">\u0110\u1eb7c t\u00ednh m\u00e1y<\/span><\/h3>\n\n\n\n<p>1.The section where the material contact is stainless steel as the body of machine is optional for complete orpartial stainless steel and all out equipments have passed the CE Standard.<br>2.High-sensitivity photoelectric color tracing and digital input of cutting position get more accuracy.<br>3.Embedded sealing , enhanced structure of heat sealing intelligent temperature controller and excellent heat balance make all kinds of packaging materials possible with good performance, low noise, clear cutting pattern and strong sealability.<br>4.Packaging speed and length of bags can be set to some extent without further adjustment and parts changing.<\/p>\n\n\n\n<h3 class=\"wp-block-heading\"><span style=\"color: var(--paletteColor8, #ffffff);background-color: #f34957\" class=\"stk-highlight\">Chi ti\u1ebft m\u00e1y<\/span><\/h3>\n\n\n\n<h5 class=\"wp-block-heading\">Trung t\u00e2m \u0111i\u1ec1u khi\u1ec3n m\u00e1y<\/h5>\n\n\n\n<p>Giao di\u1ec7n t\u01b0\u01a1ng t\u00e1c m\u00e1y. D\u1ec5 d\u00e0ng \u0111i\u1ec1u khi\u1ec3n v\u00e0 \u0111i\u1ec1u ch\u1ec9nh.<br>Ng\u00f4n ng\u1eef \u0111\u01b0\u1ee3c t\u00f9y ch\u1ec9nh theo y\u00eau c\u1ea7u c\u1ee5 th\u1ec3 c\u1ee7a kh\u00e1ch h\u00e0ng.<br>Thi\u1ebft b\u1ecb ki\u1ec3m so\u00e1t nhi\u1ec7t \u0111\u1ed9 \u0111\u1ed9c l\u1eadp cho t\u1eebng b\u1ed9 ph\u1eadn c\u1ee7a m\u00e1y, d\u1ec5 d\u00e0ng \u0111i\u1ec1u ch\u1ec9nh.<\/p>\n\n\n\n<figure class=\"wp-block-image size-full\"><img loading=\"lazy\" decoding=\"async\" width=\"750\" height=\"600\" src=\"https:\/\/www.autofoodpack.com\/wp-content\/uploads\/2022\/09\/\u673a\u5668\u7ec6\u8282\u63cf\u8ff0-1.jpg\" alt=\"\" class=\"wp-image-1618\" srcset=\"https:\/\/www.autofoodpack.com\/wp-content\/uploads\/2022\/09\/\u673a\u5668\u7ec6\u8282\u63cf\u8ff0-1.jpg 750w, https:\/\/www.autofoodpack.com\/wp-content\/uploads\/2022\/09\/\u673a\u5668\u7ec6\u8282\u63cf\u8ff0-1-300x240.jpg 300w, https:\/\/www.autofoodpack.com\/wp-content\/uploads\/2022\/09\/\u673a\u5668\u7ec6\u8282\u63cf\u8ff0-1-600x480.jpg 600w\" sizes=\"auto, (max-width: 750px) 100vw, 750px\" \/><\/figure>\n\n\n\n<h5 class=\"wp-block-heading\">Thi\u1ebft b\u1ecb c\u1ed1c \u0111ong<\/h5>\n\n\n\n<p>Adopt measuring cup filling device. Can be widely used in granules. The filling weight and filling speed of the pellets are adjusted by changing the measuring cup set.<br>\u0110\u1ed9 ch\u00ednh x\u00e1c c\u00f3 th\u1ec3 \u0111\u1ea1t t\u1edbi \u00b11%.<\/p>\n\n\n\n<figure class=\"wp-block-image size-full\"><img loading=\"lazy\" decoding=\"async\" width=\"750\" height=\"600\" src=\"https:\/\/www.autofoodpack.com\/wp-content\/uploads\/2022\/09\/\u673a\u5668\u7ec6\u8282\u63cf\u8ff0-2.jpg\" alt=\"\" class=\"wp-image-1619\" srcset=\"https:\/\/www.autofoodpack.com\/wp-content\/uploads\/2022\/09\/\u673a\u5668\u7ec6\u8282\u63cf\u8ff0-2.jpg 750w, https:\/\/www.autofoodpack.com\/wp-content\/uploads\/2022\/09\/\u673a\u5668\u7ec6\u8282\u63cf\u8ff0-2-300x240.jpg 300w, https:\/\/www.autofoodpack.com\/wp-content\/uploads\/2022\/09\/\u673a\u5668\u7ec6\u8282\u63cf\u8ff0-2-600x480.jpg 600w\" sizes=\"auto, (max-width: 750px) 100vw, 750px\" \/><\/figure>\n\n\n\n<h5 class=\"wp-block-heading\">Thi\u1ebft b\u1ecb t\u1ea1o t\u00fai<\/h5>\n\n\n\n<p>B\u1ed9 t\u1ea1o t\u00fai \u0111\u01b0\u1ee3c t\u00f9y ch\u1ec9nh theo k\u00edch th\u01b0\u1edbc bao b\u00ec s\u1ea3n ph\u1ea9m y\u00eau c\u1ea7u. N\u1ebfu b\u1ea1n c\u1ea7n s\u1eed d\u1ee5ng chi\u1ec1u r\u1ed9ng t\u00fai kh\u00e1c, b\u1ea1n ch\u1ec9 c\u1ea7n thay \u0111\u1ed5i, thao t\u00e1c r\u1ea5t \u0111\u01a1n gi\u1ea3n.<\/p>\n\n\n\n<figure class=\"wp-block-image size-full\"><img loading=\"lazy\" decoding=\"async\" width=\"750\" height=\"600\" src=\"https:\/\/www.autofoodpack.com\/wp-content\/uploads\/2022\/09\/\u673a\u5668\u7ec6\u8282\u63cf\u8ff0-3.jpg\" alt=\"\" class=\"wp-image-1620\" srcset=\"https:\/\/www.autofoodpack.com\/wp-content\/uploads\/2022\/09\/\u673a\u5668\u7ec6\u8282\u63cf\u8ff0-3.jpg 750w, https:\/\/www.autofoodpack.com\/wp-content\/uploads\/2022\/09\/\u673a\u5668\u7ec6\u8282\u63cf\u8ff0-3-300x240.jpg 300w, https:\/\/www.autofoodpack.com\/wp-content\/uploads\/2022\/09\/\u673a\u5668\u7ec6\u8282\u63cf\u8ff0-3-600x480.jpg 600w\" sizes=\"auto, (max-width: 750px) 100vw, 750px\" \/><\/figure>\n\n\n\n<h5 class=\"wp-block-heading\">Thi\u1ebft b\u1ecb h\u00e0n nhi\u1ec7t trung t\u00e2m<\/h5>\n\n\n\n<p>Th\u00f4ng qua vi\u1ec7c ki\u1ec3m so\u00e1t \u0111\u1ed9c l\u1eadp tr\u00ean thi\u1ebft b\u1ecb \u0111i\u1ec1u khi\u1ec3n nhi\u1ec7t \u0111\u1ed9, khi s\u1eed d\u1ee5ng c\u00e1c lo\u1ea1i v\u1eadt li\u1ec7u \u0111\u00f3ng g\u00f3i kh\u00e1c nhau, nhi\u1ec7t \u0111\u1ed9 c\u00f3 th\u1ec3 \u0111\u01b0\u1ee3c \u0111i\u1ec1u ch\u1ec9nh theo \u0111i\u1ec3m n\u00f3ng ch\u1ea3y c\u1ee7a v\u1eadt li\u1ec7u \u0111\u1ec3 \u0111\u1ea3m b\u1ea3o t\u00fai \u0111\u01b0\u1ee3c h\u00e0n k\u00edn t\u1ed1t.<\/p>\n\n\n\n<figure class=\"wp-block-image size-full\"><img loading=\"lazy\" decoding=\"async\" width=\"750\" height=\"600\" src=\"https:\/\/www.autofoodpack.com\/wp-content\/uploads\/2022\/09\/\u673a\u5668\u7ec6\u8282\u63cf\u8ff0-4.jpg\" alt=\"\" class=\"wp-image-1621\" srcset=\"https:\/\/www.autofoodpack.com\/wp-content\/uploads\/2022\/09\/\u673a\u5668\u7ec6\u8282\u63cf\u8ff0-4.jpg 750w, https:\/\/www.autofoodpack.com\/wp-content\/uploads\/2022\/09\/\u673a\u5668\u7ec6\u8282\u63cf\u8ff0-4-300x240.jpg 300w, https:\/\/www.autofoodpack.com\/wp-content\/uploads\/2022\/09\/\u673a\u5668\u7ec6\u8282\u63cf\u8ff0-4-600x480.jpg 600w\" sizes=\"auto, (max-width: 750px) 100vw, 750px\" \/><\/figure>\n\n\n\n<h5 class=\"wp-block-heading\">Thi\u1ebft b\u1ecb c\u1eaft t\u00fai h\u00e0n cu\u1ed1i<\/h5>\n\n\n\n<p>Thi\u1ebft b\u1ecb n\u00e0y c\u0169ng c\u00f3 b\u1ed9 \u0111i\u1ec1u khi\u1ec3n nhi\u1ec7t \u0111\u1ed9 \u0111\u1ed9c l\u1eadp \u0111\u1ec3 d\u1ec5 d\u00e0ng ki\u1ec3m so\u00e1t.<br>B\u1ed9 ph\u1eadn c\u1eaft c\u00f3 th\u1ec3 \u0111\u01b0\u1ee3c thay \u0111\u1ed5i \u0111\u1ec3 t\u1ea1o ra c\u00e1c ki\u1ec3u c\u1eaft kh\u00e1c nhau t\u00f9y theo y\u00eau c\u1ea7u.<br>C\u00e1c thi\u1ebft b\u1ecb \u0111\u1ee5c l\u1ed7 c\u0169ng c\u00f3 s\u1eb5n \u0111\u1ec3 mang l\u1ea1i s\u1ef1 \u0111a d\u1ea1ng cho s\u1ea3n ph\u1ea9m c\u1ee7a b\u1ea1n.<\/p>\n\n\n\n<h3 class=\"wp-block-heading\"><span style=\"color: var(--paletteColor8, #ffffff);background-color: #f34957\" class=\"stk-highlight\">T\u1ea1i sao ch\u1ecdn ch\u00fang t\u00f4i<\/span><\/h3>\n\n\n\n<figure class=\"wp-block-image size-full\"><img loading=\"lazy\" decoding=\"async\" width=\"750\" height=\"490\" src=\"https:\/\/www.autofoodpack.com\/wp-content\/uploads\/2022\/09\/\u516c\u53f8\u4ecb\u7ecd-1.jpg\" alt=\"\" class=\"wp-image-1636\" srcset=\"https:\/\/www.autofoodpack.com\/wp-content\/uploads\/2022\/09\/\u516c\u53f8\u4ecb\u7ecd-1.jpg 750w, https:\/\/www.autofoodpack.com\/wp-content\/uploads\/2022\/09\/\u516c\u53f8\u4ecb\u7ecd-1-300x196.jpg 300w, https:\/\/www.autofoodpack.com\/wp-content\/uploads\/2022\/09\/\u516c\u53f8\u4ecb\u7ecd-1-600x392.jpg 600w\" sizes=\"auto, (max-width: 750px) 100vw, 750px\" \/><\/figure>\n\n\n\n<h5 class=\"wp-block-heading\">H\u1ed3 s\u01a1 c\u00f4ng ty<\/h5>\n\n\n\n<p>Mingkai l\u00e0 nh\u00e0 s\u1ea3n xu\u1ea5t h\u00e0ng \u0111\u1ea7u v\u1ec1 m\u00e1y \u0111\u00f3ng g\u00f3i v\u00e0 c\u00e1c thi\u1ebft b\u1ecb h\u1ed7 tr\u1ee3, \u0111\u00e3 ph\u00e1t tri\u1ec3n th\u00e0nh c\u00f4ng h\u01a1n 80 lo\u1ea1i m\u00e1y \u0111\u00f3ng g\u00f3i. M\u00e1y \u0111\u00f3ng g\u00f3i Mingkai \u0111\u00e3 \u0111\u01b0\u1ee3c \u1ee9ng d\u1ee5ng r\u1ed9ng r\u00e3i trong c\u00e1c l\u0129nh v\u1ef1c kh\u00e1c nhau tr\u00ean to\u00e0n th\u1ebf gi\u1edbi, ch\u1eb3ng h\u1ea1n nh\u01b0 th\u1ef1c ph\u1ea9m\/th\u1ef1c ph\u1ea9m c\u00f4ng nghi\u1ec7p, thu\u1ed1c, \u0111\u1ed3 d\u00f9ng kh\u00e1ch s\u1ea1n, h\u00e0ng d\u00f9ng m\u1ed9t l\u1ea7n, h\u00e0ng cao su, thi\u1ebft b\u1ecb gia d\u1ee5ng h\u00e0ng ng\u00e0y, ph\u1ee5 ki\u1ec7n ph\u1ea7n c\u1ee9ng, h\u00e0ng th\u1ec3 thao, \u0111\u1ed3 ch\u01a1i, v.v.<\/p>\n\n\n\n<figure class=\"wp-block-image size-full\"><img loading=\"lazy\" decoding=\"async\" width=\"750\" height=\"979\" src=\"https:\/\/www.autofoodpack.com\/wp-content\/uploads\/2022\/09\/\u516c\u53f8\u7b80\u4ecb.jpg\" alt=\"\" class=\"wp-image-1615\" srcset=\"https:\/\/www.autofoodpack.com\/wp-content\/uploads\/2022\/09\/\u516c\u53f8\u7b80\u4ecb.jpg 750w, https:\/\/www.autofoodpack.com\/wp-content\/uploads\/2022\/09\/\u516c\u53f8\u7b80\u4ecb-300x392.jpg 300w, https:\/\/www.autofoodpack.com\/wp-content\/uploads\/2022\/09\/\u516c\u53f8\u7b80\u4ecb-600x783.jpg 600w\" sizes=\"auto, (max-width: 750px) 100vw, 750px\" \/><\/figure>\n\n\n\n<figure class=\"wp-block-image size-full\"><img loading=\"lazy\" decoding=\"async\" width=\"750\" height=\"325\" src=\"https:\/\/www.autofoodpack.com\/wp-content\/uploads\/2022\/09\/\u8bc1\u4e66.jpg\" alt=\"\" class=\"wp-image-1634\" srcset=\"https:\/\/www.autofoodpack.com\/wp-content\/uploads\/2022\/09\/\u8bc1\u4e66.jpg 750w, https:\/\/www.autofoodpack.com\/wp-content\/uploads\/2022\/09\/\u8bc1\u4e66-300x130.jpg 300w, https:\/\/www.autofoodpack.com\/wp-content\/uploads\/2022\/09\/\u8bc1\u4e66-600x260.jpg 600w\" sizes=\"auto, (max-width: 750px) 100vw, 750px\" \/><\/figure>\n\n\n\n<h5 class=\"wp-block-heading\">\u0110\u1ed9i ng\u0169 chuy\u00ean nghi\u1ec7p v\u00e0 m\u1ea1nh m\u1ebd<\/h5>\n\n\n\n<p>Mingkai c\u00f3 m\u1ed9t \u0111\u1ed9i ng\u0169 chuy\u00ean nghi\u1ec7p c\u00f3 th\u1ec3 cung c\u1ea5p cho kh\u00e1ch h\u00e0ng c\u00e1c gi\u1ea3i ph\u00e1p \u0111\u00f3ng g\u00f3i \u0111a d\u1ea1ng. Sau khi hi\u1ec3u \u0111\u1ea7y \u0111\u1ee7 nhu c\u1ea7u c\u1ee7a kh\u00e1ch h\u00e0ng, ch\u00fang t\u00f4i cung c\u1ea5p gi\u1ea3i ph\u00e1p \u0111\u00f3ng g\u00f3i ph\u00f9 h\u1ee3p nh\u1ea5t cho kh\u00e1ch h\u00e0ng.<br>Sau \u0111\u00f3 b\u1eaft \u0111\u1ea7u s\u1ea3n xu\u1ea5t m\u00e1y. Ch\u00fang t\u00f4i c\u00f3 n\u0103ng l\u1ef1c s\u1ea3n xu\u1ea5t v\u00e0 x\u1eed l\u00fd m\u1ea1nh m\u1ebd, t\u1eeb gia c\u00f4ng t\u00f9y ch\u1ec9nh c\u00e1c ph\u1ee5 ki\u1ec7n \u0111\u1ebfn l\u1eafp r\u00e1p v\u00e0 g\u1ee1 l\u1ed7i<br>m\u00e1y. Cu\u1ed1i c\u00f9ng, n\u00f3 \u0111\u01b0\u1ee3c \u0111\u00f3ng g\u00f3i v\u00e0 v\u1eadn chuy\u1ec3n, v\u00e0 ch\u1ec9 m\u1ea5t m\u1ed9t tu\u1ea7n \u0111\u1ec3 ho\u00e0n th\u00e0nh.<\/p>\n\n\n\n<figure class=\"wp-block-image size-full\"><img loading=\"lazy\" decoding=\"async\" width=\"750\" height=\"621\" src=\"https:\/\/www.autofoodpack.com\/wp-content\/uploads\/2022\/09\/\u4e13\u4e1a\u548c\u5f3a\u5927\u7684\u56e2\u961f.jpg\" alt=\"\" class=\"wp-image-1623\" srcset=\"https:\/\/www.autofoodpack.com\/wp-content\/uploads\/2022\/09\/\u4e13\u4e1a\u548c\u5f3a\u5927\u7684\u56e2\u961f.jpg 750w, https:\/\/www.autofoodpack.com\/wp-content\/uploads\/2022\/09\/\u4e13\u4e1a\u548c\u5f3a\u5927\u7684\u56e2\u961f-300x248.jpg 300w, https:\/\/www.autofoodpack.com\/wp-content\/uploads\/2022\/09\/\u4e13\u4e1a\u548c\u5f3a\u5927\u7684\u56e2\u961f-600x497.jpg 600w\" sizes=\"auto, (max-width: 750px) 100vw, 750px\" \/><\/figure>\n\n\n\n<h5 class=\"wp-block-heading\">D\u1ecbch v\u1ee5 h\u1eadu m\u00e3i k\u1ecbp th\u1eddi v\u00e0 hi\u1ec7u qu\u1ea3<\/h5>\n\n\n\n<p>Ch\u1ecdn ch\u00fang t\u00f4i kh\u00f4ng ch\u1ec9 l\u00e0 mua m\u1ed9t chi\u1ebfc m\u00e1y, m\u00e0 c\u00f2n l\u00e0 d\u1ecbch v\u1ee5 chuy\u00ean nghi\u1ec7p v\u00e0 k\u1ecbp th\u1eddi c\u1ee7a ch\u00fang t\u00f4i.<\/p>\n\n\n\n<ol class=\"wp-block-list\"><li>Khi m\u00e1y \u0111\u01b0\u1ee3c giao, ch\u00fang t\u00f4i s\u1ebd \u0111\u00ednh k\u00e8m video h\u01b0\u1edbng d\u1eabn l\u1eafp \u0111\u1eb7t v\u00e0 v\u1eadn h\u00e0nh m\u00e1y, \u0111\u1ec3 b\u1ea1n c\u00f3 th\u1ec3 s\u1eed d\u1ee5ng m\u00e1y nhanh ch\u00f3ng.<\/li><li>M\u1ed9t s\u1ed1 m\u00e1y c\u1ee7a ch\u00fang t\u00f4i c\u00f3 b\u1ea3o h\u00e0nh m\u1ed9t n\u0103m, v\u00e0 ch\u00fang t\u00f4i s\u1ebd thay th\u1ebf n\u1ebfu ch\u00fang b\u1ecb l\u1ed7i.<\/li><li>Khi m\u00e1y c\u1ee7a b\u1ea1n b\u1ecb l\u1ed7i, ch\u00fang t\u00f4i s\u1ebd c\u00f3 c\u00e1c k\u1ef9 s\u01b0 chuy\u00ean nghi\u1ec7p cung c\u1ea5p d\u1ecbch v\u1ee5 h\u1eadu m\u00e3i tr\u1ef1c tuy\u1ebfn chuy\u00ean nghi\u1ec7p \u0111\u1ec3 gi\u00fap b\u1ea1n gi\u1ea3i quy\u1ebft v\u1ea5n \u0111\u1ec1.<\/li><li>N\u1ebfu v\u1ea5n \u0111\u1ec1 kh\u00f4ng th\u1ec3 gi\u1ea3i quy\u1ebft tr\u1ef1c tuy\u1ebfn, ch\u00fang t\u00f4i s\u1ebd s\u1eafp x\u1ebfp k\u1ef9 s\u01b0 \u0111\u1ebfn s\u1eeda ch\u1eefa t\u1ea1i ch\u1ed7 trong v\u00f2ng m\u1ed9t tu\u1ea7n.<\/li><\/ol>\n\n\n\n<h5 class=\"wp-block-heading\">Ph\u1ea3n h\u1ed3i c\u1ee7a ng\u01b0\u1eddi mua<\/h5>\n\n\n\n<p>Ch\u00fang t\u00f4i c\u00f3 10 n\u0103m kinh nghi\u1ec7m trong th\u01b0\u01a1ng m\u1ea1i n\u01b0\u1edbc ngo\u00e0i v\u00e0 xu\u1ea5t kh\u1ea9u, v\u00e0 b\u00e2y gi\u1edd kh\u00e1ch h\u00e0ng c\u1ee7a ch\u00fang t\u00f4i \u0111\u00e3 tr\u1ea3i r\u1ed9ng tr\u00ean 90 qu\u1ed1c gia tr\u00ean to\u00e0n th\u1ebf gi\u1edbi.<br>V\u1edbi nh\u1eefng chi\u1ebfc m\u00e1y ch\u1ea5t l\u01b0\u1ee3ng cao v\u00e0 d\u1ecbch v\u1ee5 chuy\u00ean nghi\u1ec7p, ch\u00fang t\u00f4i \u0111\u00e3 nh\u1eadn \u0111\u01b0\u1ee3c s\u1ef1 ca ng\u1ee3i nh\u1ea5t tr\u00ed t\u1eeb kh\u00e1ch h\u00e0ng.<\/p>\n\n\n\n<h3 class=\"wp-block-heading\"><span style=\"color: var(--paletteColor8, #ffffff);background-color: #f34957\" class=\"stk-highlight\">C\u00e2u h\u1ecfi th\u01b0\u1eddng g\u1eb7p<\/span><\/h3>\n\n\n\n<p><strong><span style=\"color: #222222;background-color: var(--paletteColor5, #eaeaec)\" class=\"stk-highlight\">H\u1ecfi 1: B\u1ea1n c\u00f3 t\u00e0i li\u1ec7u h\u01b0\u1edbng d\u1eabn ho\u1eb7c video v\u1eadn h\u00e0nh \u0111\u1ec3 ch\u00fang t\u00f4i t\u00ecm hi\u1ec3u th\u00eam v\u1ec1 m\u00e1y kh\u00f4ng?<\/span><\/strong><br>V\u00e2ng, kh\u00f4ng ch\u1ec9 t\u00e0i li\u1ec7u h\u01b0\u1edbng d\u1eabn ho\u1eb7c video v\u1eadn h\u00e0nh, b\u1ea3n v\u1ebd 3D c\u0169ng c\u00f3 s\u1eb5n \u0111\u1ec3 l\u00e0m theo thi\u1ebft k\u1ebf c\u1ee7a b\u1ea1n, ngo\u00e0i ra video ch\u00fang t\u00f4i c\u00f3 th\u1ec3 l\u00e0m v\u1ec1 vi\u1ec7c ki\u1ec3m tra v\u1eadt li\u1ec7u t\u1eeb m\u00e1y \u0111\u00f3ng g\u00f3i c\u1ee7a ch\u00fang t\u00f4i n\u1ebfu h\u00e0ng h\u00f3a \u0111\u00f3ng g\u00f3i c\u1ee7a b\u1ea1n d\u1ec5 t\u00ecm th\u1ea5y h\u01a1n tr\u00ean th\u1ecb tr\u01b0\u1eddng \u0111\u1ecba ph\u01b0\u01a1ng c\u1ee7a ch\u00fang t\u00f4i.<br><strong><span style=\"color: #222222;background-color: var(--paletteColor5, #eaeaec)\" class=\"stk-highlight\">Q2:L\u00e0m th\u1ebf n\u00e0o t\u00f4i c\u00f3 th\u1ec3 tin t\u01b0\u1edfng qu\u00fd c\u00f4ng ty trong l\u1ea7n h\u1ee3p t\u00e1c \u0111\u1ea7u ti\u00ean?<\/span><\/strong><br>Xin l\u01b0u \u00fd gi\u1ea5y ph\u00e9p kinh doanh v\u00e0 ch\u1ee9ng ch\u1ec9 n\u00eau tr\u00ean c\u1ee7a ch\u00fang t\u00f4i. N\u1ebfu qu\u00fd v\u1ecb kh\u00f4ng tin t\u01b0\u1edfng ch\u00fang t\u00f4i, qu\u00fd v\u1ecb c\u00f3 th\u1ec3 \u0111\u1ebfn th\u0103m c\u00f4ng ty ch\u00fang t\u00f4i \u0111\u1ec3 t\u00ecm hi\u1ec3u v\u0103n h\u00f3a doanh nghi\u1ec7p, v.v., nh\u1eb1m \u0111\u1ea3m b\u1ea3o vi\u1ec7c giao h\u00e0ng v\u00e0 ch\u1ea5t l\u01b0\u1ee3ng m\u00e1y m\u00f3c c\u1ee7a qu\u00fd v\u1ecb \u0111\u01b0\u1ee3c k\u1ecbp th\u1eddi.<br><strong><span style=\"color: #222222;background-color: var(--paletteColor5, #eaeaec)\" class=\"stk-highlight\">Q3: L\u00e0m th\u1ebf n\u00e0o \u0111\u1ec3 ch\u1ecdn m\u00e1y?<\/span><\/strong><br>Vui l\u00f2ng li\u00ean h\u1ec7 Kathy theo s\u1ed1 +86 13715725813, email: Kathy@autofoodpack.com. Ch\u00fang t\u00f4i c\u00f3 th\u1ec3 h\u1ed7 tr\u1ee3 c\u00e1c lo\u1ea1i s\u1ea3n ph\u1ea9m (h\u1ea1t, l\u1ecfng, b\u1ed9t), k\u00edch th\u01b0\u1edbc s\u1ea3n ph\u1ea9m, h\u00ecnh d\u1ea1ng t\u00fai (m\u00e0ng cu\u1ed9n, t\u00fai l\u00e0m s\u1eb5n), tr\u1ecdng l\u01b0\u1ee3ng s\u1ea3n ph\u1ea9m (5g-5kg) v\u00e0 ch\u00fang t\u00f4i s\u1ebd \u0111\u1ec1 xu\u1ea5t model ph\u00f9 h\u1ee3p cho qu\u00fd v\u1ecb.<br><strong><span style=\"color: #222222;background-color: var(--paletteColor5, #eaeaec)\" class=\"stk-highlight\">Q4: L\u00e0m th\u1ebf n\u00e0o ch\u00fang ta c\u00f3 th\u1ec3 \u0111\u1ea3m b\u1ea3o ch\u1ea5t l\u01b0\u1ee3ng m\u00e1y sau khi \u0111\u1eb7t h\u00e0ng?<\/span><\/strong><br>Tr\u01b0\u1edbc khi giao h\u00e0ng, ch\u00fang t\u00f4i s\u1ebd g\u1eedi cho qu\u00fd v\u1ecb h\u00ecnh \u1ea3nh v\u00e0 video \u0111\u1ec3 ki\u1ec3m tra ch\u1ea5t l\u01b0\u1ee3ng, \u0111\u1ed3ng th\u1eddi qu\u00fd v\u1ecb c\u0169ng c\u00f3 th\u1ec3 t\u1ef1 s\u1eafp x\u1ebfp ki\u1ec3m tra ch\u1ea5t l\u01b0\u1ee3ng ho\u1eb7c nh\u1edd ng\u01b0\u1eddi li\u00ean h\u1ec7 c\u1ee7a qu\u00fd v\u1ecb t\u1ea1i Trung Qu\u1ed1c.<br><strong><span style=\"color: #222222;background-color: var(--paletteColor5, #eaeaec)\" class=\"stk-highlight\">Q5: N\u1ebfu ch\u00fang t\u00f4i c\u00f3 m\u1eabu s\u1ea3n ph\u1ea9m m\u1edbi, qu\u00fd v\u1ecb c\u00f3 th\u1ec3 gi\u00fap ph\u00e2n t\u00edch v\u00e0 thi\u1ebft k\u1ebf m\u00e1y kh\u00f4ng?<\/span><\/strong><br>V\u00e2ng, b\u1ed9 ph\u1eadn k\u1ef9 thu\u1eadt c\u1ee7a ch\u00fang t\u00f4i c\u00f3 th\u1ec3 h\u1ed7 tr\u1ee3 ph\u00e2n t\u00edch, thi\u1ebft k\u1ebf v\u00e0 th\u1eed nghi\u1ec7m c\u00e1c s\u1ea3n ph\u1ea9m m\u1edbi do qu\u00fd v\u1ecb cung c\u1ea5p.<\/p>\n\n\n\n<p><\/p>","protected":false},"excerpt":{"rendered":"<ol>\n<li>Inox 304 (b\u1ed9 ph\u1eadn ti\u1ebfp x\u00fac v\u1edbi th\u1ef1c ph\u1ea9m)<\/li>\n<li>Low price, labor saving<\/li>\n<li>Continuous 24-hour production<\/li>\n<li>Photoelectric eye tracking, more accurate packaging<\/li>\n<li>Round corner packaging effect<\/li>\n<li>Intelligent shielding control, Chinese and English operating system<\/li>\n<\/ol>","protected":false},"featured_media":1386,"comment_status":"open","ping_status":"closed","template":"","meta":[],"product_cat":[27],"product_tag":[183],"class_list":["post-1612","product","type-product","status-publish","has-post-thumbnail","hentry","product_cat-granular-packing-machine","product_tag-granule-packing-mahchine"],"featured_image_urls":{"full":["https:\/\/www.autofoodpack.com\/wp-content\/uploads\/2022\/08\/1-3.jpg",800,800,false],"thumbnail":["https:\/\/www.autofoodpack.com\/wp-content\/uploads\/2022\/08\/1-3.jpg",96,96,false],"medium":["https:\/\/www.autofoodpack.com\/wp-content\/uploads\/2022\/08\/1-3.jpg",800,800,false],"medium_large":["https:\/\/www.autofoodpack.com\/wp-content\/uploads\/2022\/08\/1-3-768x768.jpg",768,768,true],"large":["https:\/\/www.autofoodpack.com\/wp-content\/uploads\/2022\/08\/1-3.jpg",800,800,false],"1536x1536":["https:\/\/www.autofoodpack.com\/wp-content\/uploads\/2022\/08\/1-3.jpg",800,800,false],"2048x2048":["https:\/\/www.autofoodpack.com\/wp-content\/uploads\/2022\/08\/1-3.jpg",800,800,false],"trp-custom-language-flag":["https:\/\/www.autofoodpack.com\/wp-content\/uploads\/2022\/08\/1-3.jpg",12,12,false],"woocommerce_thumbnail":["https:\/\/www.autofoodpack.com\/wp-content\/uploads\/2022\/08\/1-3-300x300.jpg",300,300,true],"woocommerce_single":["https:\/\/www.autofoodpack.com\/wp-content\/uploads\/2022\/08\/1-3-600x600.jpg",600,600,true],"woocommerce_gallery_thumbnail":["https:\/\/www.autofoodpack.com\/wp-content\/uploads\/2022\/08\/1-3-100x100.jpg",100,100,true],"shop_catalog":["https:\/\/www.autofoodpack.com\/wp-content\/uploads\/2022\/08\/1-3-300x300.jpg",300,300,true],"shop_single":["https:\/\/www.autofoodpack.com\/wp-content\/uploads\/2022\/08\/1-3-600x600.jpg",600,600,true],"shop_thumbnail":["https:\/\/www.autofoodpack.com\/wp-content\/uploads\/2022\/08\/1-3-100x100.jpg",100,100,true]},"post_excerpt_stackable":"<ol>\n<li>304 stainless steel (part in contact with food)<\/li>\n<li>Low price, labor saving<\/li>\n<li>Continuous 24-hour production<\/li>\n<li>Photoelectric eye tracking, more accurate packaging<\/li>\n<li>Round corner packaging effect<\/li>\n<li>Intelligent shielding control, Chinese and English operating system<\/li>\n<\/ol>\n","category_list":"","author_info":{"name":"","url":""},"comments_num":"0 comments","_links":{"self":[{"href":"https:\/\/www.autofoodpack.com\/vi\/wp-json\/wp\/v2\/product\/1612","targetHints":{"allow":["GET"]}}],"collection":[{"href":"https:\/\/www.autofoodpack.com\/vi\/wp-json\/wp\/v2\/product"}],"about":[{"href":"https:\/\/www.autofoodpack.com\/vi\/wp-json\/wp\/v2\/types\/product"}],"replies":[{"embeddable":true,"href":"https:\/\/www.autofoodpack.com\/vi\/wp-json\/wp\/v2\/comments?post=1612"}],"wp:featuredmedia":[{"embeddable":true,"href":"https:\/\/www.autofoodpack.com\/vi\/wp-json\/wp\/v2\/media\/1386"}],"wp:attachment":[{"href":"https:\/\/www.autofoodpack.com\/vi\/wp-json\/wp\/v2\/media?parent=1612"}],"wp:term":[{"taxonomy":"product_cat","embeddable":true,"href":"https:\/\/www.autofoodpack.com\/vi\/wp-json\/wp\/v2\/product_cat?post=1612"},{"taxonomy":"product_tag","embeddable":true,"href":"https:\/\/www.autofoodpack.com\/vi\/wp-json\/wp\/v2\/product_tag?post=1612"}],"curies":[{"name":"WordPress","href":"https:\/\/api.w.org\/{rel}","templated":true}]}}